{"id":734974,"date":"2025-08-27T22:38:06","date_gmt":"2025-08-27T19:38:06","guid":{"rendered":"https:\/\/roveyayinevi.com.tr\/index.php\/urun\/sessiz-kilic-drizzt-efsanesi-11-kitap\/"},"modified":"2026-04-16T02:42:55","modified_gmt":"2026-04-15T23:42:55","slug":"sessiz-kilic-drizzt-efsanesi-11-kitap","status":"publish","type":"product","link":"https:\/\/roveyayinevi.com.tr\/index.php\/urun\/sessiz-kilic-drizzt-efsanesi-11-kitap\/","title":{"rendered":"Sessiz K\u0131l\u0131\u00e7 &#8211; Drizzt Efsanesi 11. Kitap"},"content":{"rendered":"<p>Kristal Par\u00e7as\u0131\u2019n\u0131 yok etmenin pe\u015finde olan Drizzt, rahip Cadderly\u2019yi aramaktad\u0131r. Ancak Kristal Par\u00e7as\u0131, kara elf Jarlaxle ile m\u00fcttefiki Artemis Entreri\u2019nin eline d\u00fc\u015ft\u00fc\u011f\u00fcnde Drizzt\u2019in en b\u00fcy\u00fck korkular\u0131 ger\u00e7ekle\u015fecektir.   Dost. Bu s\u00f6z\u00fcn manas\u0131n\u0131 s\u0131k s\u0131k d\u00fc\u015f\u00fcn\u00fcr\u00fcm. Dostluk \u00e7ok a\u00e7\u0131k bir kavramm\u0131\u015f gibi g\u00f6r\u00fcnmesine ra\u011fmen \u00e7o\u011funlukla son derece karma\u015f\u0131k bir h\u00e2l al\u0131r. Y\u00fcr\u00fcmesi i\u00e7in kendisine ait bir yolu oldu\u011funu bilip anlam\u0131\u015f olsam da Wulfgar\u2019\u0131 durdurmal\u0131 m\u0131yd\u0131m? Yoksa onunla m\u0131 gitmeliydim? Ya da d\u00f6rd\u00fcm\u00fcz birden onu g\u00f6lge gibi takip edip ona g\u00f6z kulak m\u0131 olmal\u0131yd\u0131k? <\/p>\n","protected":false},"excerpt":{"rendered":"<p>Kristal Par\u00e7as\u0131\u2019n\u0131 yok etmenin pe\u015finde olan Drizzt, rahip Cadderly\u2019yi aramaktad\u0131r. Ancak Kristal Par\u00e7as\u0131, kara elf Jarlaxle ile m\u00fcttefiki Artemis Entreri\u2019nin eline d\u00fc\u015ft\u00fc\u011f\u00fcnde Drizzt\u2019in en b\u00fcy\u00fck korkular\u0131<span class=\"excerpt-hellip\"> [\u2026]<\/span><\/p>\n","protected":false},"featured_media":0,"template":"","meta":{"_monsterinsights_skip_tracking":false,"_monsterinsights_sitenote_active":false,"_monsterinsights_sitenote_note":"","_monsterinsights_sitenote_category":0},"product_brand":[],"product_cat":[12291,14777],"product_tag":[],"class_list":{"0":"post-734974","1":"product","2":"type-product","3":"status-publish","5":"product_cat-edebiyat","6":"product_cat-fantastik","7":"pa_cilt-ciltsiz","8":"pa_tur-kitap","9":"pa_yayinevi-ithaki-yayinlari","10":"pa_yazar-r-a-salvatore","12":"first","13":"instock","14":"sale","15":"shipping-taxable","16":"purchasable","17":"product-type-simple"},"_links":{"self":[{"href":"https:\/\/roveyayinevi.com.tr\/index.php\/wp-json\/wp\/v2\/product\/734974","targetHints":{"allow":["GET"]}}],"collection":[{"href":"https:\/\/roveyayinevi.com.tr\/index.php\/wp-json\/wp\/v2\/product"}],"about":[{"href":"https:\/\/roveyayinevi.com.tr\/index.php\/wp-json\/wp\/v2\/types\/product"}],"wp:attachment":[{"href":"https:\/\/roveyayinevi.com.tr\/index.php\/wp-json\/wp\/v2\/media?parent=734974"}],"wp:term":[{"taxonomy":"product_brand","embeddable":true,"href":"https:\/\/roveyayinevi.com.tr\/index.php\/wp-json\/wp\/v2\/product_brand?post=734974"},{"taxonomy":"product_cat","embeddable":true,"href":"https:\/\/roveyayinevi.com.tr\/index.php\/wp-json\/wp\/v2\/product_cat?post=734974"},{"taxonomy":"product_tag","embeddable":true,"href":"https:\/\/roveyayinevi.com.tr\/index.php\/wp-json\/wp\/v2\/product_tag?post=734974"}],"curies":[{"name":"wp","href":"https:\/\/api.w.org\/{rel}","templated":true}]}}