{"id":734973,"date":"2025-08-27T22:38:04","date_gmt":"2025-08-27T19:38:04","guid":{"rendered":"https:\/\/roveyayinevi.com.tr\/index.php\/urun\/kisin-kahverengi-cocugu\/"},"modified":"2026-04-16T02:42:55","modified_gmt":"2026-04-15T23:42:55","slug":"kisin-kahverengi-cocugu","status":"publish","type":"product","link":"https:\/\/roveyayinevi.com.tr\/index.php\/urun\/kisin-kahverengi-cocugu\/","title":{"rendered":"K\u0131\u015f\u0131n Kahverengi \u00c7ocu\u011fu"},"content":{"rendered":"<p>annemi sorarsan\u0131z iyi, topuklar\u0131na kadar mavi kendini ikinci bir dile haz\u0131rl\u0131yor s\u0131\u011f\u0131rc\u0131klar yuva yaparken karn\u0131n\u0131n alt\u0131na kimsesiz bir da\u011f\u0131 \u00f6pmenin t\u00fcrk\u00e7esi \u015falvar\u0131n \u00fcst\u00fcne da\u011f\u0131lm\u0131\u015f renkler gibi kom\u015fular\u0131na da\u011f\u0131tt\u0131 b\u00fct\u00fcn kederini ve i\u00e7imizdeki kom\u015fu halklara \u00fcz\u00fcld\u00fc en \u00e7ok \u015fimdi herkes onu geceye eklenmi\u015f bir saat san\u0131yor b\u00fcy\u00fcd\u00fc tohum, uykuma kunduzlar u\u011frad\u0131 nereye ad\u0131m atsam, u\u00e7urum hep orada ba\u015flad\u0131 <\/p>\n","protected":false},"excerpt":{"rendered":"<p>annemi sorarsan\u0131z iyi, topuklar\u0131na kadar mavi kendini ikinci bir dile haz\u0131rl\u0131yor s\u0131\u011f\u0131rc\u0131klar yuva yaparken karn\u0131n\u0131n alt\u0131na kimsesiz bir da\u011f\u0131 \u00f6pmenin t\u00fcrk\u00e7esi \u015falvar\u0131n \u00fcst\u00fcne da\u011f\u0131lm\u0131\u015f renkler gibi<span class=\"excerpt-hellip\"> [\u2026]<\/span><\/p>\n","protected":false},"featured_media":0,"template":"","meta":{"_monsterinsights_skip_tracking":false,"_monsterinsights_sitenote_active":false,"_monsterinsights_sitenote_note":"","_monsterinsights_sitenote_category":0},"product_brand":[],"product_cat":[12291,12509],"product_tag":[],"class_list":{"0":"post-734973","1":"product","2":"type-product","3":"status-publish","5":"product_cat-edebiyat","6":"product_cat-siir","7":"pa_cilt-ciltsiz","8":"pa_tur-kitap","9":"pa_yayinevi-ithaki-yayinlari","10":"pa_yazar-gokhan-arslan","12":"first","13":"instock","14":"sale","15":"shipping-taxable","16":"purchasable","17":"product-type-simple"},"_links":{"self":[{"href":"https:\/\/roveyayinevi.com.tr\/index.php\/wp-json\/wp\/v2\/product\/734973","targetHints":{"allow":["GET"]}}],"collection":[{"href":"https:\/\/roveyayinevi.com.tr\/index.php\/wp-json\/wp\/v2\/product"}],"about":[{"href":"https:\/\/roveyayinevi.com.tr\/index.php\/wp-json\/wp\/v2\/types\/product"}],"wp:attachment":[{"href":"https:\/\/roveyayinevi.com.tr\/index.php\/wp-json\/wp\/v2\/media?parent=734973"}],"wp:term":[{"taxonomy":"product_brand","embeddable":true,"href":"https:\/\/roveyayinevi.com.tr\/index.php\/wp-json\/wp\/v2\/product_brand?post=734973"},{"taxonomy":"product_cat","embeddable":true,"href":"https:\/\/roveyayinevi.com.tr\/index.php\/wp-json\/wp\/v2\/product_cat?post=734973"},{"taxonomy":"product_tag","embeddable":true,"href":"https:\/\/roveyayinevi.com.tr\/index.php\/wp-json\/wp\/v2\/product_tag?post=734973"}],"curies":[{"name":"wp","href":"https:\/\/api.w.org\/{rel}","templated":true}]}}