{"id":734971,"date":"2025-08-27T22:38:02","date_gmt":"2025-08-27T19:38:02","guid":{"rendered":"https:\/\/roveyayinevi.com.tr\/index.php\/urun\/ask-i-melun\/"},"modified":"2026-04-16T02:42:55","modified_gmt":"2026-04-15T23:42:55","slug":"ask-i-melun","status":"publish","type":"product","link":"https:\/\/roveyayinevi.com.tr\/index.php\/urun\/ask-i-melun\/","title":{"rendered":"A\u015fk-\u0131 Melun"},"content":{"rendered":"<p>Kalp ger\u00e7ekte ne i\u00e7in atar, beynimizin loblar\u0131 ne ile dolup ta\u015f\u0131yor, A\u015fk normal mi yoksa Psikozun bir ba\u015fka safhas\u0131 m\u0131? Sahi A\u015fk nedir?   Sevgi, seks, cinsellik, k\u0131skan\u00e7l\u0131k, evlilik, ayr\u0131l\u0131k, yaln\u0131zl\u0131k, aldatma, aldanma, fl\u00f6rt, kur, efektif al\u0131\u015f ve efektif sat\u0131\u015f \u00fczerine (!) birbirinden apacayip, comic, trajikomik, fantastik ve dramatik 57 \u00e7izgi \u00f6yk\u00fc ile; \u00c7izgili Anti A\u015fk Hik\u00e2yeleri. <\/p>\n","protected":false},"excerpt":{"rendered":"<p>Kalp ger\u00e7ekte ne i\u00e7in atar, beynimizin loblar\u0131 ne ile dolup ta\u015f\u0131yor, A\u015fk normal mi yoksa Psikozun bir ba\u015fka safhas\u0131 m\u0131? Sahi A\u015fk nedir? Sevgi, seks, cinsellik,<span class=\"excerpt-hellip\"> [\u2026]<\/span><\/p>\n","protected":false},"featured_media":0,"template":"","meta":{"_monsterinsights_skip_tracking":false,"_monsterinsights_sitenote_active":false,"_monsterinsights_sitenote_note":"","_monsterinsights_sitenote_category":0},"product_brand":[],"product_cat":[12416,12291],"product_tag":[],"class_list":{"0":"post-734971","1":"product","2":"type-product","3":"status-publish","5":"product_cat-cizgi-roman","6":"product_cat-edebiyat","7":"pa_cilt-ciltsiz","8":"pa_tur-kitap","9":"pa_yayinevi-ithaki-yayinlari","10":"pa_yazar-kenan-yarar","12":"first","13":"instock","14":"sale","15":"shipping-taxable","16":"purchasable","17":"product-type-simple"},"_links":{"self":[{"href":"https:\/\/roveyayinevi.com.tr\/index.php\/wp-json\/wp\/v2\/product\/734971","targetHints":{"allow":["GET"]}}],"collection":[{"href":"https:\/\/roveyayinevi.com.tr\/index.php\/wp-json\/wp\/v2\/product"}],"about":[{"href":"https:\/\/roveyayinevi.com.tr\/index.php\/wp-json\/wp\/v2\/types\/product"}],"wp:attachment":[{"href":"https:\/\/roveyayinevi.com.tr\/index.php\/wp-json\/wp\/v2\/media?parent=734971"}],"wp:term":[{"taxonomy":"product_brand","embeddable":true,"href":"https:\/\/roveyayinevi.com.tr\/index.php\/wp-json\/wp\/v2\/product_brand?post=734971"},{"taxonomy":"product_cat","embeddable":true,"href":"https:\/\/roveyayinevi.com.tr\/index.php\/wp-json\/wp\/v2\/product_cat?post=734971"},{"taxonomy":"product_tag","embeddable":true,"href":"https:\/\/roveyayinevi.com.tr\/index.php\/wp-json\/wp\/v2\/product_tag?post=734971"}],"curies":[{"name":"wp","href":"https:\/\/api.w.org\/{rel}","templated":true}]}}