{"id":734970,"date":"2025-08-27T22:38:01","date_gmt":"2025-08-27T19:38:01","guid":{"rendered":"https:\/\/roveyayinevi.com.tr\/index.php\/urun\/celik-magaralar-robot-serisi-1-kitap\/"},"modified":"2026-04-16T02:42:55","modified_gmt":"2026-04-15T23:42:55","slug":"celik-magaralar-robot-serisi-1-kitap","status":"publish","type":"product","link":"https:\/\/roveyayinevi.com.tr\/index.php\/urun\/celik-magaralar-robot-serisi-1-kitap\/","title":{"rendered":"\u00c7elik Ma\u011faralar &#8211; Robot Serisi 1. Kitap"},"content":{"rendered":"<p>\u0130lk olarak 1953 y\u0131l\u0131nda, Galaxy Magazine\u2019de tefrika edilen \u00c7elik Ma\u011faralar\u2019\u0131 yazarken Isaac Asimov\u2019un akl\u0131nda bilimkurgunun tek ba\u015f\u0131na s\u0131n\u0131rl\u0131 bir t\u00fcr olmad\u0131\u011f\u0131, edebiyat\u0131n her t\u00fcr\u00fcne uygulanabilece\u011fi fikri vard\u0131. D\u00f6nemin pop\u00fcler t\u00fcrlerinden olan dedektif \u00f6yk\u00fcleri ile bilimkurguyu ba\u015far\u0131yla birle\u015ftirerek t\u00fcre farkl\u0131 kap\u0131lar\u0131 a\u00e7t\u0131. Vak\u0131f serisinden birka\u00e7 y\u0131l sonra yay\u0131mlanan ve Galaktik \u0130mparatorluk\u2019un y\u00fckseli\u015fi, \u00e7\u00f6k\u00fc\u015f\u00fc ve onu izleyen iki Vak\u0131f\u2019\u0131n kurulmas\u0131yla sonu\u00e7lanan uzak gelece\u011fin binlerce y\u0131l \u00f6ncesini anlatan, Asimov\u2019un kompleks evreninin di\u011fer par\u00e7as\u0131 Robot Serisi b\u00f6ylece \u015fekillenmeye ba\u015flad\u0131.   Gelecekte, bildi\u011fimiz d\u00fcnyan\u0131n yakla\u015f\u0131k \u00fc\u00e7 milenyum sonras\u0131nda, insanl\u0131\u011f\u0131n gidi\u015fat\u0131n\u0131 de\u011fi\u015ftiren iki ilerleme ya\u015fanm\u0131\u015ft\u0131: galaksinin kolonizasyonu ve yapay zek\u00e2n\u0131n y\u00fckseli\u015fi. A\u015f\u0131r\u0131 n\u00fcfuslu D\u00fcnya\u2019da geride b\u0131rak\u0131lm\u0131\u015f bir\u00e7ok insan gibi New York\u2019ta dedektiflik yapan Elijah Baley de ne kibirli uzayc\u0131lar\u0131 ne de onlar\u0131n robot dostlar\u0131n\u0131 seviyordu. Ama \u00f6nemli bir Uzayc\u0131, gizemli bir cinayete kurban gitmi\u015fti ve Baley\u2019nin katili bulmas\u0131 kendi gezegeninin kaderi i\u00e7in \u00f6nemliydi. Bu davadaki orta\u011f\u0131 R. Daneel Olivaw ise bir robottu. <\/p>\n","protected":false},"excerpt":{"rendered":"<p>\u0130lk olarak 1953 y\u0131l\u0131nda, Galaxy Magazine\u2019de tefrika edilen \u00c7elik Ma\u011faralar\u2019\u0131 yazarken Isaac Asimov\u2019un akl\u0131nda bilimkurgunun tek ba\u015f\u0131na s\u0131n\u0131rl\u0131 bir t\u00fcr olmad\u0131\u011f\u0131, edebiyat\u0131n her t\u00fcr\u00fcne uygulanabilece\u011fi fikri<span class=\"excerpt-hellip\"> [\u2026]<\/span><\/p>\n","protected":false},"featured_media":0,"template":"","meta":{"_monsterinsights_skip_tracking":false,"_monsterinsights_sitenote_active":false,"_monsterinsights_sitenote_note":"","_monsterinsights_sitenote_category":0},"product_brand":[],"product_cat":[12540,12291],"product_tag":[],"class_list":{"0":"post-734970","1":"product","2":"type-product","3":"status-publish","5":"product_cat-bilim-kurgu","6":"product_cat-edebiyat","7":"pa_cilt-ciltsiz","8":"pa_tur-kitap","9":"pa_yayinevi-ithaki-yayinlari","10":"pa_yazar-isaac-asimov","12":"first","13":"instock","14":"sale","15":"shipping-taxable","16":"purchasable","17":"product-type-simple"},"_links":{"self":[{"href":"https:\/\/roveyayinevi.com.tr\/index.php\/wp-json\/wp\/v2\/product\/734970","targetHints":{"allow":["GET"]}}],"collection":[{"href":"https:\/\/roveyayinevi.com.tr\/index.php\/wp-json\/wp\/v2\/product"}],"about":[{"href":"https:\/\/roveyayinevi.com.tr\/index.php\/wp-json\/wp\/v2\/types\/product"}],"wp:attachment":[{"href":"https:\/\/roveyayinevi.com.tr\/index.php\/wp-json\/wp\/v2\/media?parent=734970"}],"wp:term":[{"taxonomy":"product_brand","embeddable":true,"href":"https:\/\/roveyayinevi.com.tr\/index.php\/wp-json\/wp\/v2\/product_brand?post=734970"},{"taxonomy":"product_cat","embeddable":true,"href":"https:\/\/roveyayinevi.com.tr\/index.php\/wp-json\/wp\/v2\/product_cat?post=734970"},{"taxonomy":"product_tag","embeddable":true,"href":"https:\/\/roveyayinevi.com.tr\/index.php\/wp-json\/wp\/v2\/product_tag?post=734970"}],"curies":[{"name":"wp","href":"https:\/\/api.w.org\/{rel}","templated":true}]}}