{"id":734969,"date":"2025-08-27T22:37:59","date_gmt":"2025-08-27T19:37:59","guid":{"rendered":"https:\/\/roveyayinevi.com.tr\/index.php\/urun\/devbocek\/"},"modified":"2026-04-16T02:42:55","modified_gmt":"2026-04-15T23:42:55","slug":"devbocek","status":"publish","type":"product","link":"https:\/\/roveyayinevi.com.tr\/index.php\/urun\/devbocek\/","title":{"rendered":"Devb\u00f6cek"},"content":{"rendered":"<p>D\u00fcnya genelinde on iki ya\u015f\u0131ndan k\u00fc\u00e7\u00fck mucitler aras\u0131nda en iyisi olan Sally Tinker, yeni bir icat pe\u015finde! Boyutland\u0131rat\u00f6r ad\u0131n\u0131 verdi\u011fi yeni aletiyle herhangi bir nesneyi istedi\u011fi kadar b\u00fcy\u00fct\u00fcp k\u00fc\u00e7\u00fcltebiliyor! Fakat kazara bir bokb\u00f6ce\u011fini devasa boyutlara getirdi\u011finde, b\u00fcy\u00fck bir problemle kar\u015f\u0131 kar\u015f\u0131ya kal\u0131yor! Acaba Sally ve yan\u0131ndakiler, ya\u015fad\u0131klar\u0131 \u015fehri, bokb\u00f6ce\u011finin yapt\u0131\u011f\u0131 devasa bir top taraf\u0131ndan ezilmekten kurtarabilecekler mi? Sally Tinker A. \u015e.\u2019nin \u00e7\u0131lg\u0131n fikirlerle ba\u015f\u0131na i\u015f a\u00e7madan duramayan kurucusu Sally Tinker\u2019\u0131n heyecan dolu ikinci maceras\u0131na siz de kat\u0131l\u0131n!<\/p>\n","protected":false},"excerpt":{"rendered":"<p>D\u00fcnya genelinde on iki ya\u015f\u0131ndan k\u00fc\u00e7\u00fck mucitler aras\u0131nda en iyisi olan Sally Tinker, yeni bir icat pe\u015finde! Boyutland\u0131rat\u00f6r ad\u0131n\u0131 verdi\u011fi yeni aletiyle herhangi bir nesneyi istedi\u011fi<span class=\"excerpt-hellip\"> [\u2026]<\/span><\/p>\n","protected":false},"featured_media":0,"template":"","meta":{"_monsterinsights_skip_tracking":false,"_monsterinsights_sitenote_active":false,"_monsterinsights_sitenote_note":"","_monsterinsights_sitenote_category":0},"product_brand":[],"product_cat":[12275,12274],"product_tag":[],"class_list":{"0":"post-734969","1":"product","2":"type-product","3":"status-publish","5":"product_cat-6-12-yas-kitaplari","6":"product_cat-cocuk-ve-genclik-kitaplari","7":"pa_cilt-ciltsiz","8":"pa_tur-kitap","9":"pa_yayinevi-ithaki-yayinlari","10":"pa_yazar-james-foley","12":"first","13":"instock","14":"sale","15":"shipping-taxable","16":"purchasable","17":"product-type-simple"},"_links":{"self":[{"href":"https:\/\/roveyayinevi.com.tr\/index.php\/wp-json\/wp\/v2\/product\/734969","targetHints":{"allow":["GET"]}}],"collection":[{"href":"https:\/\/roveyayinevi.com.tr\/index.php\/wp-json\/wp\/v2\/product"}],"about":[{"href":"https:\/\/roveyayinevi.com.tr\/index.php\/wp-json\/wp\/v2\/types\/product"}],"wp:attachment":[{"href":"https:\/\/roveyayinevi.com.tr\/index.php\/wp-json\/wp\/v2\/media?parent=734969"}],"wp:term":[{"taxonomy":"product_brand","embeddable":true,"href":"https:\/\/roveyayinevi.com.tr\/index.php\/wp-json\/wp\/v2\/product_brand?post=734969"},{"taxonomy":"product_cat","embeddable":true,"href":"https:\/\/roveyayinevi.com.tr\/index.php\/wp-json\/wp\/v2\/product_cat?post=734969"},{"taxonomy":"product_tag","embeddable":true,"href":"https:\/\/roveyayinevi.com.tr\/index.php\/wp-json\/wp\/v2\/product_tag?post=734969"}],"curies":[{"name":"wp","href":"https:\/\/api.w.org\/{rel}","templated":true}]}}