{"id":734968,"date":"2025-08-27T22:37:58","date_gmt":"2025-08-27T19:37:58","guid":{"rendered":"https:\/\/roveyayinevi.com.tr\/index.php\/urun\/fisilti-adam\/"},"modified":"2026-04-16T02:42:55","modified_gmt":"2026-04-15T23:42:55","slug":"fisilti-adam","status":"publish","type":"product","link":"https:\/\/roveyayinevi.com.tr\/index.php\/urun\/fisilti-adam\/","title":{"rendered":"F\u0131s\u0131lt\u0131 Adam"},"content":{"rendered":"<p>\u201cSON ON YILIN EN \u0130Y\u0130 GER\u0130L\u0130M ROMANI.\u201d -Steve CavanaghGOODREADS EN \u0130Y\u0130 GER\u0130L\u0130M K\u0130TABI ADAYI Kar\u0131s\u0131n\u0131n ani \u00f6l\u00fcm\u00fcnden sonra Tom Kennedy\u2019nin t\u00fcm hayat\u0131 yerle bir olmu\u015ftur. Yeni bir ba\u015flang\u0131c\u0131n kendisine ve k\u00fc\u00e7\u00fck o\u011flu Jake\u2019e iyi gelece\u011fine inan\u0131r. Yeni bir hayat, yeni bir ev, yeni bir \u015fehir\u2026 Ancak ta\u015f\u0131nd\u0131klar\u0131 Featherbank kasabas\u0131n\u0131n karanl\u0131k bir ge\u00e7mi\u015fi vard\u0131r: Yirmi y\u0131l \u00f6nce, bir seri katil be\u015f ki\u015fiyi ka\u00e7\u0131r\u0131p \u00f6ld\u00fcrm\u00fc\u015ft\u00fcr. Frank Carter yakalanana kadar, hik\u00e2yesi gazeteleri etkisi alt\u0131na alm\u0131\u015f, gece vakti kurbanlar\u0131n\u0131 pencerelerinden f\u0131s\u0131ldayarak tuza\u011fa d\u00fc\u015f\u00fcrd\u00fc\u011f\u00fc i\u00e7in ona \u201cF\u0131s\u0131lt\u0131 Adam\u201d lakab\u0131 tak\u0131lm\u0131\u015ft\u0131r. Seneler sonra, Tom ve Jake\u2019in yeni evlerine yerle\u015ftikleri s\u0131rada bir \u00e7ocuk ortadan kaybolur. Frank Carter\u2019\u0131n cinayetleriyle \u00fcrk\u00fct\u00fcc\u00fc bir benzerlik ta\u015f\u0131yan bu olayla birlikte eski s\u00f6ylentiler yeniden alevlenir. Ve sonra Jake tuhaf davranmaya ba\u015flar\u2026 Alex North, babalar ve o\u011fullar\u0131n\u0131n y\u00fcrek burkan ili\u015fkisini, birka\u00e7 nesle yayarak k\u00fc\u00e7\u00fck bir kasabada avlanan bir seri katil ve onu yakalamak i\u00e7in y\u00fcr\u00fct\u00fclen soru\u015fturman\u0131n merkezine oturtuyor. \u0130lmek ilmek \u00f6r\u00fclm\u00fc\u015f karanl\u0131k ve s\u00fcr\u00fckleyici bir gerilim.<\/p>\n","protected":false},"excerpt":{"rendered":"<p>\u201cSON ON YILIN EN \u0130Y\u0130 GER\u0130L\u0130M ROMANI.\u201d -Steve CavanaghGOODREADS EN \u0130Y\u0130 GER\u0130L\u0130M K\u0130TABI ADAYI Kar\u0131s\u0131n\u0131n ani \u00f6l\u00fcm\u00fcnden sonra Tom Kennedy\u2019nin t\u00fcm hayat\u0131 yerle bir olmu\u015ftur. Yeni<span class=\"excerpt-hellip\"> [\u2026]<\/span><\/p>\n","protected":false},"featured_media":0,"template":"","meta":{"_monsterinsights_skip_tracking":false,"_monsterinsights_sitenote_active":false,"_monsterinsights_sitenote_note":"","_monsterinsights_sitenote_category":0},"product_brand":[],"product_cat":[12291,12711],"product_tag":[],"class_list":{"0":"post-734968","1":"product","2":"type-product","3":"status-publish","5":"product_cat-edebiyat","6":"product_cat-roman-oyku","7":"pa_cilt-ciltsiz","8":"pa_tur-kitap","9":"pa_yayinevi-epsilon-yayinlari","10":"pa_yazar-alex-north","12":"first","13":"instock","14":"sale","15":"shipping-taxable","16":"purchasable","17":"product-type-simple"},"_links":{"self":[{"href":"https:\/\/roveyayinevi.com.tr\/index.php\/wp-json\/wp\/v2\/product\/734968","targetHints":{"allow":["GET"]}}],"collection":[{"href":"https:\/\/roveyayinevi.com.tr\/index.php\/wp-json\/wp\/v2\/product"}],"about":[{"href":"https:\/\/roveyayinevi.com.tr\/index.php\/wp-json\/wp\/v2\/types\/product"}],"wp:attachment":[{"href":"https:\/\/roveyayinevi.com.tr\/index.php\/wp-json\/wp\/v2\/media?parent=734968"}],"wp:term":[{"taxonomy":"product_brand","embeddable":true,"href":"https:\/\/roveyayinevi.com.tr\/index.php\/wp-json\/wp\/v2\/product_brand?post=734968"},{"taxonomy":"product_cat","embeddable":true,"href":"https:\/\/roveyayinevi.com.tr\/index.php\/wp-json\/wp\/v2\/product_cat?post=734968"},{"taxonomy":"product_tag","embeddable":true,"href":"https:\/\/roveyayinevi.com.tr\/index.php\/wp-json\/wp\/v2\/product_tag?post=734968"}],"curies":[{"name":"wp","href":"https:\/\/api.w.org\/{rel}","templated":true}]}}