{"id":734966,"date":"2025-08-27T22:37:56","date_gmt":"2025-08-27T19:37:56","guid":{"rendered":"https:\/\/roveyayinevi.com.tr\/index.php\/urun\/harika-guzel-yarinlar\/"},"modified":"2026-04-16T02:42:55","modified_gmt":"2026-04-15T23:42:55","slug":"harika-guzel-yarinlar","status":"publish","type":"product","link":"https:\/\/roveyayinevi.com.tr\/index.php\/urun\/harika-guzel-yarinlar\/","title":{"rendered":"Harika G\u00fczel Yar\u0131nlar"},"content":{"rendered":"<p>Wumpuslar pek iyi sava\u015fam\u0131yordu. De\u011ferlendirme i\u015fine yarayan insans\u0131z ara\u00e7lard\u0131 onlar, avc\u0131-katil robotlara benzemiyorlard\u0131. Ana sald\u0131r\u0131 y\u00f6ntemleri de benim onlar\u0131 ezebildi\u011fimden daha h\u0131zl\u0131 bir \u015fekilde y\u0131k\u0131nt\u0131 binalardan kendi kopyalar\u0131n\u0131 yaratmakt\u0131. Pek spor say\u0131lm\u0131yorlard\u0131 ger\u00e7i ama olsun&#8230;   Disney d\u00fcnyas\u0131n\u0131n h\u00e2kim oldu\u011fu bir gelecek&#8230; Bu d\u00fcnyada insan-\u00f6tesi bir \u00e7ocuk olan Jimmy Yensid\u2019in evi wumpus adl\u0131 makineler taraf\u0131ndan yok edilir. K\u0131rba\u00e7 gibi dokuna\u00e7lar\u0131n\u0131n ucundaki a\u011f\u0131zlarla her t\u00fcrl\u00fc varl\u0131\u011f\u0131 \u00f6\u011f\u00fct\u00fcp topra\u011fa \u00e7eviren devasa makinelerdir bunlar. Jimmy ka\u00e7mak zorunda kal\u0131r ya\u015fad\u0131\u011f\u0131 yerden. Hayatta kalmak kadar bir ba\u015fka amac\u0131 daha vard\u0131r: \u00f6l\u00fcms\u00fczl\u00fc\u011f\u00fcne \u00e7are bulmak. Jimmy\u2019yi \u00e7\u0131kt\u0131\u011f\u0131 bu yolda yeni maceralar, eski dostlar ve alternatif bir gelecek bekliyordur&#8230;   CORY DOCTOROW 1971 Kanada do\u011fumlu bilim kurgu yazar\u0131, aktivist, gazeteci ve blog yazar\u0131d\u0131r. Kurgu d\u0131\u015f\u0131, gen\u00e7lik ve yeti\u015fkinlere y\u00f6nelik kitaplar\u0131 da bulunan Doctorow, Elektronik S\u0131n\u0131rlar Vakf\u0131 \u00fcyelerindendir ve Birle\u015fik Krall\u0131k A\u00e7\u0131k Telif Haklar\u0131 Grubu e\u015f kurucusudur. Boing Boing isimli \u00fcnl\u00fc web g\u00fcnl\u00fc\u011f\u00fc e\u015f edit\u00f6rlerinden de olan Doctorow, Los Angeles\u2019ta ya\u015famaktad\u0131r.<\/p>\n","protected":false},"excerpt":{"rendered":"<p>Wumpuslar pek iyi sava\u015fam\u0131yordu. De\u011ferlendirme i\u015fine yarayan insans\u0131z ara\u00e7lard\u0131 onlar, avc\u0131-katil robotlara benzemiyorlard\u0131. Ana sald\u0131r\u0131 y\u00f6ntemleri de benim onlar\u0131 ezebildi\u011fimden daha h\u0131zl\u0131 bir \u015fekilde y\u0131k\u0131nt\u0131 binalardan<span class=\"excerpt-hellip\"> [\u2026]<\/span><\/p>\n","protected":false},"featured_media":0,"template":"","meta":{"_monsterinsights_skip_tracking":false,"_monsterinsights_sitenote_active":false,"_monsterinsights_sitenote_note":"","_monsterinsights_sitenote_category":0},"product_brand":[],"product_cat":[12540,12291],"product_tag":[],"class_list":{"0":"post-734966","1":"product","2":"type-product","3":"status-publish","5":"product_cat-bilim-kurgu","6":"product_cat-edebiyat","7":"pa_cilt-ciltsiz","8":"pa_tur-kitap","9":"pa_yayinevi-ayrinti-yayinlari","10":"pa_yazar-cory-doctorow","12":"first","13":"instock","14":"sale","15":"shipping-taxable","16":"purchasable","17":"product-type-simple"},"_links":{"self":[{"href":"https:\/\/roveyayinevi.com.tr\/index.php\/wp-json\/wp\/v2\/product\/734966","targetHints":{"allow":["GET"]}}],"collection":[{"href":"https:\/\/roveyayinevi.com.tr\/index.php\/wp-json\/wp\/v2\/product"}],"about":[{"href":"https:\/\/roveyayinevi.com.tr\/index.php\/wp-json\/wp\/v2\/types\/product"}],"wp:attachment":[{"href":"https:\/\/roveyayinevi.com.tr\/index.php\/wp-json\/wp\/v2\/media?parent=734966"}],"wp:term":[{"taxonomy":"product_brand","embeddable":true,"href":"https:\/\/roveyayinevi.com.tr\/index.php\/wp-json\/wp\/v2\/product_brand?post=734966"},{"taxonomy":"product_cat","embeddable":true,"href":"https:\/\/roveyayinevi.com.tr\/index.php\/wp-json\/wp\/v2\/product_cat?post=734966"},{"taxonomy":"product_tag","embeddable":true,"href":"https:\/\/roveyayinevi.com.tr\/index.php\/wp-json\/wp\/v2\/product_tag?post=734966"}],"curies":[{"name":"wp","href":"https:\/\/api.w.org\/{rel}","templated":true}]}}