{"id":734964,"date":"2025-08-27T22:37:54","date_gmt":"2025-08-27T19:37:54","guid":{"rendered":"https:\/\/roveyayinevi.com.tr\/index.php\/urun\/mahkumlarin-safagi\/"},"modified":"2026-04-16T02:42:55","modified_gmt":"2026-04-15T23:42:55","slug":"mahkumlarin-safagi","status":"publish","type":"product","link":"https:\/\/roveyayinevi.com.tr\/index.php\/urun\/mahkumlarin-safagi\/","title":{"rendered":"Mahkumlar\u0131n \u015eafa\u011f\u0131"},"content":{"rendered":"<p>Kar\u0131ncalar\u0131n G\u00fcnbat\u0131m\u0131, Yaln\u0131zlar, Meteliksiz \u00c2\u015f\u0131klar romanlar\u0131 nihayet T\u00fcrk\u00e7ede de b\u00fcy\u00fck bir heyecanla okunan Zaven Biberyan\u2019\u0131n \u00f6zya\u015fam\u00f6yk\u00fcs\u00fc, bir yazar\u0131n ya\u015fam\u0131n\u0131 ve ya\u015fad\u0131\u011f\u0131 zaman\u0131 en d\u00fcr\u00fcst, en \u00e7\u0131plak, en hakiki haliyle yans\u0131t\u0131yor. 1921 do\u011fumlu Biberyan\u2019\u0131n 100. do\u011fum y\u0131ld\u00f6n\u00fcm\u00fcnde yay\u0131mlanan Mahk\u00fbmlar\u0131n \u015eafa\u011f\u0131, Biberyan\u2019\u0131n \u00f6mr\u00fcn\u00fcn ilk yirmi be\u015f y\u0131l\u0131na, \u00e7ocuklu\u011funa, gen\u00e7li\u011fine, 1930\u2019lar\u0131n ve 40\u2019lar\u0131n siyasi ve k\u00fclt\u00fcrel ortam\u0131na dair e\u015fsiz bir tan\u0131kl\u0131k. \u0130stanbul\u2019da ya\u015fama dair ayr\u0131nt\u0131lar ve insanlar, hatta toplumlar aras\u0131ndaki ili\u015fkilerin tasviri bak\u0131m\u0131ndan olduk\u00e7a zengin olan bu anlat\u0131, yaz\u0131yla ve edebiyatla daha \u00e7ocuk ya\u015fta tan\u0131\u015fan Biberyan\u2019\u0131n usta bir yazara d\u00f6n\u00fc\u015fme ser\u00fcvenini de g\u00f6r\u00fcn\u00fcr k\u0131l\u0131yor. T\u00fcrkiyeli bir Ermeni yurtta\u015f olarak maruz kald\u0131\u011f\u0131 ayr\u0131mc\u0131l\u0131\u011f\u0131n, \u00f6zellikle \u0130kinci D\u00fcnya Sava\u015f\u0131 s\u0131ras\u0131nda y\u0131llar s\u00fcren Naf\u0131a askerli\u011fi esnas\u0131nda \u00e7ekti\u011fi \u0131st\u0131rab\u0131n, sonras\u0131nda Ermeni ve sol kimlikleri nedeniyle u\u011frad\u0131\u011f\u0131 kovu\u015fturmalar\u0131n hayat\u0131na, ruhuna nas\u0131l damga vurdu\u011funu ayr\u0131nt\u0131larla anlatt\u0131\u011f\u0131 b\u00f6l\u00fcmler de, bu ac\u0131lar\u0131n Biberyan taraf\u0131ndan nas\u0131l i\u015flenerek edebiyat yoluyla benzersiz birer kara inciye d\u00f6n\u00fc\u015ft\u00fc\u011f\u00fcn\u00fc d\u00fc\u015f\u00fcnd\u00fcr\u00fcyor. Mahk\u00fbmlar\u0131n \u015eafa\u011f\u0131\u2019n\u0131, edebiyat\u0131na hayran oldu\u011fumuz yazar\u0131m\u0131z\u0131n i\u00e7 d\u00fcnyas\u0131na, o \u00e7ok katmanl\u0131 d\u00fcnyan\u0131n kilitli kap\u0131lar\u0131na a\u00e7\u0131lan bir k\u0131lavuz kitap olarak b\u00fcy\u00fck bir sevin\u00e7le takdim ediyoruz. <\/p>\n","protected":false},"excerpt":{"rendered":"<p>Kar\u0131ncalar\u0131n G\u00fcnbat\u0131m\u0131, Yaln\u0131zlar, Meteliksiz \u00c2\u015f\u0131klar romanlar\u0131 nihayet T\u00fcrk\u00e7ede de b\u00fcy\u00fck bir heyecanla okunan Zaven Biberyan\u2019\u0131n \u00f6zya\u015fam\u00f6yk\u00fcs\u00fc, bir yazar\u0131n ya\u015fam\u0131n\u0131 ve ya\u015fad\u0131\u011f\u0131 zaman\u0131 en d\u00fcr\u00fcst, en \u00e7\u0131plak,<span class=\"excerpt-hellip\"> [\u2026]<\/span><\/p>\n","protected":false},"featured_media":0,"template":"","meta":{"_monsterinsights_skip_tracking":false,"_monsterinsights_sitenote_active":false,"_monsterinsights_sitenote_note":"","_monsterinsights_sitenote_category":0},"product_brand":[],"product_cat":[18545,12291],"product_tag":[],"class_list":{"0":"post-734964","1":"product","2":"type-product","3":"status-publish","5":"product_cat-anlati","6":"product_cat-edebiyat","7":"pa_cilt-ciltsiz","8":"pa_tur-kitap","9":"pa_yayinevi-aras-yayinlari","10":"pa_yazar-zaven-biberyan","12":"first","13":"instock","14":"sale","15":"shipping-taxable","16":"purchasable","17":"product-type-simple"},"_links":{"self":[{"href":"https:\/\/roveyayinevi.com.tr\/index.php\/wp-json\/wp\/v2\/product\/734964","targetHints":{"allow":["GET"]}}],"collection":[{"href":"https:\/\/roveyayinevi.com.tr\/index.php\/wp-json\/wp\/v2\/product"}],"about":[{"href":"https:\/\/roveyayinevi.com.tr\/index.php\/wp-json\/wp\/v2\/types\/product"}],"wp:attachment":[{"href":"https:\/\/roveyayinevi.com.tr\/index.php\/wp-json\/wp\/v2\/media?parent=734964"}],"wp:term":[{"taxonomy":"product_brand","embeddable":true,"href":"https:\/\/roveyayinevi.com.tr\/index.php\/wp-json\/wp\/v2\/product_brand?post=734964"},{"taxonomy":"product_cat","embeddable":true,"href":"https:\/\/roveyayinevi.com.tr\/index.php\/wp-json\/wp\/v2\/product_cat?post=734964"},{"taxonomy":"product_tag","embeddable":true,"href":"https:\/\/roveyayinevi.com.tr\/index.php\/wp-json\/wp\/v2\/product_tag?post=734964"}],"curies":[{"name":"wp","href":"https:\/\/api.w.org\/{rel}","templated":true}]}}