{"id":734963,"date":"2025-08-27T22:37:53","date_gmt":"2025-08-27T19:37:53","guid":{"rendered":"https:\/\/roveyayinevi.com.tr\/index.php\/urun\/dusunme-etigi\/"},"modified":"2026-04-16T02:42:55","modified_gmt":"2026-04-15T23:42:55","slug":"dusunme-etigi","status":"publish","type":"product","link":"https:\/\/roveyayinevi.com.tr\/index.php\/urun\/dusunme-etigi\/","title":{"rendered":"D\u00fc\u015f\u00fcnme Eti\u011fi"},"content":{"rendered":"<p>\u201cD\u00fcnyay\u0131 sadece \u00e7a\u011fda\u015flar\u0131m\u0131zla de\u011fil bizden sonrakilerle de payla\u015f\u0131yoruz ve onu ya\u015fanabilir bir yer olarak in\u015fa etmek, korumak ve gelece\u011fe b\u0131rakmak sorumlulu\u011fumuz var,\u201d diyor Fatmag\u00fcl Berktay. \u201cD\u00fcnya sevgisi, ona ihtimam g\u00f6sterme, \u00f6zg\u00fcrl\u00fck a\u015fk\u0131 gibi kavramlar politik etkinli\u011fin temelini olu\u015ftururlar. E\u011fer ki\u015fi politikayla ilgiliyse veya politika teorisiyle u\u011fra\u015f\u0131yorsa neredeyse otomatik olarak bu de\u011ferlerle ilgilenmek ve se\u00e7imler yapmak zorunda kal\u0131r. Politik teorinin de\u011feri, do\u011frulanabilir \u00f6ng\u00f6r\u00fclerde veya kesinli\u011fi kendinden menkul yarg\u0131larda bulunmas\u0131nda de\u011fil, ortak d\u00fcnyay\u0131 anlamaya \u00e7al\u0131\u015farak, de\u011ferlendirerek, yorumlayarak siyasal ya\u015fama anlaml\u0131 bi\u00e7imde bilgi sa\u011flamas\u0131nda yatar.\u201d Bu kitaptaki yaz\u0131lar, verili kavramlar\u0131 ve varsay\u0131mlar\u0131 sorgulayarak, onlar\u0131 ele\u015ftirel akl\u0131n s\u00fczgecinden ge\u00e7irerek \u201czihnimizi geni\u015fletme\u201d \u00e7a\u011fr\u0131s\u0131 yap\u0131yor. \u201cYeni ili\u015fkiler, yeni ba\u011flar kurabilmek, yeni ba\u015flang\u0131\u00e7lar yapabilmek\u201d i\u00e7in sadece bilgiye eri\u015fmeyi de\u011fil, bu d\u00fcnyada nas\u0131l ya\u015fanaca\u011f\u0131n\u0131, ba\u015fkalar\u0131yla nas\u0131l etik bir ili\u015fki kurulaca\u011f\u0131n\u0131 da mesele edinmemiz gerekti\u011fini s\u00f6yl\u00fcyor. \u201cHasm\u0131 ne pahas\u0131na olursa olsun mat etme\u201d iste\u011finin tekbenci ve tahakk\u00fcmc\u00fc bir tutum oldu\u011funu, politik eylemin ancak \u00e7o\u011fulluk olgusunu payla\u015fan insanlar aras\u0131nda ger\u00e7ekle\u015febilece\u011fini hat\u0131rlatarak, tahakk\u00fcme kar\u015f\u0131 \u00e7\u0131kmaya \u00e7al\u0131\u015fan herkesi d\u00fc\u015f\u00fcnmeyi se\u00e7meye, sayg\u0131l\u0131 ve d\u00fcr\u00fcst bir ortak d\u00fc\u015f\u00fcnme s\u00fcrecine davet ediyor. <\/p>\n","protected":false},"excerpt":{"rendered":"<p>\u201cD\u00fcnyay\u0131 sadece \u00e7a\u011fda\u015flar\u0131m\u0131zla de\u011fil bizden sonrakilerle de payla\u015f\u0131yoruz ve onu ya\u015fanabilir bir yer olarak in\u015fa etmek, korumak ve gelece\u011fe b\u0131rakmak sorumlulu\u011fumuz var,\u201d diyor Fatmag\u00fcl Berktay. \u201cD\u00fcnya<span class=\"excerpt-hellip\"> [\u2026]<\/span><\/p>\n","protected":false},"featured_media":0,"template":"","meta":{"_monsterinsights_skip_tracking":false,"_monsterinsights_sitenote_active":false,"_monsterinsights_sitenote_note":"","_monsterinsights_sitenote_category":0},"product_brand":[],"product_cat":[20351,12388],"product_tag":[],"class_list":{"0":"post-734963","1":"product","2":"type-product","3":"status-publish","5":"product_cat-dusunce","6":"product_cat-felsefe","7":"pa_cilt-ciltsiz","8":"pa_tur-kitap","9":"pa_yayinevi-metis-yayinlari","10":"pa_yazar-fatmagul-berktay","12":"first","13":"instock","14":"sale","15":"shipping-taxable","16":"purchasable","17":"product-type-simple"},"_links":{"self":[{"href":"https:\/\/roveyayinevi.com.tr\/index.php\/wp-json\/wp\/v2\/product\/734963","targetHints":{"allow":["GET"]}}],"collection":[{"href":"https:\/\/roveyayinevi.com.tr\/index.php\/wp-json\/wp\/v2\/product"}],"about":[{"href":"https:\/\/roveyayinevi.com.tr\/index.php\/wp-json\/wp\/v2\/types\/product"}],"wp:attachment":[{"href":"https:\/\/roveyayinevi.com.tr\/index.php\/wp-json\/wp\/v2\/media?parent=734963"}],"wp:term":[{"taxonomy":"product_brand","embeddable":true,"href":"https:\/\/roveyayinevi.com.tr\/index.php\/wp-json\/wp\/v2\/product_brand?post=734963"},{"taxonomy":"product_cat","embeddable":true,"href":"https:\/\/roveyayinevi.com.tr\/index.php\/wp-json\/wp\/v2\/product_cat?post=734963"},{"taxonomy":"product_tag","embeddable":true,"href":"https:\/\/roveyayinevi.com.tr\/index.php\/wp-json\/wp\/v2\/product_tag?post=734963"}],"curies":[{"name":"wp","href":"https:\/\/api.w.org\/{rel}","templated":true}]}}