{"id":734962,"date":"2025-08-27T22:37:52","date_gmt":"2025-08-27T19:37:52","guid":{"rendered":"https:\/\/roveyayinevi.com.tr\/index.php\/urun\/edebiyatin-ulusu-ulusun-edebiyati\/"},"modified":"2026-04-16T02:42:55","modified_gmt":"2026-04-15T23:42:55","slug":"edebiyatin-ulusu-ulusun-edebiyati","status":"publish","type":"product","link":"https:\/\/roveyayinevi.com.tr\/index.php\/urun\/edebiyatin-ulusu-ulusun-edebiyati\/","title":{"rendered":"Edebiyat\u0131n Ulusu Ulusun Edebiyat\u0131"},"content":{"rendered":"<p>Edebiyat\u0131n Ulusu, Ulusun Edebiyat\u0131, Ziya G\u00f6kalp\u2019in betimlemesinden ald\u0131\u011f\u0131 ilhamla 1923-1938 y\u0131llar\u0131 aras\u0131nda yay\u0131mlanm\u0131\u015f romanlar\u0131n T\u00fcrk ulusunun in\u015fas\u0131 do\u011frultusunda y\u00fcklendi\u011fi rolleri bir yandan ulus in\u015fas\u0131na dair kuramsal tart\u0131\u015fmalar di\u011fer yandan roman\u0131n modernle\u015fme ve milliyet\u00e7ilikle olan karma\u015f\u0131k ili\u015fkisi \u0131\u015f\u0131\u011f\u0131nda ele al\u0131yor. Bir \u201chayali cemaat\u201d olarak T\u00fcrk ulusunun yayg\u0131nla\u015fmas\u0131nda, bireyler i\u00e7in kurgulanan bir kimli\u011fin okura ula\u015fmas\u0131nda ve milliyet\u00e7ili\u011fe ili\u015fkin fikirlerin kitleselle\u015fmesinde pay sahibi olan eserleri ayn\u0131 zamanda edebi olan politiktir iddias\u0131n\u0131n dayanaklar\u0131 olarak tart\u0131\u015f\u0131yor. Kadir Dede, romanlarda yer bulan \u201cbiz\u201d ve \u201c\u00f6teki\u201d kategorilerine kim ya da ne oldu\u011funu bilmeyen bir kitleye \u201cT\u00fcrk\u201d oldu\u011funu g\u00f6stermenin bir arac\u0131 olarak yakla\u015f\u0131rken, metinlerin nihai olarak ulus in\u015fa s\u00fcre\u00e7lerinin kritik ancak g\u00f6lgede kalan bir boyutuna katk\u0131 sa\u011flad\u0131\u011f\u0131n\u0131; bir hakikat etkisi yaratacak bir bi\u00e7imde ulusun k\u00f6kenini olu\u015fturan \u201chik\u00e2ye\u201dyi v\u00fccuda getirdi\u011fini ortaya koyuyor. <\/p>\n","protected":false},"excerpt":{"rendered":"<p>Edebiyat\u0131n Ulusu, Ulusun Edebiyat\u0131, Ziya G\u00f6kalp\u2019in betimlemesinden ald\u0131\u011f\u0131 ilhamla 1923-1938 y\u0131llar\u0131 aras\u0131nda yay\u0131mlanm\u0131\u015f romanlar\u0131n T\u00fcrk ulusunun in\u015fas\u0131 do\u011frultusunda y\u00fcklendi\u011fi rolleri bir yandan ulus in\u015fas\u0131na dair kuramsal<span class=\"excerpt-hellip\"> [\u2026]<\/span><\/p>\n","protected":false},"featured_media":0,"template":"","meta":{"_monsterinsights_skip_tracking":false,"_monsterinsights_sitenote_active":false,"_monsterinsights_sitenote_note":"","_monsterinsights_sitenote_category":0},"product_brand":[],"product_cat":[13072,12291],"product_tag":[],"class_list":{"0":"post-734962","1":"product","2":"type-product","3":"status-publish","5":"product_cat-arastirma-inceleme-referans","6":"product_cat-edebiyat","7":"pa_cilt-ciltsiz","8":"pa_tur-kitap","9":"pa_yayinevi-nika-yayinevi","10":"pa_yazar-kadir-dede","12":"first","13":"instock","14":"sale","15":"shipping-taxable","16":"purchasable","17":"product-type-simple"},"_links":{"self":[{"href":"https:\/\/roveyayinevi.com.tr\/index.php\/wp-json\/wp\/v2\/product\/734962","targetHints":{"allow":["GET"]}}],"collection":[{"href":"https:\/\/roveyayinevi.com.tr\/index.php\/wp-json\/wp\/v2\/product"}],"about":[{"href":"https:\/\/roveyayinevi.com.tr\/index.php\/wp-json\/wp\/v2\/types\/product"}],"wp:attachment":[{"href":"https:\/\/roveyayinevi.com.tr\/index.php\/wp-json\/wp\/v2\/media?parent=734962"}],"wp:term":[{"taxonomy":"product_brand","embeddable":true,"href":"https:\/\/roveyayinevi.com.tr\/index.php\/wp-json\/wp\/v2\/product_brand?post=734962"},{"taxonomy":"product_cat","embeddable":true,"href":"https:\/\/roveyayinevi.com.tr\/index.php\/wp-json\/wp\/v2\/product_cat?post=734962"},{"taxonomy":"product_tag","embeddable":true,"href":"https:\/\/roveyayinevi.com.tr\/index.php\/wp-json\/wp\/v2\/product_tag?post=734962"}],"curies":[{"name":"wp","href":"https:\/\/api.w.org\/{rel}","templated":true}]}}