{"id":734961,"date":"2025-08-27T22:37:51","date_gmt":"2025-08-27T19:37:51","guid":{"rendered":"https:\/\/roveyayinevi.com.tr\/index.php\/urun\/kavramsal-ritimler\/"},"modified":"2026-04-16T02:42:55","modified_gmt":"2026-04-15T23:42:55","slug":"kavramsal-ritimler","status":"publish","type":"product","link":"https:\/\/roveyayinevi.com.tr\/index.php\/urun\/kavramsal-ritimler\/","title":{"rendered":"Kavramsal Ritimler"},"content":{"rendered":"<p>Felsefe edebiyat\u0131n yerini alamaz; edebiyat da felsefenin yerini tutamaz. Edebiyat bir \u015fey yapar, etkileri vard\u0131r; baz\u0131 sonu\u00e7lar do\u011furur, felsefe bu sonu\u00e7lar\u0131n ne oldu\u011funu, b\u00f6ylelikle edebiyat\u0131n ne oldu\u011funu anlamak ve a\u00e7\u0131klamak ister. Fakat asl\u0131nda bu, felsefenin daima \u00f6n\u00fcnde duran zor bir meseledir. Zira edebiyat\u0131n sonsuz evreninde hep ke\u015ffedilecek ba\u015fka yollar, anla\u015f\u0131lmay\u0131 bekleyen ba\u015fka sonu\u00e7lar var olacakt\u0131r. \u0130nsana dair kavranabilir ve hissedilebilir olan\u0131 arayan bu iki faaliyet aras\u0131ndaki ba\u011flar, her zaman kavramlar\u0131n g\u00fcc\u00fcyle ele\u015ftirel bir bi\u00e7imde tart\u0131\u015f\u0131lmay\u0131 bekleyecektir.Elinizdeki derlemede, edebiyat ile felsefe aras\u0131ndaki ili\u015fkiler filozoflar\u0131n edebiyata yakla\u015f\u0131rken kulland\u0131klar\u0131 kavramlar merkeze al\u0131narak tart\u0131\u015fmaya a\u00e7\u0131lmaktad\u0131r. Derlemede bir araya getirilen metinler, filozoflar\u0131n edebiyata y\u00f6nelik tutumlar\u0131n\u0131n ne oldu\u011funu, kendi d\u00fc\u015f\u00fcnceleriyle edebiyat aras\u0131nda nas\u0131l bir ba\u011f kurduklar\u0131n\u0131 ve bu ba\u011f\u0131n genel olarak felsefe ile edebiyata y\u00f6nelik kavray\u0131\u015flar\u0131 ya da kabulleri ne \u015fekilde de\u011fi\u015ftirdi\u011fini g\u00f6stermektedir. Edebi \u00dcretim Teorisi: Macherey ve Edebiyatta Spinozac\u0131l\u0131k  \u00d6MER K\u00dc\u00c7\u00dcK \u2022 D\u0131\u015far\u0131 Do\u011fru: Edebiyat\u0131n Varl\u0131\u011f\u0131 \u00dczerine Bir Deneme  SERCAN \u00c7ALCI \u2022 Okuman\u0131n Parodisi: Metnin Niyetine Kar\u015f\u0131 Bildi\u011fini Okumak BURCU CANAR \u2022 Min\u00f6r Edebiyat Tamamlanmam\u0131\u015f Bir Kavram m\u0131?: Alternatif Bir Deleuze-Guattari Okumas\u0131  HAKAN Y\u00dcCEFER \u2022 S\u0131r Tut(ul)an Edebiyat: Derrida, S\u0131r ve Edebiyat  P. BURCU YALIM \u2022 G\u00f6r\u00fcnmeyenler ve Duyulmayanlar: Spivak\u2019ta Entelekt\u00fcelin Konumsall\u0131\u011f\u0131 ve Madunun Tekilli\u011fi EMRE KOYUNCU \u2022 Edebiyat\u0131n Siyaseti: Ba\u015fka Bir Ger\u00e7eklikte Bulunmak MUSTAFA DEM\u0130RTA\u015e \u2022 Edebiyat ve Melankoli: Mai ve Siyah\u2019ta Semiyotik \u0130\u015faretler  U\u011eUR ERMEZ ve \u00d6ZG\u00dcR TABURO\u011eLU \u2022 Anlat\u0131daki Ba\u015fkaya Ba\u011flanma Sanat\u0131: Edebi Kom\u00fcnizm ZEL\u0130HA D\u0130\u015e\u00c7\u0130 \u2022 Plastisite: Yaz\u0131dan Sonra Varl\u0131\u011f\u0131n \u015eemas\u0131  Y\u00dcCE AYDO\u011eAN <\/p>\n","protected":false},"excerpt":{"rendered":"<p>Felsefe edebiyat\u0131n yerini alamaz; edebiyat da felsefenin yerini tutamaz. Edebiyat bir \u015fey yapar, etkileri vard\u0131r; baz\u0131 sonu\u00e7lar do\u011furur, felsefe bu sonu\u00e7lar\u0131n ne oldu\u011funu, b\u00f6ylelikle edebiyat\u0131n ne<span class=\"excerpt-hellip\"> [\u2026]<\/span><\/p>\n","protected":false},"featured_media":0,"template":"","meta":{"_monsterinsights_skip_tracking":false,"_monsterinsights_sitenote_active":false,"_monsterinsights_sitenote_note":"","_monsterinsights_sitenote_category":0},"product_brand":[],"product_cat":[12389,12388],"product_tag":[],"class_list":{"0":"post-734961","1":"product","2":"type-product","3":"status-publish","5":"product_cat-diger-felsefe","6":"product_cat-felsefe","7":"pa_cilt-ciltsiz","8":"pa_tur-kitap","9":"pa_yayinevi-nika-yayinevi","10":"pa_yazar-mustafa-demirtas","12":"first","13":"instock","14":"sale","15":"shipping-taxable","16":"purchasable","17":"product-type-simple"},"_links":{"self":[{"href":"https:\/\/roveyayinevi.com.tr\/index.php\/wp-json\/wp\/v2\/product\/734961","targetHints":{"allow":["GET"]}}],"collection":[{"href":"https:\/\/roveyayinevi.com.tr\/index.php\/wp-json\/wp\/v2\/product"}],"about":[{"href":"https:\/\/roveyayinevi.com.tr\/index.php\/wp-json\/wp\/v2\/types\/product"}],"wp:attachment":[{"href":"https:\/\/roveyayinevi.com.tr\/index.php\/wp-json\/wp\/v2\/media?parent=734961"}],"wp:term":[{"taxonomy":"product_brand","embeddable":true,"href":"https:\/\/roveyayinevi.com.tr\/index.php\/wp-json\/wp\/v2\/product_brand?post=734961"},{"taxonomy":"product_cat","embeddable":true,"href":"https:\/\/roveyayinevi.com.tr\/index.php\/wp-json\/wp\/v2\/product_cat?post=734961"},{"taxonomy":"product_tag","embeddable":true,"href":"https:\/\/roveyayinevi.com.tr\/index.php\/wp-json\/wp\/v2\/product_tag?post=734961"}],"curies":[{"name":"wp","href":"https:\/\/api.w.org\/{rel}","templated":true}]}}