{"id":734960,"date":"2025-08-27T22:37:50","date_gmt":"2025-08-27T19:37:50","guid":{"rendered":"https:\/\/roveyayinevi.com.tr\/index.php\/urun\/gozluklu-karga\/"},"modified":"2026-04-16T02:42:55","modified_gmt":"2026-04-15T23:42:55","slug":"gozluklu-karga","status":"publish","type":"product","link":"https:\/\/roveyayinevi.com.tr\/index.php\/urun\/gozluklu-karga\/","title":{"rendered":"G\u00f6zl\u00fckl\u00fc Karga"},"content":{"rendered":"<p>Kargalarla dost olan Asu\u2019nun hik\u00e2yesini okuduktan sonra, g\u00f6ky\u00fcz\u00fcne bamba\u015fka g\u00f6zlerle bakacaks\u0131n\u0131z\u2026   G\u00f6kte u\u00e7an ku\u015flara hi\u00e7 dikkat ettiniz mi? Onlar\u0131n davran\u0131\u015flar\u0131n\u0131 g\u00f6zlediniz mi? Onlarla dost olmay\u0131 denediniz mi?   G\u00fcrsel Korat\u2019\u0131n yazd\u0131\u011f\u0131 G\u00f6zl\u00fckl\u00fc Karga\u2019ya \u00d6zge T\u0131\u011fl\u0131 Ta\u015fl\u0131\u2019n\u0131n resimleri e\u015flik ediyor. <\/p>\n","protected":false},"excerpt":{"rendered":"<p>Kargalarla dost olan Asu\u2019nun hik\u00e2yesini okuduktan sonra, g\u00f6ky\u00fcz\u00fcne bamba\u015fka g\u00f6zlerle bakacaks\u0131n\u0131z\u2026 G\u00f6kte u\u00e7an ku\u015flara hi\u00e7 dikkat ettiniz mi? Onlar\u0131n davran\u0131\u015flar\u0131n\u0131 g\u00f6zlediniz mi? Onlarla dost olmay\u0131 denediniz<span class=\"excerpt-hellip\"> [\u2026]<\/span><\/p>\n","protected":false},"featured_media":0,"template":"","meta":{"_monsterinsights_skip_tracking":false,"_monsterinsights_sitenote_active":false,"_monsterinsights_sitenote_note":"","_monsterinsights_sitenote_category":0},"product_brand":[],"product_cat":[12275,12274],"product_tag":[],"class_list":{"0":"post-734960","1":"product","2":"type-product","3":"status-publish","5":"product_cat-6-12-yas-kitaplari","6":"product_cat-cocuk-ve-genclik-kitaplari","7":"pa_cilt-ciltsiz","8":"pa_tur-kitap","9":"pa_yayinevi-yapi-kredi-yayinlari","10":"pa_yazar-gursel-korat","12":"first","13":"instock","14":"sale","15":"shipping-taxable","16":"purchasable","17":"product-type-simple"},"_links":{"self":[{"href":"https:\/\/roveyayinevi.com.tr\/index.php\/wp-json\/wp\/v2\/product\/734960","targetHints":{"allow":["GET"]}}],"collection":[{"href":"https:\/\/roveyayinevi.com.tr\/index.php\/wp-json\/wp\/v2\/product"}],"about":[{"href":"https:\/\/roveyayinevi.com.tr\/index.php\/wp-json\/wp\/v2\/types\/product"}],"wp:attachment":[{"href":"https:\/\/roveyayinevi.com.tr\/index.php\/wp-json\/wp\/v2\/media?parent=734960"}],"wp:term":[{"taxonomy":"product_brand","embeddable":true,"href":"https:\/\/roveyayinevi.com.tr\/index.php\/wp-json\/wp\/v2\/product_brand?post=734960"},{"taxonomy":"product_cat","embeddable":true,"href":"https:\/\/roveyayinevi.com.tr\/index.php\/wp-json\/wp\/v2\/product_cat?post=734960"},{"taxonomy":"product_tag","embeddable":true,"href":"https:\/\/roveyayinevi.com.tr\/index.php\/wp-json\/wp\/v2\/product_tag?post=734960"}],"curies":[{"name":"wp","href":"https:\/\/api.w.org\/{rel}","templated":true}]}}