{"id":734959,"date":"2025-08-27T22:37:49","date_gmt":"2025-08-27T19:37:49","guid":{"rendered":"https:\/\/roveyayinevi.com.tr\/index.php\/urun\/kitaplik-218-kasim-aralik-2021\/"},"modified":"2026-04-16T02:42:55","modified_gmt":"2026-04-15T23:42:55","slug":"kitaplik-218-kasim-aralik-2021","status":"publish","type":"product","link":"https:\/\/roveyayinevi.com.tr\/index.php\/urun\/kitaplik-218-kasim-aralik-2021\/","title":{"rendered":"Kitapl\u0131k 218 Kas\u0131m &#8211; Aral\u0131k 2021"},"content":{"rendered":"<p>Gustave Flaubert 200 Ya\u015f\u0131nda Yap\u0131 Kredi Yay\u0131nlar\u0131 taraf\u0131ndan yay\u0131mlanmakta olan kitap-l\u0131k dergisinin 218. say\u0131s\u0131nda dosya konusu Gustave Flaubert. Flaubert\u2019in 200. do\u011fum y\u0131ld\u00f6n\u00fcm\u00fc i\u00e7in haz\u0131rlanan dosyada Mehmet Rifat, Jean Bruneau, Sema Rifat ve Ay\u015fenaz Cengiz\u2019in yaz\u0131lar\u0131n\u0131n yan\u0131 s\u0131ra Flaubert\u2019in mektuplar\u0131ndan se\u00e7meler, yazar\u0131n biyo-bibliyografyas\u0131 ve T\u00fcrk\u00e7edeki \u00e7evirileri yer al\u0131yor. Nihat Ziyalan-Ferhan \u015eensoy, H\u00fcseyin Peker, \u0130smail Uyaro\u011flu, Y\u00fccel Kay\u0131ran, Mehmet Can Do\u011fan, Serhat Uyurkulak ve Emrullah Alp \u015fiirleri; Cem Aka\u015f, Haydar Erg\u00fclen, Sel\u00e7uk Erez, Engin \u00d6zkol, \u00c7a\u011fla \u00c7inili, G\u00f6ksu N. \u00c7ak\u0131r, Alp T\u00fcrkol ve Yal\u0131n G\u00fcnd\u00fcz \u00f6yk\u00fcleri; Mehmet Erg\u00fcven, Abdullah U\u00e7man, Engin Soysal, Banu G\u00fcrsaler Syvertsen, Mukadder \u00d6zge\u00e7 ve Or\u00e7un \u00dc\u00e7er yaz\u0131lar\u0131yla; Abdullah Ezik ise Ethem Baran ile yapt\u0131\u011f\u0131 s\u00f6yle\u015fiyle kitap-l\u0131k dergisinin 218. say\u0131s\u0131nda. kitap-l\u0131k 29 y\u0131ld\u0131r iyi edebiyat\u0131n adresi. <\/p>\n","protected":false},"excerpt":{"rendered":"<p>Gustave Flaubert 200 Ya\u015f\u0131nda Yap\u0131 Kredi Yay\u0131nlar\u0131 taraf\u0131ndan yay\u0131mlanmakta olan kitap-l\u0131k dergisinin 218. say\u0131s\u0131nda dosya konusu Gustave Flaubert. Flaubert\u2019in 200. do\u011fum y\u0131ld\u00f6n\u00fcm\u00fc i\u00e7in haz\u0131rlanan dosyada Mehmet<span class=\"excerpt-hellip\"> [\u2026]<\/span><\/p>\n","protected":false},"featured_media":0,"template":"","meta":{"_monsterinsights_skip_tracking":false,"_monsterinsights_sitenote_active":false,"_monsterinsights_sitenote_note":"","_monsterinsights_sitenote_category":0},"product_brand":[],"product_cat":[30023,13527],"product_tag":[],"class_list":{"0":"post-734959","1":"product","2":"type-product","3":"status-publish","5":"product_cat-edebiyat-sureli-yayinlar","6":"product_cat-sureli-yayinlar","7":"pa_cilt-ciltsiz","8":"pa_tur-dergi","9":"pa_yayinevi-yapi-kredi-yayinlari-dergi","10":"pa_yazar-yapi-kredi-yayinlari-dergi-kolektif","12":"first","13":"instock","14":"sale","15":"shipping-taxable","16":"purchasable","17":"product-type-simple"},"_links":{"self":[{"href":"https:\/\/roveyayinevi.com.tr\/index.php\/wp-json\/wp\/v2\/product\/734959","targetHints":{"allow":["GET"]}}],"collection":[{"href":"https:\/\/roveyayinevi.com.tr\/index.php\/wp-json\/wp\/v2\/product"}],"about":[{"href":"https:\/\/roveyayinevi.com.tr\/index.php\/wp-json\/wp\/v2\/types\/product"}],"wp:attachment":[{"href":"https:\/\/roveyayinevi.com.tr\/index.php\/wp-json\/wp\/v2\/media?parent=734959"}],"wp:term":[{"taxonomy":"product_brand","embeddable":true,"href":"https:\/\/roveyayinevi.com.tr\/index.php\/wp-json\/wp\/v2\/product_brand?post=734959"},{"taxonomy":"product_cat","embeddable":true,"href":"https:\/\/roveyayinevi.com.tr\/index.php\/wp-json\/wp\/v2\/product_cat?post=734959"},{"taxonomy":"product_tag","embeddable":true,"href":"https:\/\/roveyayinevi.com.tr\/index.php\/wp-json\/wp\/v2\/product_tag?post=734959"}],"curies":[{"name":"wp","href":"https:\/\/api.w.org\/{rel}","templated":true}]}}