{"id":734955,"date":"2025-08-27T22:37:45","date_gmt":"2025-08-27T19:37:45","guid":{"rendered":"https:\/\/roveyayinevi.com.tr\/index.php\/urun\/diyarin-iki-yuzu\/"},"modified":"2026-04-16T02:42:55","modified_gmt":"2026-04-15T23:42:55","slug":"diyarin-iki-yuzu","status":"publish","type":"product","link":"https:\/\/roveyayinevi.com.tr\/index.php\/urun\/diyarin-iki-yuzu\/","title":{"rendered":"Diyar\u0131n \u0130ki Y\u00fcz\u00fc"},"content":{"rendered":"<p>Sahip \u00e7\u0131k geceye ve g\u00fcnd\u00fcze Asl\u0131nda bu sorun bir bilmece Hem ya\u015fayacak hem yazacaks\u0131n Sonunda g\u00fcne\u015fi kurtaracaks\u0131n Haz\u0131rsan bir sayfa daha \u00e7evir \u0130lk odaya gir\u2026   \u00dc\u00e7 kafadar, iki diyar aras\u0131ndaki dengeyi bulup bar\u0131\u015f\u0131 sa\u011flamak i\u00e7in t\u00fcm ta\u015flar\u0131 bir araya getirebilecek mi yoksa karanl\u0131k g\u00fc\u00e7ler buna engel mi olacak? Diyar\u0131n \u0130ki Y\u00fcz\u00fc\u2019n\u00fc okurken hem do\u011fa olaylar\u0131na tan\u0131kl\u0131k edecek hem de huzur i\u00e7inde ya\u015famada birlik olman\u0131n \u00f6nemini kavrayacaks\u0131n\u0131z. <\/p>\n","protected":false},"excerpt":{"rendered":"<p>Sahip \u00e7\u0131k geceye ve g\u00fcnd\u00fcze Asl\u0131nda bu sorun bir bilmece Hem ya\u015fayacak hem yazacaks\u0131n Sonunda g\u00fcne\u015fi kurtaracaks\u0131n Haz\u0131rsan bir sayfa daha \u00e7evir \u0130lk odaya gir\u2026 \u00dc\u00e7<span class=\"excerpt-hellip\"> [\u2026]<\/span><\/p>\n","protected":false},"featured_media":0,"template":"","meta":{"_monsterinsights_skip_tracking":false,"_monsterinsights_sitenote_active":false,"_monsterinsights_sitenote_note":"","_monsterinsights_sitenote_category":0},"product_brand":[],"product_cat":[12275,12274],"product_tag":[],"class_list":{"0":"post-734955","1":"product","2":"type-product","3":"status-publish","5":"product_cat-6-12-yas-kitaplari","6":"product_cat-cocuk-ve-genclik-kitaplari","7":"pa_cilt-ciltsiz","8":"pa_tur-kitap","9":"pa_yayinevi-buyulu-fener-yayinlari","10":"pa_yazar-ayse-esmeli-ayar","12":"first","13":"instock","14":"sale","15":"shipping-taxable","16":"purchasable","17":"product-type-simple"},"_links":{"self":[{"href":"https:\/\/roveyayinevi.com.tr\/index.php\/wp-json\/wp\/v2\/product\/734955","targetHints":{"allow":["GET"]}}],"collection":[{"href":"https:\/\/roveyayinevi.com.tr\/index.php\/wp-json\/wp\/v2\/product"}],"about":[{"href":"https:\/\/roveyayinevi.com.tr\/index.php\/wp-json\/wp\/v2\/types\/product"}],"wp:attachment":[{"href":"https:\/\/roveyayinevi.com.tr\/index.php\/wp-json\/wp\/v2\/media?parent=734955"}],"wp:term":[{"taxonomy":"product_brand","embeddable":true,"href":"https:\/\/roveyayinevi.com.tr\/index.php\/wp-json\/wp\/v2\/product_brand?post=734955"},{"taxonomy":"product_cat","embeddable":true,"href":"https:\/\/roveyayinevi.com.tr\/index.php\/wp-json\/wp\/v2\/product_cat?post=734955"},{"taxonomy":"product_tag","embeddable":true,"href":"https:\/\/roveyayinevi.com.tr\/index.php\/wp-json\/wp\/v2\/product_tag?post=734955"}],"curies":[{"name":"wp","href":"https:\/\/api.w.org\/{rel}","templated":true}]}}