{"id":734953,"date":"2025-08-27T22:37:43","date_gmt":"2025-08-27T19:37:43","guid":{"rendered":"https:\/\/roveyayinevi.com.tr\/index.php\/urun\/kopuk\/"},"modified":"2026-04-16T02:42:55","modified_gmt":"2026-04-15T23:42:55","slug":"kopuk","status":"publish","type":"product","link":"https:\/\/roveyayinevi.com.tr\/index.php\/urun\/kopuk\/","title":{"rendered":"Kopuk"},"content":{"rendered":"<p>Kopuk\u2019un isimsiz ana karakteri bir foto muhabiri. Korku ve karma\u015fan\u0131n h\u00e2kim oldu\u011fu bir kente yolculu\u011fa \u00e7\u0131kar: Orada tan\u0131\u015ft\u0131\u011f\u0131 rehber, tek yol g\u00f6stericisidir.   Foto muhabirinin ge\u00e7mi\u015fine dair varla yok aras\u0131, b\u00f6l\u00fck p\u00f6r\u00e7\u00fck an\u0131 par\u00e7alar\u0131 vard\u0131r. Rehber ise aksine, kendisinin ve \u00f6ncekilerin ya\u015fad\u0131klar\u0131n\u0131n bilgisine sahip; ki\u015fisel ve toplumsal tarihinin bilincindedir.   Foto muhabirinin kentteki cenazeye kat\u0131lmas\u0131 ve \u00e7ocu\u011funu arayan anneyle kar\u015f\u0131la\u015fmas\u0131yla hayat\u0131nda bir \u015feyler de\u011fi\u015fmeye ba\u015flayacakt\u0131r. Bu s\u0131rada \u00e7evrede olanlar nedeniyle d\u0131\u015f d\u00fcnya da bask\u0131s\u0131n\u0131 gittik\u00e7e art\u0131racak, onu art arda se\u00e7imler yapmaya zorlayacakt\u0131r. K\u0131sa s\u00fcre i\u00e7inde kenti terk edecek, gitti\u011fi yerde yolunu bulmas\u0131 i\u00e7in \u00f6nce onu oraya getiren yolu, yani ge\u00e7mi\u015fini yeniden kat etmesi gerekti\u011fini anlayacakt\u0131r.   Kopuk, g\u00fcn\u00fcm\u00fcz\u00fcn herhangi bir co\u011frafyas\u0131nda herhangi bir bireyin d\u00fcnyas\u0131n\u0131 konu alan, unutmak, an\u0131msamak ve bellek \u00fczerine bir roman. Sine Erg\u00fcn bu k\u0131sa ve yo\u011fun metinde, sistemin bask\u0131s\u0131 kar\u015f\u0131s\u0131nda unutmay\u0131 se\u00e7mi\u015f birinin \u00f6yk\u00fcs\u00fcn\u00fc anlat\u0131yor. Okurlara varolu\u015fumuzun ger\u00e7ek dayana\u011f\u0131n\u0131n, bizi birbirimize ba\u011flayan g\u00f6r\u00fcnmez a\u011flarda yatt\u0131\u011f\u0131n\u0131 an\u0131msat\u0131yor. <\/p>\n","protected":false},"excerpt":{"rendered":"<p>Kopuk\u2019un isimsiz ana karakteri bir foto muhabiri. Korku ve karma\u015fan\u0131n h\u00e2kim oldu\u011fu bir kente yolculu\u011fa \u00e7\u0131kar: Orada tan\u0131\u015ft\u0131\u011f\u0131 rehber, tek yol g\u00f6stericisidir. Foto muhabirinin ge\u00e7mi\u015fine dair<span class=\"excerpt-hellip\"> [\u2026]<\/span><\/p>\n","protected":false},"featured_media":0,"template":"","meta":{"_monsterinsights_skip_tracking":false,"_monsterinsights_sitenote_active":false,"_monsterinsights_sitenote_note":"","_monsterinsights_sitenote_category":0},"product_brand":[],"product_cat":[12291,12711],"product_tag":[],"class_list":{"0":"post-734953","1":"product","2":"type-product","3":"status-publish","5":"product_cat-edebiyat","6":"product_cat-roman-oyku","7":"pa_cilt-ciltsiz","8":"pa_tur-kitap","9":"pa_yayinevi-can-yayinlari","10":"pa_yazar-sine-ergun","12":"first","13":"instock","14":"sale","15":"shipping-taxable","16":"purchasable","17":"product-type-simple"},"_links":{"self":[{"href":"https:\/\/roveyayinevi.com.tr\/index.php\/wp-json\/wp\/v2\/product\/734953","targetHints":{"allow":["GET"]}}],"collection":[{"href":"https:\/\/roveyayinevi.com.tr\/index.php\/wp-json\/wp\/v2\/product"}],"about":[{"href":"https:\/\/roveyayinevi.com.tr\/index.php\/wp-json\/wp\/v2\/types\/product"}],"wp:attachment":[{"href":"https:\/\/roveyayinevi.com.tr\/index.php\/wp-json\/wp\/v2\/media?parent=734953"}],"wp:term":[{"taxonomy":"product_brand","embeddable":true,"href":"https:\/\/roveyayinevi.com.tr\/index.php\/wp-json\/wp\/v2\/product_brand?post=734953"},{"taxonomy":"product_cat","embeddable":true,"href":"https:\/\/roveyayinevi.com.tr\/index.php\/wp-json\/wp\/v2\/product_cat?post=734953"},{"taxonomy":"product_tag","embeddable":true,"href":"https:\/\/roveyayinevi.com.tr\/index.php\/wp-json\/wp\/v2\/product_tag?post=734953"}],"curies":[{"name":"wp","href":"https:\/\/api.w.org\/{rel}","templated":true}]}}