{"id":734952,"date":"2025-08-27T22:37:42","date_gmt":"2025-08-27T19:37:42","guid":{"rendered":"https:\/\/roveyayinevi.com.tr\/index.php\/urun\/oyle-degil-boyle\/"},"modified":"2026-04-16T02:42:54","modified_gmt":"2026-04-15T23:42:54","slug":"oyle-degil-boyle","status":"publish","type":"product","link":"https:\/\/roveyayinevi.com.tr\/index.php\/urun\/oyle-degil-boyle\/","title":{"rendered":"\u00d6yle De\u011fil, B\u00f6yle"},"content":{"rendered":"<p>Bir zamanlar, herkesin diledi\u011fince ya\u015fayabildi\u011fi bir \u00fclke varm\u0131\u015f. Bale yapan prenslerin, a\u011fa\u00e7 tepelerinde dola\u015fan prenseslerin, k\u0131z \u00e7ocu\u011fu oldu diye sevin\u00e7ten deliye d\u00f6nen krallar\u0131n, \u00fcvey evlatlar\u0131n\u0131 \u00f6z evlatlar\u0131 kadar \u00e7ok seven krali\u00e7elerin, ak\u015fam yemeklerinde prensleri yemeyen ejderhalar\u0131n ya\u015fad\u0131\u011f\u0131 bir \u00fclke\u2026Klasik masallar\u0131n hayal edemedi\u011fi kadar e\u015fit, \u00f6zg\u00fcr ve mutlu bir \u00fclke\u2026 Asl\u0131 Tohumcu bu kitab\u0131n\u0131, Birle\u015fmi\u015f Milletler Kad\u0131n Birimi UN Women\u2019\u0131n \u201cAwake Not Sleeping\u201d (Uyand\u0131ran Masallar) giri\u015fimi kapsam\u0131nda yay\u0131mlanmaya de\u011fer g\u00f6r\u00fclen \u201cThe Storyteller\u201d (Masalc\u0131) adl\u0131 \u00f6yk\u00fcs\u00fcnden uyarlad\u0131. Farkl\u0131 bak\u0131\u015f\u0131yla, toplumsal cinsiyet e\u015fitli\u011fini temel alan yakla\u015f\u0131m\u0131yla ve e\u011flenceli anlat\u0131m\u0131yla kurgulad\u0131\u011f\u0131 \u201cmasallar\u0131n masal\u0131\u201dn\u0131, ill\u00fcstrat\u00f6r Pelin Turgut karakterleriyle, renkleriyle, sahneleriyle canland\u0131rd\u0131.<\/p>\n","protected":false},"excerpt":{"rendered":"<p>Bir zamanlar, herkesin diledi\u011fince ya\u015fayabildi\u011fi bir \u00fclke varm\u0131\u015f. Bale yapan prenslerin, a\u011fa\u00e7 tepelerinde dola\u015fan prenseslerin, k\u0131z \u00e7ocu\u011fu oldu diye sevin\u00e7ten deliye d\u00f6nen krallar\u0131n, \u00fcvey evlatlar\u0131n\u0131 \u00f6z<span class=\"excerpt-hellip\"> [\u2026]<\/span><\/p>\n","protected":false},"featured_media":0,"template":"","meta":{"_monsterinsights_skip_tracking":false,"_monsterinsights_sitenote_active":false,"_monsterinsights_sitenote_note":"","_monsterinsights_sitenote_category":0},"product_brand":[],"product_cat":[12275,12274],"product_tag":[],"class_list":{"0":"post-734952","1":"product","2":"type-product","3":"status-publish","5":"product_cat-6-12-yas-kitaplari","6":"product_cat-cocuk-ve-genclik-kitaplari","7":"pa_cilt-ciltsiz","8":"pa_tur-kitap","9":"pa_yayinevi-can-cocuk-yayinlari","10":"pa_yazar-asli-tohumcu","12":"first","13":"instock","14":"sale","15":"shipping-taxable","16":"purchasable","17":"product-type-simple"},"_links":{"self":[{"href":"https:\/\/roveyayinevi.com.tr\/index.php\/wp-json\/wp\/v2\/product\/734952","targetHints":{"allow":["GET"]}}],"collection":[{"href":"https:\/\/roveyayinevi.com.tr\/index.php\/wp-json\/wp\/v2\/product"}],"about":[{"href":"https:\/\/roveyayinevi.com.tr\/index.php\/wp-json\/wp\/v2\/types\/product"}],"wp:attachment":[{"href":"https:\/\/roveyayinevi.com.tr\/index.php\/wp-json\/wp\/v2\/media?parent=734952"}],"wp:term":[{"taxonomy":"product_brand","embeddable":true,"href":"https:\/\/roveyayinevi.com.tr\/index.php\/wp-json\/wp\/v2\/product_brand?post=734952"},{"taxonomy":"product_cat","embeddable":true,"href":"https:\/\/roveyayinevi.com.tr\/index.php\/wp-json\/wp\/v2\/product_cat?post=734952"},{"taxonomy":"product_tag","embeddable":true,"href":"https:\/\/roveyayinevi.com.tr\/index.php\/wp-json\/wp\/v2\/product_tag?post=734952"}],"curies":[{"name":"wp","href":"https:\/\/api.w.org\/{rel}","templated":true}]}}