{"id":734947,"date":"2025-08-27T22:37:36","date_gmt":"2025-08-27T19:37:36","guid":{"rendered":"https:\/\/roveyayinevi.com.tr\/index.php\/urun\/ilk-boyama-kitabim\/"},"modified":"2026-04-16T02:42:54","modified_gmt":"2026-04-15T23:42:54","slug":"ilk-boyama-kitabim","status":"publish","type":"product","link":"https:\/\/roveyayinevi.com.tr\/index.php\/urun\/ilk-boyama-kitabim\/","title":{"rendered":"\u0130lk Boyama Kitab\u0131m"},"content":{"rendered":"<p>\u00c7ocu\u011funuzu boyama, kalemi do\u011fru tutma ve odaklanma becerisiyle tan\u0131\u015ft\u0131rmak i\u00e7in tam onlara g\u00f6re tasarlanm\u0131\u015f bu g\u00fczel kitab\u0131 kullan\u0131n. \u0130lgin\u00e7 aktiviteler ve boyanacak basit sahnelerle dolu olan kitapta, minikler kendi muhte\u015fem resimlerini yarat\u0131rken bolca da e\u011flenecekler. <\/p>\n","protected":false},"excerpt":{"rendered":"<p>\u00c7ocu\u011funuzu boyama, kalemi do\u011fru tutma ve odaklanma becerisiyle tan\u0131\u015ft\u0131rmak i\u00e7in tam onlara g\u00f6re tasarlanm\u0131\u015f bu g\u00fczel kitab\u0131 kullan\u0131n. \u0130lgin\u00e7 aktiviteler ve boyanacak basit sahnelerle dolu olan<span class=\"excerpt-hellip\"> [\u2026]<\/span><\/p>\n","protected":false},"featured_media":0,"template":"","meta":{"_monsterinsights_skip_tracking":false,"_monsterinsights_sitenote_active":false,"_monsterinsights_sitenote_note":"","_monsterinsights_sitenote_category":0},"product_brand":[],"product_cat":[12644,12274],"product_tag":[],"class_list":{"0":"post-734947","1":"product","2":"type-product","3":"status-publish","5":"product_cat-boyama-kitaplari","6":"product_cat-cocuk-ve-genclik-kitaplari","7":"pa_cilt-ciltsiz","8":"pa_tur-kitap","9":"pa_yayinevi-is-bankasi-kultur-yayinlari","10":"pa_yazar-is-bankasi-kultur-yayinlari-kolektif","12":"first","13":"instock","14":"sale","15":"shipping-taxable","16":"purchasable","17":"product-type-simple"},"_links":{"self":[{"href":"https:\/\/roveyayinevi.com.tr\/index.php\/wp-json\/wp\/v2\/product\/734947","targetHints":{"allow":["GET"]}}],"collection":[{"href":"https:\/\/roveyayinevi.com.tr\/index.php\/wp-json\/wp\/v2\/product"}],"about":[{"href":"https:\/\/roveyayinevi.com.tr\/index.php\/wp-json\/wp\/v2\/types\/product"}],"wp:attachment":[{"href":"https:\/\/roveyayinevi.com.tr\/index.php\/wp-json\/wp\/v2\/media?parent=734947"}],"wp:term":[{"taxonomy":"product_brand","embeddable":true,"href":"https:\/\/roveyayinevi.com.tr\/index.php\/wp-json\/wp\/v2\/product_brand?post=734947"},{"taxonomy":"product_cat","embeddable":true,"href":"https:\/\/roveyayinevi.com.tr\/index.php\/wp-json\/wp\/v2\/product_cat?post=734947"},{"taxonomy":"product_tag","embeddable":true,"href":"https:\/\/roveyayinevi.com.tr\/index.php\/wp-json\/wp\/v2\/product_tag?post=734947"}],"curies":[{"name":"wp","href":"https:\/\/api.w.org\/{rel}","templated":true}]}}