{"id":734945,"date":"2025-08-27T22:37:34","date_gmt":"2025-08-27T19:37:34","guid":{"rendered":"https:\/\/roveyayinevi.com.tr\/index.php\/urun\/kendin-kesfet-copler-ve-geri-donusum\/"},"modified":"2026-04-16T02:42:54","modified_gmt":"2026-04-15T23:42:54","slug":"kendin-kesfet-copler-ve-geri-donusum","status":"publish","type":"product","link":"https:\/\/roveyayinevi.com.tr\/index.php\/urun\/kendin-kesfet-copler-ve-geri-donusum\/","title":{"rendered":"Kendin Ke\u015ffet &#8211; \u00c7\u00f6pler ve Geri D\u00f6n\u00fc\u015f\u00fcm"},"content":{"rendered":"<p>E\u011flendirerek \u00f6\u011freten bu heyecan verici seride, kendi ellerinle yapaca\u011f\u0131n deneyler sayesinde bilime pratik bir yakla\u015f\u0131m geli\u015ftirmeni sa\u011flayacak \u00e7ok say\u0131da etkinlik yer al\u0131yor. \u00c7\u00f6pler ve Geri D\u00f6n\u00fc\u015f\u00fcm\u2019de ke\u015ffedece\u011finiz \u00e7ok \u015fey var: \u2022 Geri d\u00f6n\u00fc\u015f\u00fcm i\u00e7in \u00e7\u00f6pleri s\u0131n\u0131fland\u0131rmak \u2022 Kendi do\u011fal ayr\u0131\u015ft\u0131r\u0131c\u0131 hayvanlar\u0131n\u0131 toplay\u0131p beslemek \u2022 Kendi organik g\u00fcbre \u00f6be\u011fini olu\u015fturmak \u2022 Ve daha neler neler var! <\/p>\n","protected":false},"excerpt":{"rendered":"<p>E\u011flendirerek \u00f6\u011freten bu heyecan verici seride, kendi ellerinle yapaca\u011f\u0131n deneyler sayesinde bilime pratik bir yakla\u015f\u0131m geli\u015ftirmeni sa\u011flayacak \u00e7ok say\u0131da etkinlik yer al\u0131yor. \u00c7\u00f6pler ve Geri D\u00f6n\u00fc\u015f\u00fcm\u2019de<span class=\"excerpt-hellip\"> [\u2026]<\/span><\/p>\n","protected":false},"featured_media":0,"template":"","meta":{"_monsterinsights_skip_tracking":false,"_monsterinsights_sitenote_active":false,"_monsterinsights_sitenote_note":"","_monsterinsights_sitenote_category":0},"product_brand":[],"product_cat":[12275,12274],"product_tag":[],"class_list":{"0":"post-734945","1":"product","2":"type-product","3":"status-publish","5":"product_cat-6-12-yas-kitaplari","6":"product_cat-cocuk-ve-genclik-kitaplari","7":"pa_cilt-ciltsiz","8":"pa_tur-kitap","9":"pa_yayinevi-is-bankasi-kultur-yayinlari","10":"pa_yazar-sally-morgan","12":"first","13":"instock","14":"sale","15":"shipping-taxable","16":"purchasable","17":"product-type-simple"},"_links":{"self":[{"href":"https:\/\/roveyayinevi.com.tr\/index.php\/wp-json\/wp\/v2\/product\/734945","targetHints":{"allow":["GET"]}}],"collection":[{"href":"https:\/\/roveyayinevi.com.tr\/index.php\/wp-json\/wp\/v2\/product"}],"about":[{"href":"https:\/\/roveyayinevi.com.tr\/index.php\/wp-json\/wp\/v2\/types\/product"}],"wp:attachment":[{"href":"https:\/\/roveyayinevi.com.tr\/index.php\/wp-json\/wp\/v2\/media?parent=734945"}],"wp:term":[{"taxonomy":"product_brand","embeddable":true,"href":"https:\/\/roveyayinevi.com.tr\/index.php\/wp-json\/wp\/v2\/product_brand?post=734945"},{"taxonomy":"product_cat","embeddable":true,"href":"https:\/\/roveyayinevi.com.tr\/index.php\/wp-json\/wp\/v2\/product_cat?post=734945"},{"taxonomy":"product_tag","embeddable":true,"href":"https:\/\/roveyayinevi.com.tr\/index.php\/wp-json\/wp\/v2\/product_tag?post=734945"}],"curies":[{"name":"wp","href":"https:\/\/api.w.org\/{rel}","templated":true}]}}