{"id":734938,"date":"2025-08-27T22:37:25","date_gmt":"2025-08-27T19:37:25","guid":{"rendered":"https:\/\/roveyayinevi.com.tr\/index.php\/urun\/sessiz-amerikali-ciltli\/"},"modified":"2026-04-16T02:42:54","modified_gmt":"2026-04-15T23:42:54","slug":"sessiz-amerikali-ciltli","status":"publish","type":"product","link":"https:\/\/roveyayinevi.com.tr\/index.php\/urun\/sessiz-amerikali-ciltli\/","title":{"rendered":"Sessiz Amerikal\u0131 (Ciltli)"},"content":{"rendered":"<p>Saygon\u2019da ya\u015fayan \u0130ngiliz gazeteci Fowler, 1950\u2019lerin ba\u015f\u0131nda Vietnam\u2019da s\u00f6m\u00fcrgeci Fransa\u2019n\u0131n kom\u00fcnistlerin liderli\u011findeki g\u00fc\u00e7lerle sonu gelmeyen sava\u015f\u0131n\u0131 izlemektedir. Washington\u2019\u0131n gizemli bir g\u00f6revle \u015fehre g\u00f6nderdi\u011fi Pyle adl\u0131 gen\u00e7 Amerikal\u0131\u2019yla tan\u0131\u015f\u0131r. \u00dclkesinin b\u00f6lgede s\u00f6m\u00fcrgecilik ile kom\u00fcnizm aras\u0131nda bir \u201c\u00fc\u00e7\u00fcnc\u00fc yol\u201d bularak yararl\u0131 olabilece\u011fini d\u00fc\u015f\u00fcnen bu \u201csessiz ve masum\u201d Amerikal\u0131\u2019n\u0131n faaliyetlerinin yol a\u00e7t\u0131\u011f\u0131 felaket b\u00fcy\u00fck olur. Graham Greene, masumiyet ve idealizmin de bazen son derece y\u0131k\u0131c\u0131 sonu\u00e7lar do\u011furabilece\u011fine i\u015faret eder. Capcanl\u0131 sahnelerle ola\u011fan\u00fcst\u00fc bir Vietnam atmosferi yarat\u0131rken, \u00fclkedeki karma\u015f\u0131k politik durumu, Fowler ile Pyle\u2019\u0131n Vietnaml\u0131 bir kad\u0131n i\u00e7in girdikleri rekabetle i\u00e7 i\u00e7e ge\u00e7irir. Sessiz Amerikal\u0131, ABD\u2019nin hakk\u0131nda hi\u00e7bir \u015fey bilmedi\u011fi bir \u00fclkenin i\u00e7 i\u015flerine kar\u0131\u015fmas\u0131na y\u00f6nelik sert ele\u015ftirisiyle dikkat \u00e7eker. Greene, Vietnam Sava\u015f\u0131\u2019ndan \u00f6nce yazd\u0131\u011f\u0131 1955 tarihli roman\u0131nda, ABD\u2019nin d\u00fcnyan\u0131n \u201cdemokrasi bek\u00e7isi\u201d oldu\u011funa inan\u0131lan bir d\u00f6nemde, \u00e7ok ge\u00e7meden Vietnam\u2019da kendini i\u00e7inde bulaca\u011f\u0131 \u00e7\u0131kmaz\u0131 da \u00f6ng\u00f6rm\u00fc\u015ft\u00fcr. <\/p>\n","protected":false},"excerpt":{"rendered":"<p>Saygon\u2019da ya\u015fayan \u0130ngiliz gazeteci Fowler, 1950\u2019lerin ba\u015f\u0131nda Vietnam\u2019da s\u00f6m\u00fcrgeci Fransa\u2019n\u0131n kom\u00fcnistlerin liderli\u011findeki g\u00fc\u00e7lerle sonu gelmeyen sava\u015f\u0131n\u0131 izlemektedir. Washington\u2019\u0131n gizemli bir g\u00f6revle \u015fehre g\u00f6nderdi\u011fi Pyle adl\u0131 gen\u00e7<span class=\"excerpt-hellip\"> [\u2026]<\/span><\/p>\n","protected":false},"featured_media":0,"template":"","meta":{"_monsterinsights_skip_tracking":false,"_monsterinsights_sitenote_active":false,"_monsterinsights_sitenote_note":"","_monsterinsights_sitenote_category":0},"product_brand":[],"product_cat":[12291,26797],"product_tag":[],"class_list":{"0":"post-734938","1":"product","2":"type-product","3":"status-publish","5":"product_cat-edebiyat","6":"product_cat-modern-klasikler","7":"pa_cilt-ciltsiz","8":"pa_tur-kitap","9":"pa_yayinevi-is-bankasi-kultur-yayinlari","10":"pa_yazar-graham-greene","12":"first","13":"instock","14":"sale","15":"shipping-taxable","16":"purchasable","17":"product-type-simple"},"_links":{"self":[{"href":"https:\/\/roveyayinevi.com.tr\/index.php\/wp-json\/wp\/v2\/product\/734938","targetHints":{"allow":["GET"]}}],"collection":[{"href":"https:\/\/roveyayinevi.com.tr\/index.php\/wp-json\/wp\/v2\/product"}],"about":[{"href":"https:\/\/roveyayinevi.com.tr\/index.php\/wp-json\/wp\/v2\/types\/product"}],"wp:attachment":[{"href":"https:\/\/roveyayinevi.com.tr\/index.php\/wp-json\/wp\/v2\/media?parent=734938"}],"wp:term":[{"taxonomy":"product_brand","embeddable":true,"href":"https:\/\/roveyayinevi.com.tr\/index.php\/wp-json\/wp\/v2\/product_brand?post=734938"},{"taxonomy":"product_cat","embeddable":true,"href":"https:\/\/roveyayinevi.com.tr\/index.php\/wp-json\/wp\/v2\/product_cat?post=734938"},{"taxonomy":"product_tag","embeddable":true,"href":"https:\/\/roveyayinevi.com.tr\/index.php\/wp-json\/wp\/v2\/product_tag?post=734938"}],"curies":[{"name":"wp","href":"https:\/\/api.w.org\/{rel}","templated":true}]}}