{"id":734934,"date":"2025-08-27T22:37:20","date_gmt":"2025-08-27T19:37:20","guid":{"rendered":"https:\/\/roveyayinevi.com.tr\/index.php\/urun\/her-cocuk-zekidir\/"},"modified":"2026-04-16T02:42:54","modified_gmt":"2026-04-15T23:42:54","slug":"her-cocuk-zekidir","status":"publish","type":"product","link":"https:\/\/roveyayinevi.com.tr\/index.php\/urun\/her-cocuk-zekidir\/","title":{"rendered":"Her \u00c7ocuk Zekidir"},"content":{"rendered":"<p>Zeki olmak sadece sorulara do\u011fru cevaplar vermek de\u011fil, \u015fekiller \u00e7izebilmek, \u201cMerhaba! Nas\u0131ls\u0131n?\u201d demek, denizk\u0131z\u0131 olmak ve hatta ejderhalara binebilmektir! Sevgi \u015eemsiyesi Alt\u0131nda ve Su Alt\u0131nda S\u00fcsl\u00fc Kost\u00fcm Ge\u00e7idi\u2019nin yazar\u0131 Davina Bell, Her \u00c7ocuk Zekidir\u2019de \u00e7ocuklar\u0131n ne kadar \u00f6zel ve zeki oldu\u011funu anlat\u0131yor. <\/p>\n","protected":false},"excerpt":{"rendered":"<p>Zeki olmak sadece sorulara do\u011fru cevaplar vermek de\u011fil, \u015fekiller \u00e7izebilmek, \u201cMerhaba! Nas\u0131ls\u0131n?\u201d demek, denizk\u0131z\u0131 olmak ve hatta ejderhalara binebilmektir! Sevgi \u015eemsiyesi Alt\u0131nda ve Su Alt\u0131nda S\u00fcsl\u00fc<span class=\"excerpt-hellip\"> [\u2026]<\/span><\/p>\n","protected":false},"featured_media":0,"template":"","meta":{"_monsterinsights_skip_tracking":false,"_monsterinsights_sitenote_active":false,"_monsterinsights_sitenote_note":"","_monsterinsights_sitenote_category":0},"product_brand":[],"product_cat":[12275,12274],"product_tag":[],"class_list":{"0":"post-734934","1":"product","2":"type-product","3":"status-publish","5":"product_cat-6-12-yas-kitaplari","6":"product_cat-cocuk-ve-genclik-kitaplari","7":"pa_cilt-ciltsiz","8":"pa_tur-kitap","9":"pa_yayinevi-vakifbank-kultur-yayinlari","10":"pa_yazar-davina-bell-allison-colpoys","12":"first","13":"instock","14":"sale","15":"shipping-taxable","16":"purchasable","17":"product-type-simple"},"_links":{"self":[{"href":"https:\/\/roveyayinevi.com.tr\/index.php\/wp-json\/wp\/v2\/product\/734934","targetHints":{"allow":["GET"]}}],"collection":[{"href":"https:\/\/roveyayinevi.com.tr\/index.php\/wp-json\/wp\/v2\/product"}],"about":[{"href":"https:\/\/roveyayinevi.com.tr\/index.php\/wp-json\/wp\/v2\/types\/product"}],"wp:attachment":[{"href":"https:\/\/roveyayinevi.com.tr\/index.php\/wp-json\/wp\/v2\/media?parent=734934"}],"wp:term":[{"taxonomy":"product_brand","embeddable":true,"href":"https:\/\/roveyayinevi.com.tr\/index.php\/wp-json\/wp\/v2\/product_brand?post=734934"},{"taxonomy":"product_cat","embeddable":true,"href":"https:\/\/roveyayinevi.com.tr\/index.php\/wp-json\/wp\/v2\/product_cat?post=734934"},{"taxonomy":"product_tag","embeddable":true,"href":"https:\/\/roveyayinevi.com.tr\/index.php\/wp-json\/wp\/v2\/product_tag?post=734934"}],"curies":[{"name":"wp","href":"https:\/\/api.w.org\/{rel}","templated":true}]}}