{"id":734933,"date":"2025-08-27T22:37:19","date_gmt":"2025-08-27T19:37:19","guid":{"rendered":"https:\/\/roveyayinevi.com.tr\/index.php\/urun\/bilginin-temelleri\/"},"modified":"2026-04-16T02:42:54","modified_gmt":"2026-04-15T23:42:54","slug":"bilginin-temelleri","status":"publish","type":"product","link":"https:\/\/roveyayinevi.com.tr\/index.php\/urun\/bilginin-temelleri\/","title":{"rendered":"Bilginin Temelleri"},"content":{"rendered":"<p>G\u00fcn\u00fcm\u00fczde bilginin temelleri, Descartes, Locke, Hume ve Kant\u2019\u0131n anlad\u0131klar\u0131 gibi, felsefenin de temelleri olmasa bile, felsefe i\u00e7in en \u00f6nemli konular aras\u0131nda yer almaktad\u0131r. Felsefenin edebiyatla i\u00e7 i\u00e7e girdi\u011fi kimi romantik kurgucu tutumlardan s\u0131yr\u0131l\u0131p, bilginin temellerini kendi temellerinin yak\u0131nlar\u0131na almas\u0131, sa\u011fl\u0131kl\u0131 d\u00fc\u015f\u00fcncenin yarar\u0131na olmu\u015ftur. Sa\u011fl\u0131kl\u0131 d\u00fc\u015f\u00fcncenin yarar\u0131na olan buna ko\u015fut ba\u015fka bir geli\u015fme, yeni\u00e7a\u011fda gene Descartes ile ba\u015flayan ve Kant\u2019tan sonra b\u00fcy\u00fck \u00f6l\u00e7\u00fcde yitirilen \u00e7\u00f6z\u00fcmsel; a\u00e7\u0131k se\u00e7ik ve uslamlamaya yer veren felsefe bi\u00e7iminin yeniden kazan\u0131lmas\u0131d\u0131r. \u00c7\u00f6z\u00fcmsel felsefe d\u00fc\u015f\u00fcncenin dizgeselli\u011fini d\u0131\u015flamaz. D\u0131\u015flad\u0131\u011f\u0131, dizgenin kurguya d\u00f6n\u00fc\u015fmesi, \u00f6nerilen \u00e7\u00f6z\u00fcmlerin sa\u011fduyu ve deneyle ussal ba\u011flant\u0131lar\u0131n\u0131n kopar\u0131lmas\u0131d\u0131r. Felsefe, herhangi bir konunun \u2018istenildi\u011fi gibi\u2019 a\u00e7\u0131klanmas\u0131 de\u011fil, belirli sorunlar\u0131n, belirli konular\u0131n \u2018temellendirilmi\u015f\u2019 \u00e7\u00f6z\u00fcm ve a\u00e7\u0131klamas\u0131d\u0131r. Kimi d\u00fc\u015f\u00fcn\u00fcrlere g\u00f6re bilgi, insan\u0131 \u00e7evreleyen, ondan ba\u011f\u0131ms\u0131z bir evrenden gelir ve alg\u0131yla elde edilir. Oysa ku\u015fkucu y\u00f6ntemler bu g\u00f6r\u00fc\u015f\u00fcn baz\u0131 \u00e7eli\u015fkilere yol a\u00e7t\u0131\u011f\u0131n\u0131 sergiliyor. Peki, elde edili\u015f bi\u00e7imiyle ku\u015fku uyand\u0131ran insan bilgisine g\u00fcvenilebilir mi? Bu kitab\u0131n ilk amac\u0131 bilginin kayna\u011f\u0131 konusundaki bu \u00e7eli\u015fkiyi \u00e7\u00f6zmektir. \u0130kinci amac\u0131 ise, gerek d\u0131\u015f evrenin gerekse insan anl\u0131\u011f\u0131n\u0131n fiziksel oldu\u011fu g\u00f6r\u00fc\u015f\u00fcn\u00fc savunarak, bu d\u0131\u015f evrenin bilgisiyle de\u011fi\u015fen \u2018ben\u2019in nas\u0131l \u00f6zde\u015f kald\u0131\u011f\u0131n\u0131 ara\u015ft\u0131rmakt\u0131r. <\/p>\n","protected":false},"excerpt":{"rendered":"<p>G\u00fcn\u00fcm\u00fczde bilginin temelleri, Descartes, Locke, Hume ve Kant\u2019\u0131n anlad\u0131klar\u0131 gibi, felsefenin de temelleri olmasa bile, felsefe i\u00e7in en \u00f6nemli konular aras\u0131nda yer almaktad\u0131r. Felsefenin edebiyatla i\u00e7<span class=\"excerpt-hellip\"> [\u2026]<\/span><\/p>\n","protected":false},"featured_media":0,"template":"","meta":{"_monsterinsights_skip_tracking":false,"_monsterinsights_sitenote_active":false,"_monsterinsights_sitenote_note":"","_monsterinsights_sitenote_category":0},"product_brand":[],"product_cat":[12389,12388],"product_tag":[],"class_list":{"0":"post-734933","1":"product","2":"type-product","3":"status-publish","5":"product_cat-diger-felsefe","6":"product_cat-felsefe","7":"pa_cilt-ciltsiz","8":"pa_tur-kitap","9":"pa_yayinevi-dogu-bati-yayinlari","10":"pa_yazar-arda-denkel","12":"first","13":"instock","14":"sale","15":"shipping-taxable","16":"purchasable","17":"product-type-simple"},"_links":{"self":[{"href":"https:\/\/roveyayinevi.com.tr\/index.php\/wp-json\/wp\/v2\/product\/734933","targetHints":{"allow":["GET"]}}],"collection":[{"href":"https:\/\/roveyayinevi.com.tr\/index.php\/wp-json\/wp\/v2\/product"}],"about":[{"href":"https:\/\/roveyayinevi.com.tr\/index.php\/wp-json\/wp\/v2\/types\/product"}],"wp:attachment":[{"href":"https:\/\/roveyayinevi.com.tr\/index.php\/wp-json\/wp\/v2\/media?parent=734933"}],"wp:term":[{"taxonomy":"product_brand","embeddable":true,"href":"https:\/\/roveyayinevi.com.tr\/index.php\/wp-json\/wp\/v2\/product_brand?post=734933"},{"taxonomy":"product_cat","embeddable":true,"href":"https:\/\/roveyayinevi.com.tr\/index.php\/wp-json\/wp\/v2\/product_cat?post=734933"},{"taxonomy":"product_tag","embeddable":true,"href":"https:\/\/roveyayinevi.com.tr\/index.php\/wp-json\/wp\/v2\/product_tag?post=734933"}],"curies":[{"name":"wp","href":"https:\/\/api.w.org\/{rel}","templated":true}]}}