{"id":734932,"date":"2025-08-27T22:37:19","date_gmt":"2025-08-27T19:37:19","guid":{"rendered":"https:\/\/roveyayinevi.com.tr\/index.php\/urun\/tarihi-konusmalar-i-20-yuzyil-siyasi-tarihi\/"},"modified":"2026-04-16T02:42:54","modified_gmt":"2026-04-15T23:42:54","slug":"tarihi-konusmalar-i-20-yuzyil-siyasi-tarihi","status":"publish","type":"product","link":"https:\/\/roveyayinevi.com.tr\/index.php\/urun\/tarihi-konusmalar-i-20-yuzyil-siyasi-tarihi\/","title":{"rendered":"Tarihi Konu\u015fmalar I &#8211; 20. Y\u00fczy\u0131l Siyasi Tarihi"},"content":{"rendered":"<p>20. y\u00fczy\u0131l d\u00fcnya tarihindeki belki de en sars\u0131c\u0131, en karma\u015f\u0131k ve en kanl\u0131 y\u00fczy\u0131ld\u0131r. Bir yanda hayat\u0131 kolayla\u015ft\u0131ran bilimsel ve teknolojik geli\u015fmelerle insanl\u0131k ad\u0131na devasa bir at\u0131l\u0131m \u00e7a\u011f\u0131, ama \u00f6te yanda bu teknolojinin \u00fcr\u00fcn\u00fc geli\u015fmi\u015f silahlarla ger\u00e7ekle\u015fen g\u00f6r\u00fclmedik \u00f6l\u00e7\u00fcde y\u0131k\u0131c\u0131, k\u0131y\u0131c\u0131, yok edici d\u00fcnya sava\u015flar\u0131, b\u00f6lgesel sava\u015flar ve \u00e7at\u0131\u015fmalar\u0131yla tam anlam\u0131yla bir felaketler \u00e7a\u011f\u0131&#8230;   \u00d6nemli tarihsel olaylar\u0131yla birlikte, tarihin ak\u0131\u015f\u0131 i\u00e7inde devletler ve devlet liderlerinin ald\u0131klar\u0131 ve uygulad\u0131klar\u0131 politikalar, stratejiler ve kararlar\u0131n etkileri ve sonu\u00e7lar\u0131 sadece geride b\u0131rakt\u0131\u011f\u0131m\u0131z y\u00fczy\u0131lda de\u011fil, g\u00fcn\u00fcm\u00fczde de kendisini hissettirmeye devam etmektedir. G\u00fcn\u00fcm\u00fcz d\u00fcnyas\u0131n\u0131 \u015fekillendiren bu tarih\u00ee anlarda daima d\u00f6n\u00fcm noktalar\u0131 bulunmaktad\u0131r. Bu tarihsel e\u015fikleri, d\u00f6n\u00fcm noktalar\u0131n\u0131 o \u00fclke liderlerinin tarih\u00ee konu\u015fmalar\u0131ndan takip etmek belki de bize o \u00e2n\u0131 yeniden canland\u0131rabilir, hem de bir tarih kitab\u0131ndan daha fazla\u2026 Tam da o anlard\u0131r ki bir ulusun ruhunda kaynayan duygular, sinir tellerine dokunan hassasiyetler s\u00f6z konusu \u00fclke liderinin ses tellerinde titre\u015fir ve her biri g\u00f6rkemli bir konu\u015fmaya d\u00f6n\u00fc\u015f\u00fcr. Gelecekteki zaferlerin ya da felaketlerin ipu\u00e7lar\u0131 bu konu\u015fmalarda gizlidir\u2026   Bu bak\u0131mdan liderlerin g\u00f6r\u00fc\u015f, d\u00fc\u015f\u00fcnce, ideoloji, yakla\u015f\u0131m ve de\u011ferlendirmelerini i\u00e7eren \u00f6nemli konu\u015fmalar\u0131 dikkate al\u0131nmadan, ne sa\u011fl\u0131kl\u0131 bir siyasi tarih okumas\u0131n\u0131n ne de uluslararas\u0131 politik geli\u015fmelerin ger\u00e7ek\u00e7i bir analizinin yap\u0131lmas\u0131 m\u00fcmk\u00fcnd\u00fcr. Dolay\u0131s\u0131yla bu kitapta yer verilen konu\u015fmalar, 20. y\u00fczy\u0131l siyasi tarihini ve uluslararas\u0131 politikas\u0131n\u0131 okumak ve anlamak i\u00e7in \u00f6nemli bir referans niteli\u011findedir. <\/p>\n","protected":false},"excerpt":{"rendered":"<p>20. y\u00fczy\u0131l d\u00fcnya tarihindeki belki de en sars\u0131c\u0131, en karma\u015f\u0131k ve en kanl\u0131 y\u00fczy\u0131ld\u0131r. Bir yanda hayat\u0131 kolayla\u015ft\u0131ran bilimsel ve teknolojik geli\u015fmelerle insanl\u0131k ad\u0131na devasa bir<span class=\"excerpt-hellip\"> [\u2026]<\/span><\/p>\n","protected":false},"featured_media":0,"template":"","meta":{"_monsterinsights_skip_tracking":false,"_monsterinsights_sitenote_active":false,"_monsterinsights_sitenote_note":"","_monsterinsights_sitenote_category":0},"product_brand":[],"product_cat":[12337,14706],"product_tag":[],"class_list":{"0":"post-734932","1":"product","2":"type-product","3":"status-publish","5":"product_cat-politika-siyaset","6":"product_cat-siyaset-bilimi","7":"pa_cilt-ciltsiz","8":"pa_tur-kitap","9":"pa_yayinevi-dogu-bati-yayinlari","10":"pa_yazar-ferhat-balekoglu","12":"first","13":"instock","14":"sale","15":"shipping-taxable","16":"purchasable","17":"product-type-simple"},"_links":{"self":[{"href":"https:\/\/roveyayinevi.com.tr\/index.php\/wp-json\/wp\/v2\/product\/734932","targetHints":{"allow":["GET"]}}],"collection":[{"href":"https:\/\/roveyayinevi.com.tr\/index.php\/wp-json\/wp\/v2\/product"}],"about":[{"href":"https:\/\/roveyayinevi.com.tr\/index.php\/wp-json\/wp\/v2\/types\/product"}],"wp:attachment":[{"href":"https:\/\/roveyayinevi.com.tr\/index.php\/wp-json\/wp\/v2\/media?parent=734932"}],"wp:term":[{"taxonomy":"product_brand","embeddable":true,"href":"https:\/\/roveyayinevi.com.tr\/index.php\/wp-json\/wp\/v2\/product_brand?post=734932"},{"taxonomy":"product_cat","embeddable":true,"href":"https:\/\/roveyayinevi.com.tr\/index.php\/wp-json\/wp\/v2\/product_cat?post=734932"},{"taxonomy":"product_tag","embeddable":true,"href":"https:\/\/roveyayinevi.com.tr\/index.php\/wp-json\/wp\/v2\/product_tag?post=734932"}],"curies":[{"name":"wp","href":"https:\/\/api.w.org\/{rel}","templated":true}]}}