{"id":734929,"date":"2025-08-27T22:37:15","date_gmt":"2025-08-27T19:37:15","guid":{"rendered":"https:\/\/roveyayinevi.com.tr\/index.php\/urun\/iristu-ile-ak-kagan\/"},"modified":"2026-04-16T02:42:54","modified_gmt":"2026-04-15T23:42:54","slug":"iristu-ile-ak-kagan","status":"publish","type":"product","link":"https:\/\/roveyayinevi.com.tr\/index.php\/urun\/iristu-ile-ak-kagan\/","title":{"rendered":"\u0130ristu ile Ak Ka\u011fan"},"content":{"rendered":"<p>Ko\u015ftum, ko\u015ftum, Ak g\u00f6le d\u00fc\u015ft\u00fcm, G\u00f6lden bir kam\u0131\u015f ald\u0131m, Kam\u0131\u015f\u0131 yere vurdum, Yerden bir k\u00f6k ald\u0131m, K\u00f6k\u00fc ke\u00e7iye verdim, Ke\u00e7iden s\u00fct ald\u0131m, S\u00fct\u00fc \u0130ristu\u2019ya verdim, \u0130ristu s\u00fct\u00fc i\u00e7ti, Kaval \u00e7al\u0131p oynad\u0131, Soy soylad\u0131, boy boylad\u0131, Masal\u0131 sen anlat deyip ka\u00e7t\u0131, G\u00f6rev gene bana d\u00fc\u015ft\u00fc&#8230; <\/p>\n","protected":false},"excerpt":{"rendered":"<p>Ko\u015ftum, ko\u015ftum, Ak g\u00f6le d\u00fc\u015ft\u00fcm, G\u00f6lden bir kam\u0131\u015f ald\u0131m, Kam\u0131\u015f\u0131 yere vurdum, Yerden bir k\u00f6k ald\u0131m, K\u00f6k\u00fc ke\u00e7iye verdim, Ke\u00e7iden s\u00fct ald\u0131m, S\u00fct\u00fc \u0130ristu\u2019ya verdim, \u0130ristu<span class=\"excerpt-hellip\"> [\u2026]<\/span><\/p>\n","protected":false},"featured_media":0,"template":"","meta":{"_monsterinsights_skip_tracking":false,"_monsterinsights_sitenote_active":false,"_monsterinsights_sitenote_note":"","_monsterinsights_sitenote_category":0},"product_brand":[],"product_cat":[12275,12274],"product_tag":[],"class_list":{"0":"post-734929","1":"product","2":"type-product","3":"status-publish","5":"product_cat-6-12-yas-kitaplari","6":"product_cat-cocuk-ve-genclik-kitaplari","7":"pa_cilt-ciltsiz","8":"pa_tur-kitap","9":"pa_yayinevi-dogu-bati-cocuk","10":"pa_yazar-yucel-feyzioglu","12":"first","13":"instock","14":"sale","15":"shipping-taxable","16":"purchasable","17":"product-type-simple"},"_links":{"self":[{"href":"https:\/\/roveyayinevi.com.tr\/index.php\/wp-json\/wp\/v2\/product\/734929","targetHints":{"allow":["GET"]}}],"collection":[{"href":"https:\/\/roveyayinevi.com.tr\/index.php\/wp-json\/wp\/v2\/product"}],"about":[{"href":"https:\/\/roveyayinevi.com.tr\/index.php\/wp-json\/wp\/v2\/types\/product"}],"wp:attachment":[{"href":"https:\/\/roveyayinevi.com.tr\/index.php\/wp-json\/wp\/v2\/media?parent=734929"}],"wp:term":[{"taxonomy":"product_brand","embeddable":true,"href":"https:\/\/roveyayinevi.com.tr\/index.php\/wp-json\/wp\/v2\/product_brand?post=734929"},{"taxonomy":"product_cat","embeddable":true,"href":"https:\/\/roveyayinevi.com.tr\/index.php\/wp-json\/wp\/v2\/product_cat?post=734929"},{"taxonomy":"product_tag","embeddable":true,"href":"https:\/\/roveyayinevi.com.tr\/index.php\/wp-json\/wp\/v2\/product_tag?post=734929"}],"curies":[{"name":"wp","href":"https:\/\/api.w.org\/{rel}","templated":true}]}}