{"id":734928,"date":"2025-08-27T22:37:14","date_gmt":"2025-08-27T19:37:14","guid":{"rendered":"https:\/\/roveyayinevi.com.tr\/index.php\/urun\/esaret\/"},"modified":"2026-04-16T02:42:54","modified_gmt":"2026-04-15T23:42:54","slug":"esaret","status":"publish","type":"product","link":"https:\/\/roveyayinevi.com.tr\/index.php\/urun\/esaret\/","title":{"rendered":"Esaret"},"content":{"rendered":"<p>Ba\u011f\u0131r\u0131\u015flar\u0131m kay\u0131ts\u0131z kalm\u0131\u015ft\u0131. Burnumdan a\u015fa\u011f\u0131ya bir \u015feyin s\u00fcz\u00fcld\u00fc\u011f\u00fcn\u00fc hissettim. Elimi burnuma g\u00f6t\u00fcrd\u00fc\u011f\u00fcmde, burnumdan siyah renkte bir kan akt\u0131\u011f\u0131n\u0131 g\u00f6rd\u00fcm. Daha fazla dayanamad\u0131m. G\u00f6zlerim kararmaya ba\u015flad\u0131. En son hat\u0131rlad\u0131\u011f\u0131m vantilat\u00f6r\u00fcn sesiydi. G\u00f6zlerimi a\u00e7t\u0131\u011f\u0131mda hastanedeydim. Yan\u0131mda bir hem\u015fire, koluma takmakta oldu\u011fu serumla ilgileniyordu. Uyand\u0131\u011f\u0131m\u0131n fark\u0131nda de\u011fildi. Bana ne olmu\u015ftu? Neden hastanedeydim? Murat iyi miydi? <\/p>\n","protected":false},"excerpt":{"rendered":"<p>Ba\u011f\u0131r\u0131\u015flar\u0131m kay\u0131ts\u0131z kalm\u0131\u015ft\u0131. Burnumdan a\u015fa\u011f\u0131ya bir \u015feyin s\u00fcz\u00fcld\u00fc\u011f\u00fcn\u00fc hissettim. Elimi burnuma g\u00f6t\u00fcrd\u00fc\u011f\u00fcmde, burnumdan siyah renkte bir kan akt\u0131\u011f\u0131n\u0131 g\u00f6rd\u00fcm. Daha fazla dayanamad\u0131m. G\u00f6zlerim kararmaya ba\u015flad\u0131. En<span class=\"excerpt-hellip\"> [\u2026]<\/span><\/p>\n","protected":false},"featured_media":0,"template":"","meta":{"_monsterinsights_skip_tracking":false,"_monsterinsights_sitenote_active":false,"_monsterinsights_sitenote_note":"","_monsterinsights_sitenote_category":0},"product_brand":[],"product_cat":[12291,12711],"product_tag":[],"class_list":{"0":"post-734928","1":"product","2":"type-product","3":"status-publish","5":"product_cat-edebiyat","6":"product_cat-roman-oyku","7":"pa_cilt-ciltsiz","8":"pa_tur-kitap","9":"pa_yayinevi-luna-yayinlari","10":"pa_yazar-suleyman-mert","12":"first","13":"instock","14":"sale","15":"shipping-taxable","16":"purchasable","17":"product-type-simple"},"_links":{"self":[{"href":"https:\/\/roveyayinevi.com.tr\/index.php\/wp-json\/wp\/v2\/product\/734928","targetHints":{"allow":["GET"]}}],"collection":[{"href":"https:\/\/roveyayinevi.com.tr\/index.php\/wp-json\/wp\/v2\/product"}],"about":[{"href":"https:\/\/roveyayinevi.com.tr\/index.php\/wp-json\/wp\/v2\/types\/product"}],"wp:attachment":[{"href":"https:\/\/roveyayinevi.com.tr\/index.php\/wp-json\/wp\/v2\/media?parent=734928"}],"wp:term":[{"taxonomy":"product_brand","embeddable":true,"href":"https:\/\/roveyayinevi.com.tr\/index.php\/wp-json\/wp\/v2\/product_brand?post=734928"},{"taxonomy":"product_cat","embeddable":true,"href":"https:\/\/roveyayinevi.com.tr\/index.php\/wp-json\/wp\/v2\/product_cat?post=734928"},{"taxonomy":"product_tag","embeddable":true,"href":"https:\/\/roveyayinevi.com.tr\/index.php\/wp-json\/wp\/v2\/product_tag?post=734928"}],"curies":[{"name":"wp","href":"https:\/\/api.w.org\/{rel}","templated":true}]}}