{"id":734927,"date":"2025-08-27T22:37:13","date_gmt":"2025-08-27T19:37:13","guid":{"rendered":"https:\/\/roveyayinevi.com.tr\/index.php\/urun\/dil-kusa\/"},"modified":"2026-03-30T02:51:38","modified_gmt":"2026-03-29T23:51:38","slug":"dil-kusa","status":"publish","type":"product","link":"https:\/\/roveyayinevi.com.tr\/index.php\/urun\/dil-kusa\/","title":{"rendered":"Dil K\u00fc\u015fa"},"content":{"rendered":"<p>Art\u0131k Mirg\u00fcn\u2019e ula\u015f\u0131yor, Alesia tekrar jetonu kutuya iten elime m\u00e2ni olarak, \u201cK\u0131sac\u0131k bir s\u00fcre de olsa sandal\u0131nla mavili\u011fe a\u00e7\u0131lmak istiyorum!\u201d diyordu\u2026 Bu teklifi, g\u00fcn i\u00e7indeki heyecanlar\u0131ma heyecan kat\u0131yordu\u2026 Sa\u011f elimi uzatarak sandala binmesine yard\u0131mc\u0131 oluyordum. Dilinden d\u00f6k\u00fclen o c\u00fcmle dakikalarca kula\u011f\u0131mda yank\u0131lan\u0131yordu: \u201cTe\u015fekk\u00fcr ederim bay\u0131m\u2026\u201d \u201cTe\u015fekk\u00fcr ederim bay\u0131m\u2026\u201d \u201cTe\u015fekk\u00fcr ederim bay\u0131m\u2026\u201d <\/p>\n","protected":false},"excerpt":{"rendered":"<p>Art\u0131k Mirg\u00fcn\u2019e ula\u015f\u0131yor, Alesia tekrar jetonu kutuya iten elime m\u00e2ni olarak, \u201cK\u0131sac\u0131k bir s\u00fcre de olsa sandal\u0131nla mavili\u011fe a\u00e7\u0131lmak istiyorum!\u201d diyordu\u2026 Bu teklifi, g\u00fcn i\u00e7indeki heyecanlar\u0131ma<span class=\"excerpt-hellip\"> [\u2026]<\/span><\/p>\n","protected":false},"featured_media":0,"template":"","meta":{"_monsterinsights_skip_tracking":false,"_monsterinsights_sitenote_active":false,"_monsterinsights_sitenote_note":"","_monsterinsights_sitenote_category":0},"product_brand":[],"product_cat":[12291,12711],"product_tag":[],"class_list":{"0":"post-734927","1":"product","2":"type-product","3":"status-publish","5":"product_cat-edebiyat","6":"product_cat-roman-oyku","7":"pa_cilt-ciltsiz","8":"pa_tur-kitap","9":"pa_yayinevi-luna-yayinlari","10":"pa_yazar-murat-terlemez","12":"first","13":"instock","14":"sale","15":"shipping-taxable","16":"purchasable","17":"product-type-simple"},"_links":{"self":[{"href":"https:\/\/roveyayinevi.com.tr\/index.php\/wp-json\/wp\/v2\/product\/734927","targetHints":{"allow":["GET"]}}],"collection":[{"href":"https:\/\/roveyayinevi.com.tr\/index.php\/wp-json\/wp\/v2\/product"}],"about":[{"href":"https:\/\/roveyayinevi.com.tr\/index.php\/wp-json\/wp\/v2\/types\/product"}],"wp:attachment":[{"href":"https:\/\/roveyayinevi.com.tr\/index.php\/wp-json\/wp\/v2\/media?parent=734927"}],"wp:term":[{"taxonomy":"product_brand","embeddable":true,"href":"https:\/\/roveyayinevi.com.tr\/index.php\/wp-json\/wp\/v2\/product_brand?post=734927"},{"taxonomy":"product_cat","embeddable":true,"href":"https:\/\/roveyayinevi.com.tr\/index.php\/wp-json\/wp\/v2\/product_cat?post=734927"},{"taxonomy":"product_tag","embeddable":true,"href":"https:\/\/roveyayinevi.com.tr\/index.php\/wp-json\/wp\/v2\/product_tag?post=734927"}],"curies":[{"name":"wp","href":"https:\/\/api.w.org\/{rel}","templated":true}]}}