{"id":734926,"date":"2025-08-27T22:37:12","date_gmt":"2025-08-27T19:37:12","guid":{"rendered":"https:\/\/roveyayinevi.com.tr\/index.php\/urun\/renk-canavari-okulda-ciltli\/"},"modified":"2025-08-31T17:42:01","modified_gmt":"2025-08-31T14:42:01","slug":"renk-canavari-okulda-ciltli","status":"publish","type":"product","link":"https:\/\/roveyayinevi.com.tr\/index.php\/urun\/renk-canavari-okulda-ciltli\/","title":{"rendered":"Renk Canavar\u0131 Okulda (Ciltli)"},"content":{"rendered":"<p>Renk Canavar\u0131 biraz heyecanl\u0131.\u00c7\u00fcnk\u00fc bug\u00fcn okula ba\u015fl\u0131yor. Ama okulun ne oldu\u011funu bile bilmiyor. Merak etme Canavar!  Okulda bir s\u00fcr\u00fc macera ya\u015fayacak, bir\u00e7ok yeni arkada\u015f edineceksin.   Anna Llenas <\/p>\n","protected":false},"excerpt":{"rendered":"<p>Renk Canavar\u0131 biraz heyecanl\u0131.\u00c7\u00fcnk\u00fc bug\u00fcn okula ba\u015fl\u0131yor. Ama okulun ne oldu\u011funu bile bilmiyor. Merak etme Canavar! Okulda bir s\u00fcr\u00fc macera ya\u015fayacak, bir\u00e7ok yeni arkada\u015f edineceksin. Anna<span class=\"excerpt-hellip\"> [\u2026]<\/span><\/p>\n","protected":false},"featured_media":0,"template":"","meta":{"_monsterinsights_skip_tracking":false,"_monsterinsights_sitenote_active":false,"_monsterinsights_sitenote_note":"","_monsterinsights_sitenote_category":0},"product_brand":[],"product_cat":[12913,12274],"product_tag":[],"class_list":{"0":"post-734926","1":"product","2":"type-product","3":"status-publish","5":"product_cat-3-6-yas-kitaplari","6":"product_cat-cocuk-ve-genclik-kitaplari","7":"pa_cilt-ciltli","8":"pa_tur-kitap","9":"pa_yayinevi-nesin-yayinlari","10":"pa_yazar-anna-llenas","12":"first","13":"instock","14":"sale","15":"shipping-taxable","16":"purchasable","17":"product-type-simple"},"_links":{"self":[{"href":"https:\/\/roveyayinevi.com.tr\/index.php\/wp-json\/wp\/v2\/product\/734926","targetHints":{"allow":["GET"]}}],"collection":[{"href":"https:\/\/roveyayinevi.com.tr\/index.php\/wp-json\/wp\/v2\/product"}],"about":[{"href":"https:\/\/roveyayinevi.com.tr\/index.php\/wp-json\/wp\/v2\/types\/product"}],"wp:attachment":[{"href":"https:\/\/roveyayinevi.com.tr\/index.php\/wp-json\/wp\/v2\/media?parent=734926"}],"wp:term":[{"taxonomy":"product_brand","embeddable":true,"href":"https:\/\/roveyayinevi.com.tr\/index.php\/wp-json\/wp\/v2\/product_brand?post=734926"},{"taxonomy":"product_cat","embeddable":true,"href":"https:\/\/roveyayinevi.com.tr\/index.php\/wp-json\/wp\/v2\/product_cat?post=734926"},{"taxonomy":"product_tag","embeddable":true,"href":"https:\/\/roveyayinevi.com.tr\/index.php\/wp-json\/wp\/v2\/product_tag?post=734926"}],"curies":[{"name":"wp","href":"https:\/\/api.w.org\/{rel}","templated":true}]}}