{"id":734924,"date":"2025-08-27T22:37:10","date_gmt":"2025-08-27T19:37:10","guid":{"rendered":"https:\/\/roveyayinevi.com.tr\/index.php\/urun\/kibrisin-en-uzun-yuzyili\/"},"modified":"2026-04-16T02:42:54","modified_gmt":"2026-04-15T23:42:54","slug":"kibrisin-en-uzun-yuzyili","status":"publish","type":"product","link":"https:\/\/roveyayinevi.com.tr\/index.php\/urun\/kibrisin-en-uzun-yuzyili\/","title":{"rendered":"K\u0131br\u0131s&#8217;\u0131n En Uzun Y\u00fczy\u0131l\u0131"},"content":{"rendered":"<p>Kitap tarihsel olarak 1878 ve 1960 y\u0131llar\u0131 aras\u0131ndaki d\u00f6nemi i\u015faret etmekte ve 1878\u2019le birlikte ada y\u00f6netiminin de\u011fi\u015fmesinden sonra Bat\u0131 s\u00f6m\u00fcrgecili\u011fiyle kar\u015f\u0131la\u015fan K\u0131br\u0131sl\u0131 T\u00fcrklerin yeni idareyle birlikte ne gibi d\u00f6n\u00fc\u015f\u00fcmler ya\u015fad\u0131klar\u0131n\u0131, beden politikalar\u0131, kimlik, kolonyalizm gibi farkl\u0131 konular \u00fczerinden irdelemeye \u00e7al\u0131\u015fmaktad\u0131r. Bir taraftan adal\u0131lar\u0131n bu yeni duruma adaptasyonuna ve reaksiyonlar\u0131na bakarken di\u011fer taraftan da yeni idarenin s\u00f6m\u00fcrgeci bak\u0131\u015f a\u00e7\u0131s\u0131n\u0131 ortaya \u00e7\u0131karmaya \u00e7al\u0131\u015fmaktad\u0131r. Kitap Bat\u0131 Kolonyal mentalitesini irdelerken, s\u00f6m\u00fcrgecili\u011fin adaya ve \u00f6zellikle K\u0131br\u0131sl\u0131 T\u00fcrklere olan kal\u0131c\u0131 etkilerine de yo\u011funla\u015fmaktad\u0131r. Ayr\u0131ca, iki d\u00fcnya sava\u015f\u0131n\u0131n ya\u015fand\u0131\u011f\u0131 bu \u201cuzun\u201d y\u00fczy\u0131lda, K\u0131br\u0131s\u2019\u0131n d\u00fcnyadaki k\u00fcresel geli\u015fmelerden nas\u0131l etkilendi\u011fine bakarken yakla\u015f\u0131k bir as\u0131r boyunca adadaki kimliklerin nas\u0131l d\u00f6n\u00fc\u015ft\u00fc\u011f\u00fcn\u00fc ve \u015fekillendi\u011fini de a\u00e7\u0131klamaya \u00e7al\u0131\u015fmaktad\u0131r. Osmanl\u0131\u2019n\u0131n gitmesiyle birlikte K\u0131br\u0131sl\u0131 T\u00fcrklerin yo\u011fun bir kimlik buhran\u0131 i\u00e7erisine girdiklerini adeta \u201cask\u0131da kald\u0131klar\u0131\u201d bu s\u00fcrece kar\u015f\u0131 geli\u015ftirdikleri \u201cvarolu\u015f m\u00fccadelesi\u201d yan\u0131nda mek\u00e2n alg\u0131lar\u0131n\u0131n nas\u0131l zamanla d\u00f6n\u00fc\u015ft\u00fc\u011f\u00fc ve topra\u011fa ba\u011fl\u0131 siyasi bir toplum haline geldi\u011fi metnin ana konusudur. <\/p>\n","protected":false},"excerpt":{"rendered":"<p>Kitap tarihsel olarak 1878 ve 1960 y\u0131llar\u0131 aras\u0131ndaki d\u00f6nemi i\u015faret etmekte ve 1878\u2019le birlikte ada y\u00f6netiminin de\u011fi\u015fmesinden sonra Bat\u0131 s\u00f6m\u00fcrgecili\u011fiyle kar\u015f\u0131la\u015fan K\u0131br\u0131sl\u0131 T\u00fcrklerin yeni idareyle birlikte<span class=\"excerpt-hellip\"> [\u2026]<\/span><\/p>\n","protected":false},"featured_media":0,"template":"","meta":{"_monsterinsights_skip_tracking":false,"_monsterinsights_sitenote_active":false,"_monsterinsights_sitenote_note":"","_monsterinsights_sitenote_category":0},"product_brand":[],"product_cat":[12370,12304],"product_tag":[],"class_list":{"0":"post-734924","1":"product","2":"type-product","3":"status-publish","5":"product_cat-arastirma-inceleme","6":"product_cat-tarih","7":"pa_cilt-ciltsiz","8":"pa_tur-kitap","9":"pa_yayinevi-kalkedon-yayincilik","10":"pa_yazar-mete-hatay","12":"first","13":"instock","14":"sale","15":"shipping-taxable","16":"purchasable","17":"product-type-simple"},"_links":{"self":[{"href":"https:\/\/roveyayinevi.com.tr\/index.php\/wp-json\/wp\/v2\/product\/734924","targetHints":{"allow":["GET"]}}],"collection":[{"href":"https:\/\/roveyayinevi.com.tr\/index.php\/wp-json\/wp\/v2\/product"}],"about":[{"href":"https:\/\/roveyayinevi.com.tr\/index.php\/wp-json\/wp\/v2\/types\/product"}],"wp:attachment":[{"href":"https:\/\/roveyayinevi.com.tr\/index.php\/wp-json\/wp\/v2\/media?parent=734924"}],"wp:term":[{"taxonomy":"product_brand","embeddable":true,"href":"https:\/\/roveyayinevi.com.tr\/index.php\/wp-json\/wp\/v2\/product_brand?post=734924"},{"taxonomy":"product_cat","embeddable":true,"href":"https:\/\/roveyayinevi.com.tr\/index.php\/wp-json\/wp\/v2\/product_cat?post=734924"},{"taxonomy":"product_tag","embeddable":true,"href":"https:\/\/roveyayinevi.com.tr\/index.php\/wp-json\/wp\/v2\/product_tag?post=734924"}],"curies":[{"name":"wp","href":"https:\/\/api.w.org\/{rel}","templated":true}]}}