{"id":734919,"date":"2025-08-27T22:37:06","date_gmt":"2025-08-27T19:37:06","guid":{"rendered":"https:\/\/roveyayinevi.com.tr\/index.php\/urun\/moda-sistemi\/"},"modified":"2026-03-12T02:53:42","modified_gmt":"2026-03-11T23:53:42","slug":"moda-sistemi","status":"publish","type":"product","link":"https:\/\/roveyayinevi.com.tr\/index.php\/urun\/moda-sistemi\/","title":{"rendered":"Moda Sistemi"},"content":{"rendered":"<p>Beklenmedik ama yine de d\u00fczenli, her zaman yeni ve anla\u015f\u0131l\u0131r olan moda, psikologlar\u0131n, estetik\u00e7ilerin, sosyologlar\u0131n hep ilgisini \u00e7ekmi\u015ftir. Ancak Roland Barthes moday\u0131 bamba\u015fka bir bak\u0131\u015f a\u00e7\u0131s\u0131yla ele alm\u0131\u015ft\u0131r. Bas\u0131n betimlerini kullanarak onu kavrav\u0131p modada bir anlamlama sistemini a\u00e7\u0131\u011fa \u00e7\u0131karm\u0131\u015f ve b\u00f6ylece modaya ger\u00e7ek bir semantik \u00e7\u00f6z\u00fcmleme uygulam\u0131\u015ft\u0131r. \u0130nsan giysisiyle ve s\u00f6z\u00fcyle nas\u0131l anlam \u00fcretir.   Art\u0131k klasikle\u015fen bu kitap g\u00f6stergebilimin k\u00fclt\u00fcrel bir olguya uygulamas\u0131n\u0131n en parlak \u00f6rneklerinden biridir. <\/p>\n","protected":false},"excerpt":{"rendered":"<p>Beklenmedik ama yine de d\u00fczenli, her zaman yeni ve anla\u015f\u0131l\u0131r olan moda, psikologlar\u0131n, estetik\u00e7ilerin, sosyologlar\u0131n hep ilgisini \u00e7ekmi\u015ftir. Ancak Roland Barthes moday\u0131 bamba\u015fka bir bak\u0131\u015f a\u00e7\u0131s\u0131yla<span class=\"excerpt-hellip\"> [\u2026]<\/span><\/p>\n","protected":false},"featured_media":0,"template":"","meta":{"_monsterinsights_skip_tracking":false,"_monsterinsights_sitenote_active":false,"_monsterinsights_sitenote_note":"","_monsterinsights_sitenote_category":0},"product_brand":[],"product_cat":[15563,31980],"product_tag":[],"class_list":{"0":"post-734919","1":"product","2":"type-product","3":"status-publish","5":"product_cat-hobi","6":"product_cat-moda","7":"pa_cilt-ciltsiz","8":"pa_tur-kitap","9":"pa_yayinevi-hayalperest-yayinlari","10":"pa_yazar-roland-barthes","12":"first","13":"instock","14":"sale","15":"shipping-taxable","16":"purchasable","17":"product-type-simple"},"_links":{"self":[{"href":"https:\/\/roveyayinevi.com.tr\/index.php\/wp-json\/wp\/v2\/product\/734919","targetHints":{"allow":["GET"]}}],"collection":[{"href":"https:\/\/roveyayinevi.com.tr\/index.php\/wp-json\/wp\/v2\/product"}],"about":[{"href":"https:\/\/roveyayinevi.com.tr\/index.php\/wp-json\/wp\/v2\/types\/product"}],"wp:attachment":[{"href":"https:\/\/roveyayinevi.com.tr\/index.php\/wp-json\/wp\/v2\/media?parent=734919"}],"wp:term":[{"taxonomy":"product_brand","embeddable":true,"href":"https:\/\/roveyayinevi.com.tr\/index.php\/wp-json\/wp\/v2\/product_brand?post=734919"},{"taxonomy":"product_cat","embeddable":true,"href":"https:\/\/roveyayinevi.com.tr\/index.php\/wp-json\/wp\/v2\/product_cat?post=734919"},{"taxonomy":"product_tag","embeddable":true,"href":"https:\/\/roveyayinevi.com.tr\/index.php\/wp-json\/wp\/v2\/product_tag?post=734919"}],"curies":[{"name":"wp","href":"https:\/\/api.w.org\/{rel}","templated":true}]}}