{"id":734918,"date":"2025-08-27T22:37:05","date_gmt":"2025-08-27T19:37:05","guid":{"rendered":"https:\/\/roveyayinevi.com.tr\/index.php\/urun\/tin-ten-tini\/"},"modified":"2026-04-16T02:42:54","modified_gmt":"2026-04-15T23:42:54","slug":"tin-ten-tini","status":"publish","type":"product","link":"https:\/\/roveyayinevi.com.tr\/index.php\/urun\/tin-ten-tini\/","title":{"rendered":"Tin Ten T\u0131n\u0131"},"content":{"rendered":"<p>M\u00fczik ve dans tarih boyunca ve her k\u00fclt\u00fcrde ruhsal d\u00fcnyam\u0131z\u0131 zenginle\u015ftirmek veya iyile\u015ftirmek i\u00e7in, sihir ve \u015fifa i\u00e7in kullan\u0131lm\u0131\u015ft\u0131r. Sevdi\u011fin, dinledi\u011fin \u015fark\u0131lar seni sana anlatan aynalard\u0131r. O aynalar\u0131n yans\u0131mas\u0131ndan sen sand\u0131\u011f\u0131n senleri fark edebilir, ger\u00e7ek seni ke\u015ffedebilir ve ya\u015fam\u0131n\u0131 yeniden yaratabilirsin.Bu kitap m\u00fczi\u011fi ve dans\u0131 fark\u0131ndal\u0131kla kullanma rehberidir. Yeni bir fark\u0131ndal\u0131kla ve bilimin \u0131\u015f\u0131\u011f\u0131nda onlara bakmaya, onlarla yeniden tan\u0131\u015fmaya, m\u00fczi\u011fi, \u015fark\u0131lar\u0131 yeni bir bak\u0131\u015f a\u00e7\u0131s\u0131yla dinlemeye, kendini ve hayat\u0131n\u0131 daha yak\u0131ndan tan\u0131mak, ke\u015ffetmek, d\u00f6n\u00fc\u015ft\u00fcrmek, iyile\u015ftirmek ve yeniden yaratmak i\u00e7in onlar\u0131 kullanmaya haz\u0131r m\u0131s\u0131n?Sihir ve \u015fifa kaynaklar\u0131 olarak m\u00fczik ve dans kendine do\u011fru \u00e7\u0131kt\u0131\u011f\u0131n yolculu\u011fu kolayla\u015ft\u0131racak ve zevkli hale getirecek. Yeter ki neyi, nerede, nas\u0131l dinleyece\u011fini ve a\u00e7\u0131\u011fa \u00e7\u0131kan duygularla ne yapaca\u011f\u0131n\u0131 bil.Bir \u015fark\u0131s\u0131n Sen! Sana anlat kendini desem, Sen oldu\u011fun \u015fark\u0131y\u0131 \u00e7alsan s\u00f6ylesen Ve kendi m\u00fczi\u011finle dans etsen! Nas\u0131l bir \u015fark\u0131, nas\u0131l bir dans ortaya \u00e7\u0131kar dersin senden? Yeniden besteleyebilirsin kendini istersen! Sonsuzluktan yeni s\u00f6zler, ahenkli melodiler&#8230; Se\u00e7 se\u00e7ebilirsen!Bu kitap se\u00e7imini kolayla\u015ft\u0131rmak i\u00e7in!<\/p>\n","protected":false},"excerpt":{"rendered":"<p>M\u00fczik ve dans tarih boyunca ve her k\u00fclt\u00fcrde ruhsal d\u00fcnyam\u0131z\u0131 zenginle\u015ftirmek veya iyile\u015ftirmek i\u00e7in, sihir ve \u015fifa i\u00e7in kullan\u0131lm\u0131\u015ft\u0131r. Sevdi\u011fin, dinledi\u011fin \u015fark\u0131lar seni sana anlatan aynalard\u0131r.<span class=\"excerpt-hellip\"> [\u2026]<\/span><\/p>\n","protected":false},"featured_media":0,"template":"","meta":{"_monsterinsights_skip_tracking":false,"_monsterinsights_sitenote_active":false,"_monsterinsights_sitenote_note":"","_monsterinsights_sitenote_category":0},"product_brand":[],"product_cat":[12364,12376],"product_tag":[],"class_list":{"0":"post-734918","1":"product","2":"type-product","3":"status-publish","5":"product_cat-genel-konular","6":"product_cat-kisisel-gelisim","7":"pa_cilt-ciltsiz","8":"pa_tur-kitap","9":"pa_yayinevi-kuraldisi-yayinevi","10":"pa_yazar-kristal-sila-ozhendekci","12":"first","13":"instock","14":"sale","15":"shipping-taxable","16":"purchasable","17":"product-type-simple"},"_links":{"self":[{"href":"https:\/\/roveyayinevi.com.tr\/index.php\/wp-json\/wp\/v2\/product\/734918","targetHints":{"allow":["GET"]}}],"collection":[{"href":"https:\/\/roveyayinevi.com.tr\/index.php\/wp-json\/wp\/v2\/product"}],"about":[{"href":"https:\/\/roveyayinevi.com.tr\/index.php\/wp-json\/wp\/v2\/types\/product"}],"wp:attachment":[{"href":"https:\/\/roveyayinevi.com.tr\/index.php\/wp-json\/wp\/v2\/media?parent=734918"}],"wp:term":[{"taxonomy":"product_brand","embeddable":true,"href":"https:\/\/roveyayinevi.com.tr\/index.php\/wp-json\/wp\/v2\/product_brand?post=734918"},{"taxonomy":"product_cat","embeddable":true,"href":"https:\/\/roveyayinevi.com.tr\/index.php\/wp-json\/wp\/v2\/product_cat?post=734918"},{"taxonomy":"product_tag","embeddable":true,"href":"https:\/\/roveyayinevi.com.tr\/index.php\/wp-json\/wp\/v2\/product_tag?post=734918"}],"curies":[{"name":"wp","href":"https:\/\/api.w.org\/{rel}","templated":true}]}}