{"id":734917,"date":"2025-08-27T22:37:05","date_gmt":"2025-08-27T19:37:05","guid":{"rendered":"https:\/\/roveyayinevi.com.tr\/index.php\/urun\/sefkat-2\/"},"modified":"2026-04-16T02:42:53","modified_gmt":"2026-04-15T23:42:53","slug":"sefkat-2","status":"publish","type":"product","link":"https:\/\/roveyayinevi.com.tr\/index.php\/urun\/sefkat-2\/","title":{"rendered":"\u015eefkat"},"content":{"rendered":"<p>Yirminci y\u00fczy\u0131l\u0131n en b\u00fcy\u00fck spirit\u00fcel ustalar\u0131ndan biri olan Osho, bu kitapta hem ba\u015fkalar\u0131yla hem de kendimizle nas\u0131l empati kurabilece\u011fimizi ara\u015ft\u0131r\u0131yor. Osho, \u015fefkatin do\u011fas\u0131n\u0131 tamamen farkl\u0131 bir bak\u0131\u015f a\u00e7\u0131s\u0131yla inceleyerek bu kelimenin k\u00f6k\u00fcnde \u201ctutkunun\u201d yatt\u0131\u011f\u0131n\u0131 ortaya koyuyor ve ard\u0131ndan \u015fefkatin ger\u00e7ekte ne oldu\u011funa dair yap\u0131lan varsay\u0131mlara meydan okuyor. Pek \u00e7ok s\u00f6zde \u015fefkat eyleminin, ince bir \u00f6z-\u00f6nem duygusu ve tan\u0131nma arzusuyla lekelendi\u011fini s\u00f6yl\u00fcyor. Di\u011fer eylemlerin ise ba\u015fkalar\u0131na ger\u00e7ekten yard\u0131m etmekten ziyade onlar\u0131 de\u011fi\u015fmeye zorlama arzusuna dayand\u0131\u011f\u0131n\u0131 a\u00e7\u0131kl\u0131yor. Osho, \u0130sa\u2019n\u0131n, Buda\u2019n\u0131n ve Zen d\u00fcnyas\u0131n\u0131n ya\u015famlar\u0131ndan \u00f6rnek hik\u00e2yeler sunarak ger\u00e7ek \u015fefkatin sadece kendi i\u00e7imizden do\u011fabilece\u011fini \u2012kendimize y\u00f6nelik derin bir kabul ve sevgi ile ba\u015flayabildi\u011fini\u2012 g\u00f6steriyor. \u0130\u015fte ancak o zaman, Osho\u2019nun tabiriyle, di\u011ferini oldu\u011fu gibi ko\u015fulsuz olarak kabul edebildi\u011fimizde \u015fefkat art\u0131k iyile\u015ftirici bir g\u00fcce d\u00f6n\u00fc\u015febilmektedir. Osho, bizleri hayat\u0131 t\u00fcm zenginlikleriyle ya\u015fama kapasitemizi s\u0131n\u0131rlayan ko\u015fullu inan\u00e7 sistemlerinden ve \u00f6nyarg\u0131lardan kurtulmaya davet ediyor. Kendisi, Sunday Times of London taraf\u0131ndan, \u201c20\u2019nci Y\u00fczy\u0131l\u0131n En B\u00fcy\u00fck 1000 Kurucusu\u201d listesine dahil edilmi\u015ftir. Ve Hindistan\u2019da yay\u0131nlanan Sunday Mid-Day, Osho\u2019yu Hindistan\u2019\u0131n tarihini de\u011fi\u015ftiren 10 insan\u0131n aras\u0131nda olmaya lay\u0131k g\u00f6rm\u00fc\u015f, onu Gandhi, Nehru ve Buda gibi \u015fahsiyetlerin aras\u0131na yerle\u015ftirmi\u015ftir. 1990\u2019daki \u00f6l\u00fcm\u00fcnden bu yana Osho\u2019nun \u00f6\u011fretilerinin etkisi geni\u015flemeye devam ediyor ve d\u00fcnyan\u0131n hemen her \u00fclkesinde her ya\u015ftan aray\u0131c\u0131ya ula\u015f\u0131yor. <\/p>\n","protected":false},"excerpt":{"rendered":"<p>Yirminci y\u00fczy\u0131l\u0131n en b\u00fcy\u00fck spirit\u00fcel ustalar\u0131ndan biri olan Osho, bu kitapta hem ba\u015fkalar\u0131yla hem de kendimizle nas\u0131l empati kurabilece\u011fimizi ara\u015ft\u0131r\u0131yor. Osho, \u015fefkatin do\u011fas\u0131n\u0131 tamamen farkl\u0131 bir<span class=\"excerpt-hellip\"> [\u2026]<\/span><\/p>\n","protected":false},"featured_media":0,"template":"","meta":{"_monsterinsights_skip_tracking":false,"_monsterinsights_sitenote_active":false,"_monsterinsights_sitenote_note":"","_monsterinsights_sitenote_category":0},"product_brand":[],"product_cat":[12364,12376],"product_tag":[],"class_list":{"0":"post-734917","1":"product","2":"type-product","3":"status-publish","5":"product_cat-genel-konular","6":"product_cat-kisisel-gelisim","7":"pa_cilt-ciltsiz","8":"pa_tur-kitap","9":"pa_yayinevi-butik-yayinlari","10":"pa_yazar-osho","12":"first","13":"instock","14":"sale","15":"shipping-taxable","16":"purchasable","17":"product-type-simple"},"_links":{"self":[{"href":"https:\/\/roveyayinevi.com.tr\/index.php\/wp-json\/wp\/v2\/product\/734917","targetHints":{"allow":["GET"]}}],"collection":[{"href":"https:\/\/roveyayinevi.com.tr\/index.php\/wp-json\/wp\/v2\/product"}],"about":[{"href":"https:\/\/roveyayinevi.com.tr\/index.php\/wp-json\/wp\/v2\/types\/product"}],"wp:attachment":[{"href":"https:\/\/roveyayinevi.com.tr\/index.php\/wp-json\/wp\/v2\/media?parent=734917"}],"wp:term":[{"taxonomy":"product_brand","embeddable":true,"href":"https:\/\/roveyayinevi.com.tr\/index.php\/wp-json\/wp\/v2\/product_brand?post=734917"},{"taxonomy":"product_cat","embeddable":true,"href":"https:\/\/roveyayinevi.com.tr\/index.php\/wp-json\/wp\/v2\/product_cat?post=734917"},{"taxonomy":"product_tag","embeddable":true,"href":"https:\/\/roveyayinevi.com.tr\/index.php\/wp-json\/wp\/v2\/product_tag?post=734917"}],"curies":[{"name":"wp","href":"https:\/\/api.w.org\/{rel}","templated":true}]}}