{"id":734916,"date":"2025-08-27T22:37:04","date_gmt":"2025-08-27T19:37:04","guid":{"rendered":"https:\/\/roveyayinevi.com.tr\/index.php\/urun\/olgunluk\/"},"modified":"2026-04-15T02:55:21","modified_gmt":"2026-04-14T23:55:21","slug":"olgunluk","status":"publish","type":"product","link":"https:\/\/roveyayinevi.com.tr\/index.php\/urun\/olgunluk\/","title":{"rendered":"Olgunluk"},"content":{"rendered":"<p>Bu kitapta, yirminci y\u00fczy\u0131l\u0131n en b\u00fcy\u00fck spirit\u00fcel ustalar\u0131ndan biri olan Osho, ilerleyen ya\u015flar\u0131m\u0131z\u0131n bah\u015fetti\u011fi ya\u015fam niteliklerini benimsememiz i\u00e7in bizi te\u015fvik ediyor. Gen\u00e7li\u011fe saplant\u0131l\u0131 bir \u015fekilde tutunan ve her ne pahas\u0131na olursa olsun ya\u015fl\u0131l\u0131ktan ka\u00e7\u0131nmaya kararl\u0131 olan bir k\u00fclt\u00fcrde bu kitap, Viagra ve kozmetik cerrahi \u00e7a\u011f\u0131nda \u00e7oktan unutulmu\u015f olan bir soruyu g\u00fcndeme getirme cesaretini g\u00f6steriyor: \u00d6l\u00fcm \u00e2n\u0131na kadar gen\u00e7li\u011fe ve onun hazlar\u0131na tutunmaya \u00e7al\u0131\u015fmaktansa ya\u015flanma s\u00fcrecini do\u011fal olarak kabul etmenin ne gibi faydalar\u0131 olabilir? Osho bizleri ya\u015flanman\u0131n de\u011fil, b\u00fcy\u00fcmenin ne anlama geldi\u011finin k\u00f6klerine g\u00f6t\u00fcr\u00fcyor. Hem ba\u015fkalar\u0131yla olan ili\u015fkilerimizde, hem de kendi bireysel kaderimizin ger\u00e7ekle\u015fmesinde, Osho bize yaln\u0131zca ger\u00e7ek olgunlu\u011fun getirebilece\u011fi hazlar\u0131 hat\u0131rlat\u0131yor. Bir \u00e7ocu\u011fun benmerkezli evreninden ya\u015fl\u0131l\u0131kta bilgeli\u011fin ve \u015fefkatin \u00e7i\u00e7ek a\u00e7mas\u0131na kadar, insan ya\u015fam\u0131ndaki on temel b\u00fcy\u00fcme d\u00f6ng\u00fcs\u00fcn\u00fc anahatlar\u0131yla belirtiyor. Osho, t\u00fcm kitap boyunca ortaya koydu\u011fu mizah anlay\u0131\u015f\u0131 ile hayat\u0131m\u0131z\u0131n daha derin anlam\u0131ndan ve amac\u0131ndan ki kendi bireysel benzersizli\u011fimize ve olgunlu\u011fumuza bir kutlama ve ne\u015fe tavr\u0131yla \u00e7i\u00e7ek a\u00e7makt\u0131r uzakla\u015fman\u0131n ne kadar kolay oldu\u011funa dair derin bir kavray\u0131\u015f sunuyor. Osho, bizleri hayat\u0131 t\u00fcm zenginlikleriyle ya\u015fama kapasitemizi s\u0131n\u0131rlayan ko\u015fullu inan\u00e7 sistemlerinden ve \u00f6nyarg\u0131lardan kurtulmaya davet ediyor. Kendisi, Sunday Times of London taraf\u0131ndan \u201c20\u2019nci Y\u00fczy\u0131l\u0131n En B\u00fcy\u00fck 1000 Kurucusu\u201d listesine dahil edilmi\u015ftir. Ve Hindistan\u2019da yay\u0131nlanan Sunday Mid-Day, Osho\u2019yu Hindistan\u2019\u0131n tarihini de\u011fi\u015ftiren 10 insan\u0131n aras\u0131nda olmaya lay\u0131k g\u00f6rm\u00fc\u015f, onu Gandhi, Nehru ve Buda gibi \u015fahsiyetlerin aras\u0131na yerle\u015ftirmi\u015ftir. 1990\u2019daki \u00f6l\u00fcm\u00fcnden bu yana Osho\u2019nun \u00f6\u011fretilerinin etkisi geni\u015flemeye devam ediyor ve d\u00fcnyan\u0131n hemen her \u00fclkesinde her ya\u015ftan aray\u0131c\u0131ya ula\u015f\u0131yor. <\/p>\n","protected":false},"excerpt":{"rendered":"<p>Bu kitapta, yirminci y\u00fczy\u0131l\u0131n en b\u00fcy\u00fck spirit\u00fcel ustalar\u0131ndan biri olan Osho, ilerleyen ya\u015flar\u0131m\u0131z\u0131n bah\u015fetti\u011fi ya\u015fam niteliklerini benimsememiz i\u00e7in bizi te\u015fvik ediyor. Gen\u00e7li\u011fe saplant\u0131l\u0131 bir \u015fekilde tutunan<span class=\"excerpt-hellip\"> [\u2026]<\/span><\/p>\n","protected":false},"featured_media":0,"template":"","meta":{"_monsterinsights_skip_tracking":false,"_monsterinsights_sitenote_active":false,"_monsterinsights_sitenote_note":"","_monsterinsights_sitenote_category":0},"product_brand":[],"product_cat":[12364,12376],"product_tag":[],"class_list":{"0":"post-734916","1":"product","2":"type-product","3":"status-publish","5":"product_cat-genel-konular","6":"product_cat-kisisel-gelisim","7":"pa_cilt-ciltsiz","8":"pa_tur-kitap","9":"pa_yayinevi-butik-yayinlari","10":"pa_yazar-osho","12":"first","13":"instock","14":"sale","15":"shipping-taxable","16":"purchasable","17":"product-type-simple"},"_links":{"self":[{"href":"https:\/\/roveyayinevi.com.tr\/index.php\/wp-json\/wp\/v2\/product\/734916","targetHints":{"allow":["GET"]}}],"collection":[{"href":"https:\/\/roveyayinevi.com.tr\/index.php\/wp-json\/wp\/v2\/product"}],"about":[{"href":"https:\/\/roveyayinevi.com.tr\/index.php\/wp-json\/wp\/v2\/types\/product"}],"wp:attachment":[{"href":"https:\/\/roveyayinevi.com.tr\/index.php\/wp-json\/wp\/v2\/media?parent=734916"}],"wp:term":[{"taxonomy":"product_brand","embeddable":true,"href":"https:\/\/roveyayinevi.com.tr\/index.php\/wp-json\/wp\/v2\/product_brand?post=734916"},{"taxonomy":"product_cat","embeddable":true,"href":"https:\/\/roveyayinevi.com.tr\/index.php\/wp-json\/wp\/v2\/product_cat?post=734916"},{"taxonomy":"product_tag","embeddable":true,"href":"https:\/\/roveyayinevi.com.tr\/index.php\/wp-json\/wp\/v2\/product_tag?post=734916"}],"curies":[{"name":"wp","href":"https:\/\/api.w.org\/{rel}","templated":true}]}}