{"id":734914,"date":"2025-08-27T22:37:03","date_gmt":"2025-08-27T19:37:03","guid":{"rendered":"https:\/\/roveyayinevi.com.tr\/index.php\/urun\/sihirbazlarin-tarotu\/"},"modified":"2026-04-16T02:42:53","modified_gmt":"2026-04-15T23:42:53","slug":"sihirbazlarin-tarotu","status":"publish","type":"product","link":"https:\/\/roveyayinevi.com.tr\/index.php\/urun\/sihirbazlarin-tarotu\/","title":{"rendered":"Sihirbazlar\u0131n Tarotu"},"content":{"rendered":"<p>78 Kartl\u0131k Deste ve Rehber Kitap.   G\u00f6z kama\u015ft\u0131r\u0131c\u0131 Sihirbazlar\u0131n destesiyle sihrinizin hakimi olun. Rider-Waite-Smith ekol\u00fcne dayanan bu kar\u015f\u0131 konulmaz deste ve rehber kitapla k\u0131l\u0131c\u0131n\u0131z\u0131 kald\u0131r\u0131n, asan\u0131z\u0131 savurun, kupan\u0131z\u0131 bo\u015falt\u0131n ve paran\u0131z\u0131 \u00e7izin. Her bir kart canl\u0131 renklerle ve nefes kesen sihir patlamalar\u0131yla hayat buluyor. \u00c7e\u015fitli alanlarda \u00e7al\u0131\u015fanlar Barbara Moore\u2019\u0131n m\u00fcthi\u015f bilgeli\u011finden ve Mieke Janssens\u2019in harikulade \u00e7izimlerinden yararlanarak becerilerini g\u00fc\u00e7lendirebilir.  Hayranl\u0131k uyand\u0131ran ustalarla ve sihirli g\u00fc\u00e7lere sahip ustalarla dolu olan bu inan\u0131lmaz deste \u00e7evirdi\u011finiz her bir kartla size keyif verecektir. <\/p>\n","protected":false},"excerpt":{"rendered":"<p>78 Kartl\u0131k Deste ve Rehber Kitap. G\u00f6z kama\u015ft\u0131r\u0131c\u0131 Sihirbazlar\u0131n destesiyle sihrinizin hakimi olun. Rider-Waite-Smith ekol\u00fcne dayanan bu kar\u015f\u0131 konulmaz deste ve rehber kitapla k\u0131l\u0131c\u0131n\u0131z\u0131 kald\u0131r\u0131n, asan\u0131z\u0131<span class=\"excerpt-hellip\"> [\u2026]<\/span><\/p>\n","protected":false},"featured_media":0,"template":"","meta":{"_monsterinsights_skip_tracking":false,"_monsterinsights_sitenote_active":false,"_monsterinsights_sitenote_note":"","_monsterinsights_sitenote_category":0},"product_brand":[],"product_cat":[18082,15563],"product_tag":[],"class_list":{"0":"post-734914","1":"product","2":"type-product","3":"status-publish","5":"product_cat-astroloji-fal-ruya","6":"product_cat-hobi","7":"pa_cilt-ciltsiz","8":"pa_tur-kitap","9":"pa_yayinevi-butik-yayinlari","10":"pa_yazar-barbara-moore","12":"first","13":"instock","14":"sale","15":"shipping-taxable","16":"purchasable","17":"product-type-simple"},"_links":{"self":[{"href":"https:\/\/roveyayinevi.com.tr\/index.php\/wp-json\/wp\/v2\/product\/734914","targetHints":{"allow":["GET"]}}],"collection":[{"href":"https:\/\/roveyayinevi.com.tr\/index.php\/wp-json\/wp\/v2\/product"}],"about":[{"href":"https:\/\/roveyayinevi.com.tr\/index.php\/wp-json\/wp\/v2\/types\/product"}],"wp:attachment":[{"href":"https:\/\/roveyayinevi.com.tr\/index.php\/wp-json\/wp\/v2\/media?parent=734914"}],"wp:term":[{"taxonomy":"product_brand","embeddable":true,"href":"https:\/\/roveyayinevi.com.tr\/index.php\/wp-json\/wp\/v2\/product_brand?post=734914"},{"taxonomy":"product_cat","embeddable":true,"href":"https:\/\/roveyayinevi.com.tr\/index.php\/wp-json\/wp\/v2\/product_cat?post=734914"},{"taxonomy":"product_tag","embeddable":true,"href":"https:\/\/roveyayinevi.com.tr\/index.php\/wp-json\/wp\/v2\/product_tag?post=734914"}],"curies":[{"name":"wp","href":"https:\/\/api.w.org\/{rel}","templated":true}]}}