{"id":734913,"date":"2025-08-27T22:37:01","date_gmt":"2025-08-27T19:37:01","guid":{"rendered":"https:\/\/roveyayinevi.com.tr\/index.php\/urun\/kalpten-gelen-armagan\/"},"modified":"2026-04-16T02:42:53","modified_gmt":"2026-04-15T23:42:53","slug":"kalpten-gelen-armagan","status":"publish","type":"product","link":"https:\/\/roveyayinevi.com.tr\/index.php\/urun\/kalpten-gelen-armagan\/","title":{"rendered":"Kalpten Gelen Arma\u011fan"},"content":{"rendered":"<p>Yeterli Olana Dair Bilgece Bir HikayeKurtlarla Ko\u015fan Kad\u0131nlar adl\u0131 kitab\u0131yla t\u00fcm d\u00fcnyada b\u00fcy\u00fck bir okur kitlesine ula\u015fan Clarissa Pinkola Est\u00e9s, hik\u00e2yeleri g\u00fcndelik ya\u015fam\u0131n\u0131n par\u00e7as\u0131 haline getirmi\u015f, onlar\u0131n \u015fifa verici bir g\u00fcce sahip olduklar\u0131na inanan bilge insanlarla dolu kalabal\u0131k bir g\u00f6\u00e7men ailesinden geliyor. Hik\u00e2yelerini hem birbirleriyle payla\u015fan hem de nesilden nesile aktaran bu aileden iki ki\u015fiyle tan\u0131\u015ft\u0131r\u0131yor bizleri yazar: Irena Teyze ve Zov\u00e1r Amca. Her ikisi de sava\u015f\u0131n deh\u015fetini en a\u011f\u0131r bi\u00e7imde ya\u015fam\u0131\u015f ve bir bi\u00e7imde hayatta kalmay\u0131 ba\u015farm\u0131\u015f yaral\u0131 ruhlar\u2026Yeni Tohumlar, Yeni Hayat\u2019ta yazar, Zov\u00e1r Amca\u2019n\u0131n anlatt\u0131\u011f\u0131 hik\u00e2yeler ve ona dair an\u0131larla \u201cAsla \u00d6lmeyecek Olan\u201d\u0131 ke\u015ffediyor. Nas\u0131l ki bombo\u015f b\u0131rak\u0131lm\u0131\u015f bir toprak yeni tohumlar\u0131 ve yeni bir hayat\u0131 kendisine \u00e7ekerse ya\u015fam\u0131m\u0131z da \u00f6yledir, daima kendini yeniler diyor:\u201c\u2026Hem de ka\u00e7 kez delik de\u015fik edildi\u011finin, \u00e7\u0131r\u0131l\u00e7\u0131plak b\u0131rak\u0131ld\u0131\u011f\u0131n\u0131n, yerlere \u00e7al\u0131nd\u0131\u011f\u0131n\u0131n, incitildi\u011finin, alaya al\u0131nd\u0131\u011f\u0131n\u0131n, yok say\u0131ld\u0131\u011f\u0131n\u0131n, k\u00fc\u00e7\u00fcmsendi\u011finin, horland\u0131\u011f\u0131n\u0131n, i\u015fkenceye u\u011frad\u0131\u011f\u0131n\u0131n ve \u00e7aresizli\u011fe terk edildi\u011finin bir \u00f6nemi olmaks\u0131z\u0131n\u2026\u201d<\/p>\n","protected":false},"excerpt":{"rendered":"<p>Yeterli Olana Dair Bilgece Bir HikayeKurtlarla Ko\u015fan Kad\u0131nlar adl\u0131 kitab\u0131yla t\u00fcm d\u00fcnyada b\u00fcy\u00fck bir okur kitlesine ula\u015fan Clarissa Pinkola Est\u00e9s, hik\u00e2yeleri g\u00fcndelik ya\u015fam\u0131n\u0131n par\u00e7as\u0131 haline getirmi\u015f,<span class=\"excerpt-hellip\"> [\u2026]<\/span><\/p>\n","protected":false},"featured_media":0,"template":"","meta":{"_monsterinsights_skip_tracking":false,"_monsterinsights_sitenote_active":false,"_monsterinsights_sitenote_note":"","_monsterinsights_sitenote_category":0},"product_brand":[],"product_cat":[12291,12711],"product_tag":[],"class_list":{"0":"post-734913","1":"product","2":"type-product","3":"status-publish","5":"product_cat-edebiyat","6":"product_cat-roman-oyku","7":"pa_cilt-ciltsiz","8":"pa_tur-kitap","9":"pa_yayinevi-dusbaz-kitaplar","10":"pa_yazar-clarissa-pinkola-estes","12":"first","13":"instock","14":"sale","15":"shipping-taxable","16":"purchasable","17":"product-type-simple"},"_links":{"self":[{"href":"https:\/\/roveyayinevi.com.tr\/index.php\/wp-json\/wp\/v2\/product\/734913","targetHints":{"allow":["GET"]}}],"collection":[{"href":"https:\/\/roveyayinevi.com.tr\/index.php\/wp-json\/wp\/v2\/product"}],"about":[{"href":"https:\/\/roveyayinevi.com.tr\/index.php\/wp-json\/wp\/v2\/types\/product"}],"wp:attachment":[{"href":"https:\/\/roveyayinevi.com.tr\/index.php\/wp-json\/wp\/v2\/media?parent=734913"}],"wp:term":[{"taxonomy":"product_brand","embeddable":true,"href":"https:\/\/roveyayinevi.com.tr\/index.php\/wp-json\/wp\/v2\/product_brand?post=734913"},{"taxonomy":"product_cat","embeddable":true,"href":"https:\/\/roveyayinevi.com.tr\/index.php\/wp-json\/wp\/v2\/product_cat?post=734913"},{"taxonomy":"product_tag","embeddable":true,"href":"https:\/\/roveyayinevi.com.tr\/index.php\/wp-json\/wp\/v2\/product_tag?post=734913"}],"curies":[{"name":"wp","href":"https:\/\/api.w.org\/{rel}","templated":true}]}}