{"id":734912,"date":"2025-08-27T22:37:00","date_gmt":"2025-08-27T19:37:00","guid":{"rendered":"https:\/\/roveyayinevi.com.tr\/index.php\/urun\/benim-hayatim-benim-bedenim\/"},"modified":"2026-04-16T02:42:53","modified_gmt":"2026-04-15T23:42:53","slug":"benim-hayatim-benim-bedenim","status":"publish","type":"product","link":"https:\/\/roveyayinevi.com.tr\/index.php\/urun\/benim-hayatim-benim-bedenim\/","title":{"rendered":"Benim Hayat\u0131m Benim Bedenim"},"content":{"rendered":"<p>Kendisini \u201csosyalist-anar\u015fist-feminist\u201d olarak tan\u0131mlayan \u00f6d\u00fcll\u00fc yazar Marge Piercy, Benim Hayat\u0131m, Benim Bedenim ad\u0131n\u0131 verdi\u011fi kitab\u0131nda denemelerini, \u015fiirlerini, an\u0131lar\u0131n\u0131, s\u00f6yle\u015filerini, ini\u015flerini \u00e7\u0131k\u0131\u015flar\u0131n\u0131 okurlar\u0131 i\u00e7in bir araya getiriyor. \u0130\u015f\u00e7i s\u0131n\u0131f\u0131na ait bir feminist olarak kendisinin geli\u015fim hik\u00e2yesini, TV k\u00fclt\u00fcr\u00fcn\u00fcn art\u0131lar\u0131n\u0131 eksilerini, bir yazar\u0131n hayat\u0131ndaki ego danslar\u0131n\u0131, evsizleri ve ev kad\u0131nlar\u0131n\u0131, Allen Ginsberg\u2019i ve Marilyn Monroe\u2019yu, feminist \u00fctopyalar\u0131, kurmacan\u0131n neden fizik olmad\u0131\u011f\u0131n\u0131 ve elbette ki \u015f\u00f6hreti, seksi, paray\u0131 \u2013tam olarak bu s\u0131rayla olmasa da\u2013 tart\u0131\u015f\u0131yor. Ki\u015fisel oldu\u011fu kadar politik olan bu \u00e7al\u0131\u015fmayla Piercy, okurlar\u0131n\u0131 feminist ve politik aktivizmin derin kuyular\u0131na g\u00f6t\u00fcr\u00fcyor, susuz getirmiyor.   \u201cMarge Piercy \u00e7a\u011f\u0131m\u0131z\u0131n politik romanc\u0131lar\u0131ndan biri. Daha da fazlas\u0131: O vicdan\u0131n ta kendisi.\u201d Marilyn French \u201cPiercy\u2019nin kalemi her zamanki gibi tutkulu, kolay anla\u015f\u0131l\u0131r, ayd\u0131nlat\u0131c\u0131 ve dikkat dolu bir canl\u0131l\u0131kta.\u201d Publishers Weekly <\/p>\n","protected":false},"excerpt":{"rendered":"<p>Kendisini \u201csosyalist-anar\u015fist-feminist\u201d olarak tan\u0131mlayan \u00f6d\u00fcll\u00fc yazar Marge Piercy, Benim Hayat\u0131m, Benim Bedenim ad\u0131n\u0131 verdi\u011fi kitab\u0131nda denemelerini, \u015fiirlerini, an\u0131lar\u0131n\u0131, s\u00f6yle\u015filerini, ini\u015flerini \u00e7\u0131k\u0131\u015flar\u0131n\u0131 okurlar\u0131 i\u00e7in bir araya getiriyor.<span class=\"excerpt-hellip\"> [\u2026]<\/span><\/p>\n","protected":false},"featured_media":0,"template":"","meta":{"_monsterinsights_skip_tracking":false,"_monsterinsights_sitenote_active":false,"_monsterinsights_sitenote_note":"","_monsterinsights_sitenote_category":0},"product_brand":[],"product_cat":[18545,12291],"product_tag":[],"class_list":{"0":"post-734912","1":"product","2":"type-product","3":"status-publish","5":"product_cat-anlati","6":"product_cat-edebiyat","7":"pa_cilt-ciltsiz","8":"pa_tur-kitap","9":"pa_yayinevi-dusbaz-kitaplar","10":"pa_yazar-marge-piercy","12":"first","13":"instock","14":"sale","15":"shipping-taxable","16":"purchasable","17":"product-type-simple"},"_links":{"self":[{"href":"https:\/\/roveyayinevi.com.tr\/index.php\/wp-json\/wp\/v2\/product\/734912","targetHints":{"allow":["GET"]}}],"collection":[{"href":"https:\/\/roveyayinevi.com.tr\/index.php\/wp-json\/wp\/v2\/product"}],"about":[{"href":"https:\/\/roveyayinevi.com.tr\/index.php\/wp-json\/wp\/v2\/types\/product"}],"wp:attachment":[{"href":"https:\/\/roveyayinevi.com.tr\/index.php\/wp-json\/wp\/v2\/media?parent=734912"}],"wp:term":[{"taxonomy":"product_brand","embeddable":true,"href":"https:\/\/roveyayinevi.com.tr\/index.php\/wp-json\/wp\/v2\/product_brand?post=734912"},{"taxonomy":"product_cat","embeddable":true,"href":"https:\/\/roveyayinevi.com.tr\/index.php\/wp-json\/wp\/v2\/product_cat?post=734912"},{"taxonomy":"product_tag","embeddable":true,"href":"https:\/\/roveyayinevi.com.tr\/index.php\/wp-json\/wp\/v2\/product_tag?post=734912"}],"curies":[{"name":"wp","href":"https:\/\/api.w.org\/{rel}","templated":true}]}}