{"id":734908,"date":"2025-08-27T22:36:56","date_gmt":"2025-08-27T19:36:56","guid":{"rendered":"https:\/\/roveyayinevi.com.tr\/index.php\/urun\/felaketin-hatirasi\/"},"modified":"2026-04-16T02:42:53","modified_gmt":"2026-04-15T23:42:53","slug":"felaketin-hatirasi","status":"publish","type":"product","link":"https:\/\/roveyayinevi.com.tr\/index.php\/urun\/felaketin-hatirasi\/","title":{"rendered":"Felaketin Hat\u0131ras\u0131"},"content":{"rendered":"<p>\u201c\u00d6l\u00fcmden korkuyor musun?\u201d \u201c\u00d6l\u00fcm korkumu \u00f6ld\u00fcrd\u00fcm ben.\u201d \u201cNas\u0131l?\u201d\u201c\u00c7\u00fcnk\u00fc onun, bir odadan di\u011ferine ge\u00e7mek kadar basit oldu\u011funu biliyorum art\u0131k.\u201d Bet\u00fcl K\u0131l\u0131\u00e7, politik ve mistik \u00f6gelerle bezeli yeni roman\u0131nda bir on \u00fc\u00e7\u00fcnc\u00fc y\u00fczy\u0131l a\u015fk hik\u00e2yesi anlat\u0131yor. Felaketin Hat\u0131ras\u0131, Venedikli t\u00fcccar Lorenzo ve onun hayat\u0131na y\u00f6n veren a\u015fk\u0131ndan hareketle farkl\u0131 dinlerden ve devletlerden olma hallerine, a\u015fk u\u011fruna g\u00f6ze al\u0131nanlara, insan\u0131n s\u0131n\u0131rlar\u0131ndan varl\u0131k-hi\u00e7lik tart\u0131\u015fmalar\u0131na uzanan masals\u0131 bir anlat\u0131 sunuyor. Felaketin Hat\u0131ras\u0131, Anadolu tarihindeki egemenlik \u00e7at\u0131\u015fmalar\u0131 ve i\u015fgaller, saray entrikalar\u0131 ve bu entrikalar\u0131n halka yans\u0131malar\u0131 hakk\u0131nda ger\u00e7e\u011fe dayal\u0131 kesitler sunarken; d\u00f6nemin h\u00e2kim inan\u0131\u015flar\u0131na, sufili\u011fe, b\u00fcy\u00fc ve b\u00fcy\u00fcc\u00fclere dair de pek \u00e7ok anekdot aktar\u0131yor.Elinizdeki roman, bir yandan a\u015fk\u0131n ve fedak\u00e2rl\u0131\u011f\u0131n en g\u00fczel \u00f6rne\u011fini veriyor, di\u011fer yandan ise insan\u0131n nefsi ile imtihan\u0131na, sab\u0131r sava\u015f\u0131na dair \u00e7ok \u015fey s\u00f6yl\u00fcyor. Felaketin Hat\u0131ras\u0131, Bet\u00fcl K\u0131l\u0131\u00e7\u2019\u0131n g\u00fc\u00e7l\u00fc kalemiyle\u2026<\/p>\n","protected":false},"excerpt":{"rendered":"<p>\u201c\u00d6l\u00fcmden korkuyor musun?\u201d \u201c\u00d6l\u00fcm korkumu \u00f6ld\u00fcrd\u00fcm ben.\u201d \u201cNas\u0131l?\u201d\u201c\u00c7\u00fcnk\u00fc onun, bir odadan di\u011ferine ge\u00e7mek kadar basit oldu\u011funu biliyorum art\u0131k.\u201d Bet\u00fcl K\u0131l\u0131\u00e7, politik ve mistik \u00f6gelerle bezeli yeni<span class=\"excerpt-hellip\"> [\u2026]<\/span><\/p>\n","protected":false},"featured_media":0,"template":"","meta":{"_monsterinsights_skip_tracking":false,"_monsterinsights_sitenote_active":false,"_monsterinsights_sitenote_note":"","_monsterinsights_sitenote_category":0},"product_brand":[],"product_cat":[12291,12711],"product_tag":[],"class_list":{"0":"post-734908","1":"product","2":"type-product","3":"status-publish","5":"product_cat-edebiyat","6":"product_cat-roman-oyku","7":"pa_cilt-ciltsiz","8":"pa_tur-kitap","9":"pa_yayinevi-inkilap-kitabevi","10":"pa_yazar-betul-kilic","12":"first","13":"instock","14":"sale","15":"shipping-taxable","16":"purchasable","17":"product-type-simple"},"_links":{"self":[{"href":"https:\/\/roveyayinevi.com.tr\/index.php\/wp-json\/wp\/v2\/product\/734908","targetHints":{"allow":["GET"]}}],"collection":[{"href":"https:\/\/roveyayinevi.com.tr\/index.php\/wp-json\/wp\/v2\/product"}],"about":[{"href":"https:\/\/roveyayinevi.com.tr\/index.php\/wp-json\/wp\/v2\/types\/product"}],"wp:attachment":[{"href":"https:\/\/roveyayinevi.com.tr\/index.php\/wp-json\/wp\/v2\/media?parent=734908"}],"wp:term":[{"taxonomy":"product_brand","embeddable":true,"href":"https:\/\/roveyayinevi.com.tr\/index.php\/wp-json\/wp\/v2\/product_brand?post=734908"},{"taxonomy":"product_cat","embeddable":true,"href":"https:\/\/roveyayinevi.com.tr\/index.php\/wp-json\/wp\/v2\/product_cat?post=734908"},{"taxonomy":"product_tag","embeddable":true,"href":"https:\/\/roveyayinevi.com.tr\/index.php\/wp-json\/wp\/v2\/product_tag?post=734908"}],"curies":[{"name":"wp","href":"https:\/\/api.w.org\/{rel}","templated":true}]}}