{"id":734905,"date":"2025-08-27T22:36:54","date_gmt":"2025-08-27T19:36:54","guid":{"rendered":"https:\/\/roveyayinevi.com.tr\/index.php\/urun\/mussolini-duce-ve-fasistler\/"},"modified":"2026-04-16T02:42:53","modified_gmt":"2026-04-15T23:42:53","slug":"mussolini-duce-ve-fasistler","status":"publish","type":"product","link":"https:\/\/roveyayinevi.com.tr\/index.php\/urun\/mussolini-duce-ve-fasistler\/","title":{"rendered":"Mussolini &#8211; Du\u00e7e ve Fa\u015fistler"},"content":{"rendered":"<p>Mussolini, 1939\u2019da t\u00fcm fa\u015fist yetkilileri Roma\u2019da toplayarak, \u015fu konu\u015fmay\u0131 yapt\u0131: \u201cBir araya geldi\u011fimiz \u015fu saatlerde, bir f\u0131rt\u0131na sadece Avrupa haritas\u0131n\u0131 kar\u0131\u015ft\u0131rmakla kalm\u0131yor, ayn\u0131 zamanda k\u0131talar\u0131 da birbirine kat\u0131yor. Bu olaylardan etkilenmememiz m\u00fcmk\u00fcn de\u011fil, \u0130talyan halk\u0131 f\u0131rt\u0131nada d\u00fcmeni tutan ki\u015fiye soru sorulmamas\u0131 gerekti\u011fini iyi bilir. Balkona \u00e7\u0131kmam\u0131 bekleyin. Balkona \u00e7\u0131kt\u0131\u011f\u0131mda ve beni dinlemesi i\u00e7in \u0130talyan halk\u0131n\u0131 toplad\u0131\u011f\u0131mda bilin ki durum de\u011ferlendirmesinde bulunmayaca\u011f\u0131m, aksine herkese tarihi kararlar\u0131m\u0131 a\u00e7\u0131klayaca\u011f\u0131m.\u201d Halk, Benito Mussolini\u2019yi Shakespeare\u2019in Romeo ve J\u00fclyet oyunundaki J\u00fclyet\u2019e benzetti ve f\u0131s\u0131lt\u0131lar ba\u015flad\u0131: \u201cKaderimiz J\u00fclyet\u2019e ba\u011fl\u0131.\u201d \u201cJ\u00fclyet kim?\u201d \u201cHani Romeo\u2019nun balkona \u00e7\u0131kmas\u0131n\u0131 bekledi\u011fi J\u00fclyet var ya!\u201d Sava\u015f\u0131n \u00fc\u00e7 ila d\u00f6rt ay s\u00fcrece\u011fini hesaplayan Mussolini, balkona \u00e7\u0131kt\u0131 ve sava\u015f ilan\u0131 konu\u015fmas\u0131, sadece on dakika s\u00fcrd\u00fc\u2026 Sava\u015f d\u00f6rt y\u0131l devam etti ve Mussolini\u2019nin trajik bir \u015fekilde \u00f6ld\u00fcr\u00fclmesine sebep oldu\u2026<\/p>\n","protected":false},"excerpt":{"rendered":"<p>Mussolini, 1939\u2019da t\u00fcm fa\u015fist yetkilileri Roma\u2019da toplayarak, \u015fu konu\u015fmay\u0131 yapt\u0131: \u201cBir araya geldi\u011fimiz \u015fu saatlerde, bir f\u0131rt\u0131na sadece Avrupa haritas\u0131n\u0131 kar\u0131\u015ft\u0131rmakla kalm\u0131yor, ayn\u0131 zamanda k\u0131talar\u0131 da<span class=\"excerpt-hellip\"> [\u2026]<\/span><\/p>\n","protected":false},"featured_media":0,"template":"","meta":{"_monsterinsights_skip_tracking":false,"_monsterinsights_sitenote_active":false,"_monsterinsights_sitenote_note":"","_monsterinsights_sitenote_category":0},"product_brand":[],"product_cat":[12370,12304],"product_tag":[],"class_list":{"0":"post-734905","1":"product","2":"type-product","3":"status-publish","5":"product_cat-arastirma-inceleme","6":"product_cat-tarih","7":"pa_cilt-ciltsiz","8":"pa_tur-kitap","9":"pa_yayinevi-inkilap-kitabevi","10":"pa_yazar-osman-pamukoglu","12":"first","13":"instock","14":"sale","15":"shipping-taxable","16":"purchasable","17":"product-type-simple"},"_links":{"self":[{"href":"https:\/\/roveyayinevi.com.tr\/index.php\/wp-json\/wp\/v2\/product\/734905","targetHints":{"allow":["GET"]}}],"collection":[{"href":"https:\/\/roveyayinevi.com.tr\/index.php\/wp-json\/wp\/v2\/product"}],"about":[{"href":"https:\/\/roveyayinevi.com.tr\/index.php\/wp-json\/wp\/v2\/types\/product"}],"wp:attachment":[{"href":"https:\/\/roveyayinevi.com.tr\/index.php\/wp-json\/wp\/v2\/media?parent=734905"}],"wp:term":[{"taxonomy":"product_brand","embeddable":true,"href":"https:\/\/roveyayinevi.com.tr\/index.php\/wp-json\/wp\/v2\/product_brand?post=734905"},{"taxonomy":"product_cat","embeddable":true,"href":"https:\/\/roveyayinevi.com.tr\/index.php\/wp-json\/wp\/v2\/product_cat?post=734905"},{"taxonomy":"product_tag","embeddable":true,"href":"https:\/\/roveyayinevi.com.tr\/index.php\/wp-json\/wp\/v2\/product_tag?post=734905"}],"curies":[{"name":"wp","href":"https:\/\/api.w.org\/{rel}","templated":true}]}}