{"id":734904,"date":"2025-08-27T22:36:53","date_gmt":"2025-08-27T19:36:53","guid":{"rendered":"https:\/\/roveyayinevi.com.tr\/index.php\/urun\/hitler-fuhrer-ve-naziler\/"},"modified":"2026-04-16T02:42:53","modified_gmt":"2026-04-15T23:42:53","slug":"hitler-fuhrer-ve-naziler","status":"publish","type":"product","link":"https:\/\/roveyayinevi.com.tr\/index.php\/urun\/hitler-fuhrer-ve-naziler\/","title":{"rendered":"Hitler &#8211; F\u00fchrer ve Naziler"},"content":{"rendered":"<p>30 Nisan 1945 saat 13.10\u2019da, intihar etmelerinden 50 dakika \u00f6nce; Hitler, yan\u0131nda Eva Braun oldu\u011fu halde, s\u0131\u011f\u0131na\u011f\u0131ndaki toplant\u0131 salonuna geldi. \u00c7al\u0131\u015fma arkada\u015flar\u0131 kad\u0131n ve erkeklerin ellerini tek tek s\u0131karak onlara veda etti. Frau Goebbels alt\u0131 \u00e7ocu\u011funu \u00f6ld\u00fcrtt\u00fckten sonra hayat\u0131na son verecekti. Hitler, Frau Goebbels\u2019in \u00f6n\u00fcne gelince, kendisinin cesaretine hayran kald\u0131\u011f\u0131n\u0131 s\u00f6yledi. G\u00f6\u011fs\u00fcnde bulunan Nasyonal Sosyalist Parti\u2019nin alt\u0131n madalyas\u0131n\u0131 \u00e7\u0131kard\u0131 ve kad\u0131n\u0131n bluzuna takt\u0131. Sonra yaveri Heinz Linge\u2019ye d\u00f6nerek kesin bir dille \u015funlar\u0131 s\u00f6yledi: \u201cAllaha\u0131smarlad\u0131k Linge. Belki de beni hayatta sizin kadar kimse tan\u0131mad\u0131. 1935 y\u0131l\u0131ndan beri yan\u0131mdas\u0131n\u0131z. G\u00f6lgem oldunuz. Ya\u015faman\u0131z\u0131, mutlaka ya\u015faman\u0131z\u0131 istiyorum. Hakk\u0131mda \u00e7ok k\u00f6t\u00fc \u015feyler anlatacaklar. Galip devletler, hakk\u0131mda en k\u00f6t\u00fc \u015feyleri s\u00f6yleyeceklerdir. B\u00fct\u00fcn yapt\u0131klar\u0131m\u0131, b\u00fct\u00fcn eserlerimi ortadan kald\u0131rmak isteyeceklerdir. Bu u\u011furda ellerinden gelen her \u015feyi yapacaklar\u0131n\u0131 biliyorum&#8230;\u201d Hitler ve Linge\u2019nin yan\u0131na gelen Eva Braun da Linge\u2019den bir ricada bulundu: \u201cAllaha\u0131smarlad\u0131k Linge. Sizden b\u00fcy\u00fck bir hizmet isteyece\u011fim. E\u011fer buradan \u00e7\u0131karsan\u0131z ve k\u0131z karde\u015fimi g\u00f6r\u00fcrseniz, kocas\u0131n\u0131n kur\u015funa dizildi\u011fini s\u00f6ylemeyin. Yaln\u0131zca ona, kocas\u0131n\u0131 Rus askerlerinin \u00f6ld\u00fcrd\u00fc\u011f\u00fcn\u00fc s\u00f6yleyin.\u201d<\/p>\n","protected":false},"excerpt":{"rendered":"<p>30 Nisan 1945 saat 13.10\u2019da, intihar etmelerinden 50 dakika \u00f6nce; Hitler, yan\u0131nda Eva Braun oldu\u011fu halde, s\u0131\u011f\u0131na\u011f\u0131ndaki toplant\u0131 salonuna geldi. \u00c7al\u0131\u015fma arkada\u015flar\u0131 kad\u0131n ve erkeklerin ellerini<span class=\"excerpt-hellip\"> [\u2026]<\/span><\/p>\n","protected":false},"featured_media":0,"template":"","meta":{"_monsterinsights_skip_tracking":false,"_monsterinsights_sitenote_active":false,"_monsterinsights_sitenote_note":"","_monsterinsights_sitenote_category":0},"product_brand":[],"product_cat":[12370,12304],"product_tag":[],"class_list":{"0":"post-734904","1":"product","2":"type-product","3":"status-publish","5":"product_cat-arastirma-inceleme","6":"product_cat-tarih","7":"pa_cilt-ciltsiz","8":"pa_tur-kitap","9":"pa_yayinevi-inkilap-kitabevi","10":"pa_yazar-osman-pamukoglu","12":"first","13":"instock","14":"sale","15":"shipping-taxable","16":"purchasable","17":"product-type-simple"},"_links":{"self":[{"href":"https:\/\/roveyayinevi.com.tr\/index.php\/wp-json\/wp\/v2\/product\/734904","targetHints":{"allow":["GET"]}}],"collection":[{"href":"https:\/\/roveyayinevi.com.tr\/index.php\/wp-json\/wp\/v2\/product"}],"about":[{"href":"https:\/\/roveyayinevi.com.tr\/index.php\/wp-json\/wp\/v2\/types\/product"}],"wp:attachment":[{"href":"https:\/\/roveyayinevi.com.tr\/index.php\/wp-json\/wp\/v2\/media?parent=734904"}],"wp:term":[{"taxonomy":"product_brand","embeddable":true,"href":"https:\/\/roveyayinevi.com.tr\/index.php\/wp-json\/wp\/v2\/product_brand?post=734904"},{"taxonomy":"product_cat","embeddable":true,"href":"https:\/\/roveyayinevi.com.tr\/index.php\/wp-json\/wp\/v2\/product_cat?post=734904"},{"taxonomy":"product_tag","embeddable":true,"href":"https:\/\/roveyayinevi.com.tr\/index.php\/wp-json\/wp\/v2\/product_tag?post=734904"}],"curies":[{"name":"wp","href":"https:\/\/api.w.org\/{rel}","templated":true}]}}