{"id":734902,"date":"2025-08-27T22:36:51","date_gmt":"2025-08-27T19:36:51","guid":{"rendered":"https:\/\/roveyayinevi.com.tr\/index.php\/urun\/judo-antrenorlerinin-oz-yeterlilik-algilari-ve-rekreasyon-katilimini-etkileyen-faktorler\/"},"modified":"2026-04-16T02:42:53","modified_gmt":"2026-04-15T23:42:53","slug":"judo-antrenorlerinin-oz-yeterlilik-algilari-ve-rekreasyon-katilimini-etkileyen-faktorler","status":"publish","type":"product","link":"https:\/\/roveyayinevi.com.tr\/index.php\/urun\/judo-antrenorlerinin-oz-yeterlilik-algilari-ve-rekreasyon-katilimini-etkileyen-faktorler\/","title":{"rendered":"Judo Antren\u00f6rlerinin \u00d6z Yeterlilik Alg\u0131lar\u0131 ve Rekreasyon Kat\u0131l\u0131m\u0131n\u0131 Etkileyen Fakt\u00f6rler"},"content":{"rendered":"<p>1.      B\u00d6L\u00dcM 1 KAVRAMSAL \u00c7ER\u00c7EVE 1.1.   Judo Sporu 1.2.   Antren\u00f6rl\u00fck 1.3.   Rekreasyon 1.4.   \u00d6z Yeterlilik Kavram\u0131 2.      B\u00d6L\u00dcM 2 MATERYAL VE Y\u00d6NTEM 2.1.   Ara\u015ft\u0131rman\u0131n Modeli 2.2.   Ara\u015ft\u0131rman\u0131n \u00c7al\u0131\u015fma Grubu 2.3.   Veri Toplama Ara\u00e7lar\u0131 2.4.   Verilerin Toplanmas\u0131 ve Analizi 3.      B\u00d6L\u00dcM 3 BULGULAR 4.      B\u00d6L\u00dcM 4 TARTI\u015eMA <\/p>\n","protected":false},"excerpt":{"rendered":"<p>1. B\u00d6L\u00dcM 1 KAVRAMSAL \u00c7ER\u00c7EVE 1.1. Judo Sporu 1.2. Antren\u00f6rl\u00fck 1.3. Rekreasyon 1.4. \u00d6z Yeterlilik Kavram\u0131 2. B\u00d6L\u00dcM 2 MATERYAL VE Y\u00d6NTEM 2.1. Ara\u015ft\u0131rman\u0131n Modeli 2.2.<span class=\"excerpt-hellip\"> [\u2026]<\/span><\/p>\n","protected":false},"featured_media":0,"template":"","meta":{"_monsterinsights_skip_tracking":false,"_monsterinsights_sitenote_active":false,"_monsterinsights_sitenote_note":"","_monsterinsights_sitenote_category":0},"product_brand":[],"product_cat":[15563,15564],"product_tag":[],"class_list":{"0":"post-734902","1":"product","2":"type-product","3":"status-publish","5":"product_cat-hobi","6":"product_cat-spor","7":"pa_cilt-ciltsiz","8":"pa_tur-kitap","9":"pa_yayinevi-gazi-kitabevi","10":"pa_yazar-ilknur-kobas-tepe-ilhan-toksoz","12":"first","13":"instock","14":"sale","15":"shipping-taxable","16":"purchasable","17":"product-type-simple"},"_links":{"self":[{"href":"https:\/\/roveyayinevi.com.tr\/index.php\/wp-json\/wp\/v2\/product\/734902","targetHints":{"allow":["GET"]}}],"collection":[{"href":"https:\/\/roveyayinevi.com.tr\/index.php\/wp-json\/wp\/v2\/product"}],"about":[{"href":"https:\/\/roveyayinevi.com.tr\/index.php\/wp-json\/wp\/v2\/types\/product"}],"wp:attachment":[{"href":"https:\/\/roveyayinevi.com.tr\/index.php\/wp-json\/wp\/v2\/media?parent=734902"}],"wp:term":[{"taxonomy":"product_brand","embeddable":true,"href":"https:\/\/roveyayinevi.com.tr\/index.php\/wp-json\/wp\/v2\/product_brand?post=734902"},{"taxonomy":"product_cat","embeddable":true,"href":"https:\/\/roveyayinevi.com.tr\/index.php\/wp-json\/wp\/v2\/product_cat?post=734902"},{"taxonomy":"product_tag","embeddable":true,"href":"https:\/\/roveyayinevi.com.tr\/index.php\/wp-json\/wp\/v2\/product_tag?post=734902"}],"curies":[{"name":"wp","href":"https:\/\/api.w.org\/{rel}","templated":true}]}}