{"id":734901,"date":"2025-08-27T22:36:50","date_gmt":"2025-08-27T19:36:50","guid":{"rendered":"https:\/\/roveyayinevi.com.tr\/index.php\/urun\/sadaka-ve-sukrun-mucizesi\/"},"modified":"2026-04-16T02:42:53","modified_gmt":"2026-04-15T23:42:53","slug":"sadaka-ve-sukrun-mucizesi","status":"publish","type":"product","link":"https:\/\/roveyayinevi.com.tr\/index.php\/urun\/sadaka-ve-sukrun-mucizesi\/","title":{"rendered":"Sadaka ve \u015e\u00fckr\u00fcn Mucizesi"},"content":{"rendered":"<p>Y\u00fcce Allah takdir ederse, kaderin bile de\u011fi\u015fti\u011fi g\u00fczel bir dine sahip olan M\u00fcsl\u00fcmanlar i\u00e7in m\u00fcjdeler \u00e7oktur. \u00d6nemli olan ve dikkat edilmesi gereke tek \u015fey, \u015fu iki konuyu atlamamaktan ge\u00e7mektedir. Allah\u2019\u0131n sevdi\u011fi ve \u015ferefli bir kul olabilmek, asl\u0131nda o kadar basittir ki, birincisi; haramlar\u0131 (bir daha yapmamak \u00fczere) terk etmek ve ikincisi; \u015f\u00fcpheli \u015feylerden (s\u00fcrekli) uzak durmakt\u0131r. \u0130\u015fte bunlar\u0131 ba\u015faran ve bu \u015fekilde bir hayat s\u00fcren M\u00fcsl\u00fcman\u0131n, d\u00fcnya s\u0131nav\u0131 ba\u015far\u0131l\u0131d\u0131r. Zaten bunu hem Kur\u2019an ve hem de sevgili peygamberimiz (s.a.v.) m\u00fcjdelemektedir. \u0130\u015fte bu a\u00e7\u0131lardan sadaka ve \u015f\u00fck\u00fcr ifadelerine bakmam\u0131z ve kendimizi ona g\u00f6re de\u011ferlendirmemiz gerekmektedir. Y\u00fcce Allah hi\u00e7bir \u015feyi zorlamad\u0131\u011f\u0131na g\u00f6re, o halde yapmam\u0131z gereken, bize bah\u015fedilen muazzam akl\u0131 kullan\u0131p, do\u011fru yolu ve do\u011fru olan\u0131 bulmakt\u0131r\u2026<\/p>\n","protected":false},"excerpt":{"rendered":"<p>Y\u00fcce Allah takdir ederse, kaderin bile de\u011fi\u015fti\u011fi g\u00fczel bir dine sahip olan M\u00fcsl\u00fcmanlar i\u00e7in m\u00fcjdeler \u00e7oktur. \u00d6nemli olan ve dikkat edilmesi gereke tek \u015fey, \u015fu iki<span class=\"excerpt-hellip\"> [\u2026]<\/span><\/p>\n","protected":false},"featured_media":0,"template":"","meta":{"_monsterinsights_skip_tracking":false,"_monsterinsights_sitenote_active":false,"_monsterinsights_sitenote_note":"","_monsterinsights_sitenote_category":0},"product_brand":[],"product_cat":[12364,12376],"product_tag":[],"class_list":{"0":"post-734901","1":"product","2":"type-product","3":"status-publish","5":"product_cat-genel-konular","6":"product_cat-kisisel-gelisim","7":"pa_cilt-ciltsiz","8":"pa_tur-kitap","9":"pa_yayinevi-gulnar-yayinlari","10":"pa_yazar-sedat-sadioglu","12":"first","13":"instock","14":"sale","15":"shipping-taxable","16":"purchasable","17":"product-type-simple"},"_links":{"self":[{"href":"https:\/\/roveyayinevi.com.tr\/index.php\/wp-json\/wp\/v2\/product\/734901","targetHints":{"allow":["GET"]}}],"collection":[{"href":"https:\/\/roveyayinevi.com.tr\/index.php\/wp-json\/wp\/v2\/product"}],"about":[{"href":"https:\/\/roveyayinevi.com.tr\/index.php\/wp-json\/wp\/v2\/types\/product"}],"wp:attachment":[{"href":"https:\/\/roveyayinevi.com.tr\/index.php\/wp-json\/wp\/v2\/media?parent=734901"}],"wp:term":[{"taxonomy":"product_brand","embeddable":true,"href":"https:\/\/roveyayinevi.com.tr\/index.php\/wp-json\/wp\/v2\/product_brand?post=734901"},{"taxonomy":"product_cat","embeddable":true,"href":"https:\/\/roveyayinevi.com.tr\/index.php\/wp-json\/wp\/v2\/product_cat?post=734901"},{"taxonomy":"product_tag","embeddable":true,"href":"https:\/\/roveyayinevi.com.tr\/index.php\/wp-json\/wp\/v2\/product_tag?post=734901"}],"curies":[{"name":"wp","href":"https:\/\/api.w.org\/{rel}","templated":true}]}}