{"id":734899,"date":"2025-08-27T22:36:49","date_gmt":"2025-08-27T19:36:49","guid":{"rendered":"https:\/\/roveyayinevi.com.tr\/index.php\/urun\/stratonikeia-calismalari-7-stratonikeia-ve-lagina-hayvan-kabartmalari-ciltli\/"},"modified":"2026-04-16T02:42:53","modified_gmt":"2026-04-15T23:42:53","slug":"stratonikeia-calismalari-7-stratonikeia-ve-lagina-hayvan-kabartmalari-ciltli","status":"publish","type":"product","link":"https:\/\/roveyayinevi.com.tr\/index.php\/urun\/stratonikeia-calismalari-7-stratonikeia-ve-lagina-hayvan-kabartmalari-ciltli\/","title":{"rendered":"Stratonikeia \u00c7al\u0131\u015fmalar\u0131 7 &#8211; Stratonikeia ve Lagina Hayvan Kabartmalar\u0131 (Ciltli)"},"content":{"rendered":"<p>Stratonikeia antik kenti ve Lagina Hekate kutsal alan\u0131 Karia b\u00f6lgesinin i\u00e7 k\u0131sm\u0131nda bulunan kentlerden birisidir. Antik kent ve kutsal alanda y\u00fcr\u00fct\u00fclen \u00e7al\u0131\u015fmalardan birisini de hayvan kabartmalar\u0131 olu\u015fturmaktad\u0131r. Bu kitap i\u00e7inde kentte tespit edilen ve burada incelenen 35 adet blokta, 18 hayvan, 45 ayr\u0131 betimlemede ele al\u0131nm\u0131\u015ft\u0131r. Bu kabartmalar\u0131n 37 tanesi, Stratonikeia Augustus-imparatorlar tap\u0131na\u011f\u0131, kuzey \u015fehir kap\u0131s\u0131 nymphaeumu, gymnasion, Latrina ve Lagina Hekate tap\u0131na\u011f\u0131 altar\u0131 ile kuzey stoaya aittir. Ancak kabartmalar\u0131n 8 tanesinin ait oldu\u011fu yap\u0131 \u015fimdilik kesin olarak bilinmemektedir. \u0130ncelenen fig\u00fcrler Augustus D\u00f6nemi ile MS 3. yy aras\u0131na tarihlenmektedir. Betimlemeler b\u00f6lgenin antik d\u00f6nem faunas\u0131 hakk\u0131nda da bir bilgiler sunmaktad\u0131r. Burada ele al\u0131nan \u00f6rnekler kentte yap\u0131lan fauna \u00e7al\u0131\u015fmalar\u0131nda tespit edilen t\u00fcrlerdir. Kabartmas\u0131 yap\u0131lan hayvanlar ustalar taraf\u0131ndan iyi bilinmekte ve bunlar\u0131n kente d\u0131\u015far\u0131dan gelmedi\u011fi, hali haz\u0131rda var olan t\u00fcrlerin sanatsal aktar\u0131mda yerini ald\u0131\u011f\u0131 ve b\u00f6lgede var olan faunan\u0131n yeni \u00fcslup aray\u0131\u015f\u0131 i\u00e7erisinde, yerel s\u00fcsleme unsuru ile \u00f6ne \u00e7\u0131kt\u0131\u011f\u0131 anla\u015f\u0131lmaktad\u0131r.  Fig\u00fcrlerin i\u015fleni\u015fine g\u00f6re birebir \u00f6rneklerinin oldu\u011funu s\u00f6ylemek \u00e7ok g\u00fc\u00e7t\u00fcr. Fig\u00fcrlerde ideoloji ve propaganda dikkati \u00e7ekmektedir. Kentte bu ideolojinin yerel malzeme, i\u015f\u00e7ilik ve aktar\u0131m ile yap\u0131ld\u0131\u011f\u0131 d\u00fc\u015f\u00fcn\u00fclm\u00fc\u015f ve Roma merkezli yap\u0131larda g\u00f6r\u00fclen hayvanlar ile ayn\u0131 d\u00fc\u015f\u00fcncenin \u00fcr\u00fcn\u00fc olduklar\u0131 tespit edilmi\u015ftir. <\/p>\n","protected":false},"excerpt":{"rendered":"<p>Stratonikeia antik kenti ve Lagina Hekate kutsal alan\u0131 Karia b\u00f6lgesinin i\u00e7 k\u0131sm\u0131nda bulunan kentlerden birisidir. Antik kent ve kutsal alanda y\u00fcr\u00fct\u00fclen \u00e7al\u0131\u015fmalardan birisini de hayvan kabartmalar\u0131<span class=\"excerpt-hellip\"> [\u2026]<\/span><\/p>\n","protected":false},"featured_media":0,"template":"","meta":{"_monsterinsights_skip_tracking":false,"_monsterinsights_sitenote_active":false,"_monsterinsights_sitenote_note":"","_monsterinsights_sitenote_category":0},"product_brand":[],"product_cat":[52477,52478],"product_tag":[],"class_list":{"0":"post-734899","1":"product","2":"type-product","3":"status-publish","5":"product_cat-arastirma","6":"product_cat-arkeoloji","7":"pa_cilt-ciltli","8":"pa_tur-kitap","9":"pa_yayinevi-bilgin-kultur-sanat","10":"pa_yazar-bilal-sogut-ozan-gumeli","12":"first","13":"instock","14":"sale","15":"shipping-taxable","16":"purchasable","17":"product-type-simple"},"_links":{"self":[{"href":"https:\/\/roveyayinevi.com.tr\/index.php\/wp-json\/wp\/v2\/product\/734899","targetHints":{"allow":["GET"]}}],"collection":[{"href":"https:\/\/roveyayinevi.com.tr\/index.php\/wp-json\/wp\/v2\/product"}],"about":[{"href":"https:\/\/roveyayinevi.com.tr\/index.php\/wp-json\/wp\/v2\/types\/product"}],"wp:attachment":[{"href":"https:\/\/roveyayinevi.com.tr\/index.php\/wp-json\/wp\/v2\/media?parent=734899"}],"wp:term":[{"taxonomy":"product_brand","embeddable":true,"href":"https:\/\/roveyayinevi.com.tr\/index.php\/wp-json\/wp\/v2\/product_brand?post=734899"},{"taxonomy":"product_cat","embeddable":true,"href":"https:\/\/roveyayinevi.com.tr\/index.php\/wp-json\/wp\/v2\/product_cat?post=734899"},{"taxonomy":"product_tag","embeddable":true,"href":"https:\/\/roveyayinevi.com.tr\/index.php\/wp-json\/wp\/v2\/product_tag?post=734899"}],"curies":[{"name":"wp","href":"https:\/\/api.w.org\/{rel}","templated":true}]}}