{"id":734898,"date":"2025-08-27T22:36:47","date_gmt":"2025-08-27T19:36:47","guid":{"rendered":"https:\/\/roveyayinevi.com.tr\/index.php\/urun\/kuldeki-kor\/"},"modified":"2026-04-16T02:42:53","modified_gmt":"2026-04-15T23:42:53","slug":"kuldeki-kor","status":"publish","type":"product","link":"https:\/\/roveyayinevi.com.tr\/index.php\/urun\/kuldeki-kor\/","title":{"rendered":"K\u00fcldeki Kor"},"content":{"rendered":"<p>Ate\u015f yanar, kor b\u0131rak\u0131r geriye. Korlar k\u00fcllenir ama s\u00f6nmez. Yanmaya devam eder; i\u00e7ten i\u00e7e, g\u00f6y\u00fcne g\u00f6y\u00fcne&#8230; Ne zaman bir r\u00fczg\u00e2r esse, bir esinti \u00fcflese k\u00fcllerini canlan\u0131r, dirilir yeniden. Ve yeniden bir k\u00f6pr\u00fc kurar ge\u00e7mi\u015fe, gelece\u011fe. \u0130\u015fte, ikinci bask\u0131s\u0131 elinizde olan \u201cK\u00fcldeki Kor\u201d adl\u0131 bu kitaptaki \u015fiirlerin her biri, bu k\u00f6pr\u00fcn\u00fcn birer aya\u011f\u0131, birer s\u00fctunudur. Bu \u015fiirler -kapaktaki ibareden de anla\u015f\u0131laca\u011f\u0131 \u00fczere- genellikle gen\u00e7lik \u015fiirleridir. Y\u00fczde yetmi\u015f-sekseni, on yedi-yirmili ya\u015flarda yaz\u0131lm\u0131\u015f \u015fiirlerdir. Bu ba\u011flamda, belki \u00f6ncelikle lise ve \u00fcniversite \u00e7a\u011f\u0131ndaki gen\u00e7lere hitap edece\u011fi d\u00fc\u015f\u00fcn\u00fclebilir\u2026 Ancak -fiziksel g\u00f6r\u00fcn\u00fcmler bir yana- b\u00fct\u00fcn g\u00f6n\u00fcller ve y\u00fcreklerin hep gen\u00e7 oldu\u011fu; hep gen\u00e7 kald\u0131\u011f\u0131 da bilinen bir ger\u00e7ektir. Dolay\u0131s\u0131yla, bu \u015fiirlerin, hemen herkes ve her ya\u015f grubu taraf\u0131ndan okunmas\u0131 da olduk\u00e7a do\u011fald\u0131r. Takdir elbette okuyucunun; \u015fiir seven dost g\u00f6n\u00fcllerindir\u2026 B\u00fct\u00fcn gen\u00e7 g\u00f6n\u00fcller ve ya\u015flanmayan y\u00fcreklere selam ve sevgilerle!\u2026 <\/p>\n","protected":false},"excerpt":{"rendered":"<p>Ate\u015f yanar, kor b\u0131rak\u0131r geriye. Korlar k\u00fcllenir ama s\u00f6nmez. Yanmaya devam eder; i\u00e7ten i\u00e7e, g\u00f6y\u00fcne g\u00f6y\u00fcne&#8230; Ne zaman bir r\u00fczg\u00e2r esse, bir esinti \u00fcflese k\u00fcllerini canlan\u0131r,<span class=\"excerpt-hellip\"> [\u2026]<\/span><\/p>\n","protected":false},"featured_media":0,"template":"","meta":{"_monsterinsights_skip_tracking":false,"_monsterinsights_sitenote_active":false,"_monsterinsights_sitenote_note":"","_monsterinsights_sitenote_category":0},"product_brand":[],"product_cat":[12291,12509],"product_tag":[],"class_list":{"0":"post-734898","1":"product","2":"type-product","3":"status-publish","5":"product_cat-edebiyat","6":"product_cat-siir","7":"pa_cilt-ciltsiz","8":"pa_tur-kitap","9":"pa_yayinevi-gulnar-yayinlari","10":"pa_yazar-hamit-goksoy","12":"first","13":"instock","14":"sale","15":"shipping-taxable","16":"purchasable","17":"product-type-simple"},"_links":{"self":[{"href":"https:\/\/roveyayinevi.com.tr\/index.php\/wp-json\/wp\/v2\/product\/734898","targetHints":{"allow":["GET"]}}],"collection":[{"href":"https:\/\/roveyayinevi.com.tr\/index.php\/wp-json\/wp\/v2\/product"}],"about":[{"href":"https:\/\/roveyayinevi.com.tr\/index.php\/wp-json\/wp\/v2\/types\/product"}],"wp:attachment":[{"href":"https:\/\/roveyayinevi.com.tr\/index.php\/wp-json\/wp\/v2\/media?parent=734898"}],"wp:term":[{"taxonomy":"product_brand","embeddable":true,"href":"https:\/\/roveyayinevi.com.tr\/index.php\/wp-json\/wp\/v2\/product_brand?post=734898"},{"taxonomy":"product_cat","embeddable":true,"href":"https:\/\/roveyayinevi.com.tr\/index.php\/wp-json\/wp\/v2\/product_cat?post=734898"},{"taxonomy":"product_tag","embeddable":true,"href":"https:\/\/roveyayinevi.com.tr\/index.php\/wp-json\/wp\/v2\/product_tag?post=734898"}],"curies":[{"name":"wp","href":"https:\/\/api.w.org\/{rel}","templated":true}]}}