{"id":734897,"date":"2025-08-27T22:36:47","date_gmt":"2025-08-27T19:36:47","guid":{"rendered":"https:\/\/roveyayinevi.com.tr\/index.php\/urun\/majanda-2022\/"},"modified":"2026-04-16T02:42:53","modified_gmt":"2026-04-15T23:42:53","slug":"majanda-2022","status":"publish","type":"product","link":"https:\/\/roveyayinevi.com.tr\/index.php\/urun\/majanda-2022\/","title":{"rendered":"Majanda 2022"},"content":{"rendered":"<p>2022 senin y\u0131l\u0131n olacak!Majanda; bir g\u00fcn\u00fc, bir haftay\u0131 ve b\u00fct\u00fcn bir ay\u0131 kapsayan etkile\u015fimli i\u00e7eri\u011fiyle, \u00e7ocuklara zaman y\u00f6netimi ve planlama becerisi kazand\u0131rmay\u0131 hedefleyen \u00e7ok y\u00f6nl\u00fc bir ki\u015fisel geli\u015fim rehberi. Klasik ajanda anlay\u0131\u015f\u0131na katt\u0131\u011f\u0131 art\u0131 de\u011ferlerle ba\u015far\u0131s\u0131 okurlarca tescillenen Majanda, genel k\u00fclt\u00fcr sayfalar\u0131 ve dopdolu etkinlik se\u00e7kisiyle 2022 y\u0131l\u0131nda da yine e\u011flenceyi garantiliyor!Majanda 2022, \u201cAnlat Kendini!\u201d temas\u0131 \u00e7er\u00e7evesinde olu\u015fturdu\u011fu disiplinleraras\u0131 yakla\u015f\u0131mla yeni ifade ara\u00e7lar\u0131 \u00fczerine yo\u011funla\u015f\u0131yor; renklerle, s\u00f6zc\u00fcklerle, \u00e7izgilerle, yarat\u0131c\u0131 fikirlerle hayat\u0131 kolayla\u015ft\u0131rmaya ve g\u00fczelle\u015ftirmeye y\u00f6nelik pek \u00e7ok ipucu payla\u015f\u0131yor.Duman yerine, \u201cModern Hiyeroglif\u201d ile haberle\u015fmeye ne dersin? Ya da akl\u0131na gelen herhangi bir konuda rap s\u00f6zleri yazman\u0131n yollar\u0131n\u0131 \u00f6\u011frenmeye? Peki ya, hareket etmeyen nesneleri stop-motion yoluyla canland\u0131rabilece\u011fini s\u00f6ylesek? Haftal\u0131k \u00e7\u0131lg\u0131n teklifler, ayl\u0131k hedefler, serbest k\u00fcrs\u00fc k\u00f6\u015fesi, birbirinden e\u011flenceli etkinlikler&#8230; Hepsi ve \u00e7ok daha fazlas\u0131 Majanda 2022&#8217;de!Majanda&#8217;yla sadece zaman\u0131 verimli kullanman\u0131n p\u00fcf noktalar\u0131n\u0131 \u00f6\u011frenmeyecek, kendini daha \u201cetkili\u201d bir bi\u00e7imde anlatman\u0131n inceliklerini de ke\u015ffedeceksin. \u0130\u00e7ine d\u00f6nmeye, kendini tan\u0131maya, \u00e2n\u0131 yakalamaya ve hayata dair daha nice \u015fey i\u00e7in seni harekete ge\u00e7meye davet eden Majanda 2022; \u00e7al\u0131p oynayarak, tak\u0131p tak\u0131\u015ft\u0131rarak veya \u00e7emberi tamamlayarak, kendine d\u0131\u015far\u0131dan bakabilece\u011fin \u015fahane bir y\u0131l vadediyor!Ve k\u00fcrs\u00fc senin! Hadi, \u015fimdi keyfine bak ve hayat\u0131 Majandala!<\/p>\n","protected":false},"excerpt":{"rendered":"<p>2022 senin y\u0131l\u0131n olacak!Majanda; bir g\u00fcn\u00fc, bir haftay\u0131 ve b\u00fct\u00fcn bir ay\u0131 kapsayan etkile\u015fimli i\u00e7eri\u011fiyle, \u00e7ocuklara zaman y\u00f6netimi ve planlama becerisi kazand\u0131rmay\u0131 hedefleyen \u00e7ok y\u00f6nl\u00fc bir<span class=\"excerpt-hellip\"> [\u2026]<\/span><\/p>\n","protected":false},"featured_media":0,"template":"","meta":{"_monsterinsights_skip_tracking":false,"_monsterinsights_sitenote_active":false,"_monsterinsights_sitenote_note":"","_monsterinsights_sitenote_category":0},"product_brand":[],"product_cat":[28265,15563],"product_tag":[],"class_list":{"0":"post-734897","1":"product","2":"type-product","3":"status-publish","5":"product_cat-diger-hobi","6":"product_cat-hobi","7":"pa_cilt-ciltsiz","8":"pa_tur-kitap","9":"pa_yayinevi-tudem-yayinlari","10":"pa_yazar-m-banu-aksoy-yildiray-karakiya","12":"first","13":"instock","14":"sale","15":"shipping-taxable","16":"purchasable","17":"product-type-simple"},"_links":{"self":[{"href":"https:\/\/roveyayinevi.com.tr\/index.php\/wp-json\/wp\/v2\/product\/734897","targetHints":{"allow":["GET"]}}],"collection":[{"href":"https:\/\/roveyayinevi.com.tr\/index.php\/wp-json\/wp\/v2\/product"}],"about":[{"href":"https:\/\/roveyayinevi.com.tr\/index.php\/wp-json\/wp\/v2\/types\/product"}],"wp:attachment":[{"href":"https:\/\/roveyayinevi.com.tr\/index.php\/wp-json\/wp\/v2\/media?parent=734897"}],"wp:term":[{"taxonomy":"product_brand","embeddable":true,"href":"https:\/\/roveyayinevi.com.tr\/index.php\/wp-json\/wp\/v2\/product_brand?post=734897"},{"taxonomy":"product_cat","embeddable":true,"href":"https:\/\/roveyayinevi.com.tr\/index.php\/wp-json\/wp\/v2\/product_cat?post=734897"},{"taxonomy":"product_tag","embeddable":true,"href":"https:\/\/roveyayinevi.com.tr\/index.php\/wp-json\/wp\/v2\/product_tag?post=734897"}],"curies":[{"name":"wp","href":"https:\/\/api.w.org\/{rel}","templated":true}]}}