{"id":734896,"date":"2025-08-27T22:36:46","date_gmt":"2025-08-27T19:36:46","guid":{"rendered":"https:\/\/roveyayinevi.com.tr\/index.php\/urun\/esrarengiz-ogrencinin-gunlugu-hiper-cemil-5\/"},"modified":"2026-04-16T02:42:53","modified_gmt":"2026-04-15T23:42:53","slug":"esrarengiz-ogrencinin-gunlugu-hiper-cemil-5","status":"publish","type":"product","link":"https:\/\/roveyayinevi.com.tr\/index.php\/urun\/esrarengiz-ogrencinin-gunlugu-hiper-cemil-5\/","title":{"rendered":"Esrarengiz \u00d6\u011frencinin G\u00fcnl\u00fc\u011f\u00fc &#8211; Hiper Cemil 5"},"content":{"rendered":"<p>Arkada\u015flar, \u201cDertsiz ba\u015f olmaz.\u201d diye bir deyim var, biliyorsunuz de\u011fil mi? Hah, i\u015fte o deyimi s\u00f6yleyen ki\u015fi, kesin benim h\u00e2lime bak\u0131p da s\u00f6ylemi\u015ftir. \u00c7\u00fcnk\u00fc bu aralar ba\u015f\u0131m dertten kurtulmuyor. S\u0131n\u0131f\u0131m\u0131za esrarengiz bir \u00f6\u011frencinin gelmesiyle okuldaki t\u00fcm dengeler bir anda de\u011fi\u015fti. Bilin bakal\u0131m bu esrarengiz \u00f6\u011frenci, okulda en \u00e7ok kiminle u\u011fra\u015fmay\u0131 sevdi? Tabii ki benimle! Bu esrarengiz \u00f6\u011frenci y\u00fcz\u00fcnden bir bilseniz ba\u015f\u0131ma neler geldi neler! Garip davran\u0131\u015flar\u0131yla sadece beni de\u011fil, okuldaki herkesi can\u0131ndan bezdirdi. \u0130\u015fin i\u00e7ine bir de Cing\u00f6z \u015einasi eklenince, ortal\u0131k tam bir curcunaya d\u00f6nd\u00fc. En iyisi siz kitab\u0131 bir an \u00f6nce okuyun. Bakal\u0131m, esrarengiz \u00f6\u011frencinin garip davran\u0131\u015flar\u0131n\u0131n s\u0131rr\u0131n\u0131 siz \u00e7\u00f6zebilecek misiniz? <\/p>\n","protected":false},"excerpt":{"rendered":"<p>Arkada\u015flar, \u201cDertsiz ba\u015f olmaz.\u201d diye bir deyim var, biliyorsunuz de\u011fil mi? Hah, i\u015fte o deyimi s\u00f6yleyen ki\u015fi, kesin benim h\u00e2lime bak\u0131p da s\u00f6ylemi\u015ftir. \u00c7\u00fcnk\u00fc bu aralar<span class=\"excerpt-hellip\"> [\u2026]<\/span><\/p>\n","protected":false},"featured_media":0,"template":"","meta":{"_monsterinsights_skip_tracking":false,"_monsterinsights_sitenote_active":false,"_monsterinsights_sitenote_note":"","_monsterinsights_sitenote_category":0},"product_brand":[],"product_cat":[12275,12274],"product_tag":[],"class_list":{"0":"post-734896","1":"product","2":"type-product","3":"status-publish","5":"product_cat-6-12-yas-kitaplari","6":"product_cat-cocuk-ve-genclik-kitaplari","7":"pa_cilt-ciltsiz","8":"pa_tur-kitap","9":"pa_yayinevi-genc-hayat","10":"pa_yazar-mustafa-kemal-celik","12":"first","13":"instock","14":"sale","15":"shipping-taxable","16":"purchasable","17":"product-type-simple"},"_links":{"self":[{"href":"https:\/\/roveyayinevi.com.tr\/index.php\/wp-json\/wp\/v2\/product\/734896","targetHints":{"allow":["GET"]}}],"collection":[{"href":"https:\/\/roveyayinevi.com.tr\/index.php\/wp-json\/wp\/v2\/product"}],"about":[{"href":"https:\/\/roveyayinevi.com.tr\/index.php\/wp-json\/wp\/v2\/types\/product"}],"wp:attachment":[{"href":"https:\/\/roveyayinevi.com.tr\/index.php\/wp-json\/wp\/v2\/media?parent=734896"}],"wp:term":[{"taxonomy":"product_brand","embeddable":true,"href":"https:\/\/roveyayinevi.com.tr\/index.php\/wp-json\/wp\/v2\/product_brand?post=734896"},{"taxonomy":"product_cat","embeddable":true,"href":"https:\/\/roveyayinevi.com.tr\/index.php\/wp-json\/wp\/v2\/product_cat?post=734896"},{"taxonomy":"product_tag","embeddable":true,"href":"https:\/\/roveyayinevi.com.tr\/index.php\/wp-json\/wp\/v2\/product_tag?post=734896"}],"curies":[{"name":"wp","href":"https:\/\/api.w.org\/{rel}","templated":true}]}}