{"id":734894,"date":"2025-08-27T22:36:44","date_gmt":"2025-08-27T19:36:44","guid":{"rendered":"https:\/\/roveyayinevi.com.tr\/index.php\/urun\/kripto-varliklar-ile-ilgili-uluslararasi-ve-ulusal-yaklasimlar\/"},"modified":"2026-04-16T02:42:53","modified_gmt":"2026-04-15T23:42:53","slug":"kripto-varliklar-ile-ilgili-uluslararasi-ve-ulusal-yaklasimlar","status":"publish","type":"product","link":"https:\/\/roveyayinevi.com.tr\/index.php\/urun\/kripto-varliklar-ile-ilgili-uluslararasi-ve-ulusal-yaklasimlar\/","title":{"rendered":"Kripto Varl\u0131klar \u0130le \u0130lgili Uluslararas\u0131 ve Ulusal Yakla\u015f\u0131mlar"},"content":{"rendered":"<p>1.BLOKZ\u0130NC\u0130R TEKNOLOJ\u0130S\u0130 VE KR\u0130PTO VARLIKLARA GENEL BAKI\u015e 1.1.   Blokzincir Teknolojisi ve Da\u011f\u0131t\u0131lm\u0131\u015f Defter Teknolojisi Kavramlar\u0131 1.2.   Dijital Varl\u0131k Kavram\u0131 1.3.   Kripto Varl\u0131k Kavram\u0131 2. KR\u0130PTO VARLIKLAR \u0130LE \u0130LG\u0130L\u0130 ULUSLARARASI YAKLA\u015eIMLAR 2.1.   \u00dclkelerin Kripto Varl\u0131klar \u0130le \u0130lgili Genel Yakla\u015f\u0131mlar\u0131 2.2.   \u00dclkelerin Kripto Varl\u0131klar \u0130le \u0130lgili Vergilendirme Yakla\u015f\u0131mlar\u0131 2.3.   Uluslararas\u0131 Denetime ve Finansal Sisteme \u0130li\u015fkin D\u00fczenleyici Kurulu\u015flar\u0131n Kripto Varl\u0131klar \u0130le \u0130lgili Yakla\u015f\u0131mlar\u0131 2.4.   Uluslararas\u0131 Muhasebeye \u0130li\u015fkin D\u00fczenleyici Kurulu\u015flar\u0131n Kripto Varl\u0131klar \u0130le \u0130lgili Yakla\u015f\u0131mlar\u0131 2.5.   Yakla\u015f\u0131mlar\u0131n Analizi 3.KR\u0130PTO VARLIKLAR \u0130LE \u0130LG\u0130L\u0130 T\u00dcRK\u0130YE\u2019DEK\u0130 YAKLA\u015eIMLAR 3.1T\u00fcrkiye\u2019deki D\u00fczenleyici Kurulu\u015flar\u0131n Kripto Varl\u0131klar \u0130le \u0130lgili Genel Yakla\u015f\u0131mlar\u0131<\/p>\n","protected":false},"excerpt":{"rendered":"<p>1.BLOKZ\u0130NC\u0130R TEKNOLOJ\u0130S\u0130 VE KR\u0130PTO VARLIKLARA GENEL BAKI\u015e 1.1. Blokzincir Teknolojisi ve Da\u011f\u0131t\u0131lm\u0131\u015f Defter Teknolojisi Kavramlar\u0131 1.2. Dijital Varl\u0131k Kavram\u0131 1.3. Kripto Varl\u0131k Kavram\u0131 2. KR\u0130PTO VARLIKLAR<span class=\"excerpt-hellip\"> [\u2026]<\/span><\/p>\n","protected":false},"featured_media":0,"template":"","meta":{"_monsterinsights_skip_tracking":false,"_monsterinsights_sitenote_active":false,"_monsterinsights_sitenote_note":"","_monsterinsights_sitenote_category":0},"product_brand":[],"product_cat":[13043,14381],"product_tag":[],"class_list":{"0":"post-734894","1":"product","2":"type-product","3":"status-publish","5":"product_cat-ekonomi","6":"product_cat-isletme-muhasebe-maliye","7":"pa_cilt-ciltsiz","8":"pa_tur-kitap","9":"pa_yayinevi-gazi-kitabevi","10":"pa_yazar-aysegul-ciger-ahmet-tili","12":"first","13":"instock","14":"sale","15":"shipping-taxable","16":"purchasable","17":"product-type-simple"},"_links":{"self":[{"href":"https:\/\/roveyayinevi.com.tr\/index.php\/wp-json\/wp\/v2\/product\/734894","targetHints":{"allow":["GET"]}}],"collection":[{"href":"https:\/\/roveyayinevi.com.tr\/index.php\/wp-json\/wp\/v2\/product"}],"about":[{"href":"https:\/\/roveyayinevi.com.tr\/index.php\/wp-json\/wp\/v2\/types\/product"}],"wp:attachment":[{"href":"https:\/\/roveyayinevi.com.tr\/index.php\/wp-json\/wp\/v2\/media?parent=734894"}],"wp:term":[{"taxonomy":"product_brand","embeddable":true,"href":"https:\/\/roveyayinevi.com.tr\/index.php\/wp-json\/wp\/v2\/product_brand?post=734894"},{"taxonomy":"product_cat","embeddable":true,"href":"https:\/\/roveyayinevi.com.tr\/index.php\/wp-json\/wp\/v2\/product_cat?post=734894"},{"taxonomy":"product_tag","embeddable":true,"href":"https:\/\/roveyayinevi.com.tr\/index.php\/wp-json\/wp\/v2\/product_tag?post=734894"}],"curies":[{"name":"wp","href":"https:\/\/api.w.org\/{rel}","templated":true}]}}