{"id":734893,"date":"2025-08-27T22:36:43","date_gmt":"2025-08-27T19:36:43","guid":{"rendered":"https:\/\/roveyayinevi.com.tr\/index.php\/urun\/para-politikasinda-guncel-tartismalar\/"},"modified":"2026-04-16T02:42:53","modified_gmt":"2026-04-15T23:42:53","slug":"para-politikasinda-guncel-tartismalar","status":"publish","type":"product","link":"https:\/\/roveyayinevi.com.tr\/index.php\/urun\/para-politikasinda-guncel-tartismalar\/","title":{"rendered":"Para Politikas\u0131nda G\u00fcncel Tart\u0131\u015fmalar"},"content":{"rendered":"<p>1.      PARASAL AKTARIM KANALLARININ ETK\u0130NL\u0130\u011e\u0130N\u0130 BEL\u0130RLEYEN FAKT\u00d6RLER 2.      T\u00dcRK\u0130YE EKONOM\u0130S\u0130 A\u00c7ISINDAN PARA POL\u0130T\u0130KASININ SEKT\u00d6REL ETK\u0130LER\u0130 3.      MERKEZ BANKASI BA\u011eIMSIZLI\u011eI VE \u00d6NEM\u0130 4.      PARA POL\u0130T\u0130KASI VE MAL\u0130YE POL\u0130T\u0130KASI \u0130L\u0130\u015eK\u0130S\u0130 5.      PARA POL\u0130T\u0130KASI-D\u00d6V\u0130Z KURU-ENFLASYON 6.      PARA POL\u0130T\u0130KASI, EMT\u0130A F\u0130YATLARI VE ENFLASYON \u0130L\u0130\u015eK\u0130S\u0130 7.      B\u00dcY\u00dcK \u00dcLKE PARA POL\u0130T\u0130KASININ K\u00dc\u00c7\u00dcK A\u00c7IK EKONOM\u0130LER \u00dcZER\u0130NDEK\u0130 ETK\u0130LER\u0130: AVRUPA MERKEZ BANKASI-T\u00dcRK\u0130YE \u00d6RNE\u011e\u0130 8.      FORWARD GU\u0130DANCE -\u0130LER\u0130YE D\u00d6N\u00dcK REHBERL\u0130K- S\u00d6ZLE Y\u00d6NLEND\u0130RME <\/p>\n","protected":false},"excerpt":{"rendered":"<p>1. PARASAL AKTARIM KANALLARININ ETK\u0130NL\u0130\u011e\u0130N\u0130 BEL\u0130RLEYEN FAKT\u00d6RLER 2. T\u00dcRK\u0130YE EKONOM\u0130S\u0130 A\u00c7ISINDAN PARA POL\u0130T\u0130KASININ SEKT\u00d6REL ETK\u0130LER\u0130 3. MERKEZ BANKASI BA\u011eIMSIZLI\u011eI VE \u00d6NEM\u0130 4. PARA POL\u0130T\u0130KASI VE MAL\u0130YE<span class=\"excerpt-hellip\"> [\u2026]<\/span><\/p>\n","protected":false},"featured_media":0,"template":"","meta":{"_monsterinsights_skip_tracking":false,"_monsterinsights_sitenote_active":false,"_monsterinsights_sitenote_note":"","_monsterinsights_sitenote_category":0},"product_brand":[],"product_cat":[20333,13043],"product_tag":[],"class_list":{"0":"post-734893","1":"product","2":"type-product","3":"status-publish","5":"product_cat-diger-ekonomi","6":"product_cat-ekonomi","7":"pa_cilt-ciltsiz","8":"pa_tur-kitap","9":"pa_yayinevi-gazi-kitabevi","10":"pa_yazar-musa-bayir-huseyin-guvenoglu","12":"first","13":"instock","14":"sale","15":"shipping-taxable","16":"purchasable","17":"product-type-simple"},"_links":{"self":[{"href":"https:\/\/roveyayinevi.com.tr\/index.php\/wp-json\/wp\/v2\/product\/734893","targetHints":{"allow":["GET"]}}],"collection":[{"href":"https:\/\/roveyayinevi.com.tr\/index.php\/wp-json\/wp\/v2\/product"}],"about":[{"href":"https:\/\/roveyayinevi.com.tr\/index.php\/wp-json\/wp\/v2\/types\/product"}],"wp:attachment":[{"href":"https:\/\/roveyayinevi.com.tr\/index.php\/wp-json\/wp\/v2\/media?parent=734893"}],"wp:term":[{"taxonomy":"product_brand","embeddable":true,"href":"https:\/\/roveyayinevi.com.tr\/index.php\/wp-json\/wp\/v2\/product_brand?post=734893"},{"taxonomy":"product_cat","embeddable":true,"href":"https:\/\/roveyayinevi.com.tr\/index.php\/wp-json\/wp\/v2\/product_cat?post=734893"},{"taxonomy":"product_tag","embeddable":true,"href":"https:\/\/roveyayinevi.com.tr\/index.php\/wp-json\/wp\/v2\/product_tag?post=734893"}],"curies":[{"name":"wp","href":"https:\/\/api.w.org\/{rel}","templated":true}]}}