{"id":734892,"date":"2025-08-27T22:36:43","date_gmt":"2025-08-27T19:36:43","guid":{"rendered":"https:\/\/roveyayinevi.com.tr\/index.php\/urun\/atletizmin-stres-atilganlik-ve-sportmenlik-ile-iliskisi\/"},"modified":"2026-04-16T02:42:53","modified_gmt":"2026-04-15T23:42:53","slug":"atletizmin-stres-atilganlik-ve-sportmenlik-ile-iliskisi","status":"publish","type":"product","link":"https:\/\/roveyayinevi.com.tr\/index.php\/urun\/atletizmin-stres-atilganlik-ve-sportmenlik-ile-iliskisi\/","title":{"rendered":"Atletizmin Stres, At\u0131lganl\u0131k ve Sportmenlik \u0130le \u0130li\u015fkisi"},"content":{"rendered":"<p>1. B\u00d6L\u00dcM: G\u0130R\u0130\u015e ve AMA\u00c7 2. B\u00d6L\u00dcM: GENEL B\u0130LG\u0130LER 2.1.   Spor 2.2.   Atletizm 2.3.   Stres 2.4.   At\u0131lganl\u0131k 2.5.   Sportmenlik 3.      B\u00d6L\u00dcM: GERE\u00c7 VE Y\u00d6NTEM 3.1.   Ara\u015ft\u0131rman\u0131n Amac\u0131 3.2.   Ara\u015ft\u0131rman\u0131n Modeli 3.3.   Ara\u015ft\u0131rman\u0131n Yap\u0131ld\u0131\u011f\u0131 Yer ve Tarihi 3.4.   Ara\u015ft\u0131rman\u0131n Evreni ve \u00d6rneklemi 3.5.   Verilerin Toplanmas\u0131 3.6.   Veri Toplama Ara\u00e7lar\u0131 3.7.   Verilerin Analizi 3.8.   \u00c7al\u0131\u015fman\u0131n Varsay\u0131mlar\u0131 3.9.   \u00c7al\u0131\u015fman\u0131n S\u0131n\u0131rl\u0131l\u0131klar\u0131 3.10.  \u00c7al\u0131\u015fman\u0131n Hipotezleri 4. B\u00d6L\u00dcM: BULGULAR 5. B\u00d6L\u00dcM: TARTI\u015eMA VE SONU\u00c7 5.1.   Tart\u0131\u015fma Sonu\u00e7lar<\/p>\n","protected":false},"excerpt":{"rendered":"<p>1. B\u00d6L\u00dcM: G\u0130R\u0130\u015e ve AMA\u00c7 2. B\u00d6L\u00dcM: GENEL B\u0130LG\u0130LER 2.1. Spor 2.2. Atletizm 2.3. Stres 2.4. At\u0131lganl\u0131k 2.5. Sportmenlik 3. B\u00d6L\u00dcM: GERE\u00c7 VE Y\u00d6NTEM 3.1. Ara\u015ft\u0131rman\u0131n<span class=\"excerpt-hellip\"> [\u2026]<\/span><\/p>\n","protected":false},"featured_media":0,"template":"","meta":{"_monsterinsights_skip_tracking":false,"_monsterinsights_sitenote_active":false,"_monsterinsights_sitenote_note":"","_monsterinsights_sitenote_category":0},"product_brand":[],"product_cat":[15563,15564],"product_tag":[],"class_list":{"0":"post-734892","1":"product","2":"type-product","3":"status-publish","5":"product_cat-hobi","6":"product_cat-spor","7":"pa_cilt-ciltsiz","8":"pa_tur-kitap","9":"pa_yayinevi-gazi-kitabevi","10":"pa_yazar-engin-efek","12":"first","13":"instock","14":"sale","15":"shipping-taxable","16":"purchasable","17":"product-type-simple"},"_links":{"self":[{"href":"https:\/\/roveyayinevi.com.tr\/index.php\/wp-json\/wp\/v2\/product\/734892","targetHints":{"allow":["GET"]}}],"collection":[{"href":"https:\/\/roveyayinevi.com.tr\/index.php\/wp-json\/wp\/v2\/product"}],"about":[{"href":"https:\/\/roveyayinevi.com.tr\/index.php\/wp-json\/wp\/v2\/types\/product"}],"wp:attachment":[{"href":"https:\/\/roveyayinevi.com.tr\/index.php\/wp-json\/wp\/v2\/media?parent=734892"}],"wp:term":[{"taxonomy":"product_brand","embeddable":true,"href":"https:\/\/roveyayinevi.com.tr\/index.php\/wp-json\/wp\/v2\/product_brand?post=734892"},{"taxonomy":"product_cat","embeddable":true,"href":"https:\/\/roveyayinevi.com.tr\/index.php\/wp-json\/wp\/v2\/product_cat?post=734892"},{"taxonomy":"product_tag","embeddable":true,"href":"https:\/\/roveyayinevi.com.tr\/index.php\/wp-json\/wp\/v2\/product_tag?post=734892"}],"curies":[{"name":"wp","href":"https:\/\/api.w.org\/{rel}","templated":true}]}}