{"id":734891,"date":"2025-08-27T22:36:42","date_gmt":"2025-08-27T19:36:42","guid":{"rendered":"https:\/\/roveyayinevi.com.tr\/index.php\/urun\/canli-dersler-ve-etkilesim\/"},"modified":"2026-04-16T02:42:53","modified_gmt":"2026-04-15T23:42:53","slug":"canli-dersler-ve-etkilesim","status":"publish","type":"product","link":"https:\/\/roveyayinevi.com.tr\/index.php\/urun\/canli-dersler-ve-etkilesim\/","title":{"rendered":"Canl\u0131 Dersler ve Etkile\u015fim"},"content":{"rendered":"<p>1.      B\u0130R\u0130NC\u0130 B\u00d6L\u00dcM 1.1.   G\u0130R\u0130\u015e 2.      \u0130K\u0130NC\u0130 B\u00d6L\u00dcM 2.1.   KURAMSAL \u00c7ER\u00c7EVE VE \u0130LG\u0130L\u0130 ARA\u015eTIRMALAR 3.      \u00dc\u00c7\u00dcNC\u00dc B\u00d6L\u00dcM 3.1.   Y\u00d6NTEM 4.      D\u00d6RD\u00dcNC\u00dc B\u00d6L\u00dcM 4.1.   BULGULAR 5.      BE\u015e\u0130NC\u0130 B\u00d6L\u00dcM 5.1.   SONU\u00c7 ve TARTI\u015eMA<\/p>\n","protected":false},"excerpt":{"rendered":"<p>1. B\u0130R\u0130NC\u0130 B\u00d6L\u00dcM 1.1. G\u0130R\u0130\u015e 2. \u0130K\u0130NC\u0130 B\u00d6L\u00dcM 2.1. KURAMSAL \u00c7ER\u00c7EVE VE \u0130LG\u0130L\u0130 ARA\u015eTIRMALAR 3. \u00dc\u00c7\u00dcNC\u00dc B\u00d6L\u00dcM 3.1. Y\u00d6NTEM 4. D\u00d6RD\u00dcNC\u00dc B\u00d6L\u00dcM 4.1. BULGULAR 5. BE\u015e\u0130NC\u0130<span class=\"excerpt-hellip\"> [\u2026]<\/span><\/p>\n","protected":false},"featured_media":0,"template":"","meta":{"_monsterinsights_skip_tracking":false,"_monsterinsights_sitenote_active":false,"_monsterinsights_sitenote_note":"","_monsterinsights_sitenote_category":0},"product_brand":[],"product_cat":[13005,40995],"product_tag":[],"class_list":{"0":"post-734891","1":"product","2":"type-product","3":"status-publish","5":"product_cat-bilim-muhendislik","6":"product_cat-sosyal-bilimler","7":"pa_cilt-ciltsiz","8":"pa_tur-kitap","9":"pa_yayinevi-gazi-kitabevi","10":"pa_yazar-guler-erkal-karaman","12":"first","13":"instock","14":"sale","15":"shipping-taxable","16":"purchasable","17":"product-type-simple"},"_links":{"self":[{"href":"https:\/\/roveyayinevi.com.tr\/index.php\/wp-json\/wp\/v2\/product\/734891","targetHints":{"allow":["GET"]}}],"collection":[{"href":"https:\/\/roveyayinevi.com.tr\/index.php\/wp-json\/wp\/v2\/product"}],"about":[{"href":"https:\/\/roveyayinevi.com.tr\/index.php\/wp-json\/wp\/v2\/types\/product"}],"wp:attachment":[{"href":"https:\/\/roveyayinevi.com.tr\/index.php\/wp-json\/wp\/v2\/media?parent=734891"}],"wp:term":[{"taxonomy":"product_brand","embeddable":true,"href":"https:\/\/roveyayinevi.com.tr\/index.php\/wp-json\/wp\/v2\/product_brand?post=734891"},{"taxonomy":"product_cat","embeddable":true,"href":"https:\/\/roveyayinevi.com.tr\/index.php\/wp-json\/wp\/v2\/product_cat?post=734891"},{"taxonomy":"product_tag","embeddable":true,"href":"https:\/\/roveyayinevi.com.tr\/index.php\/wp-json\/wp\/v2\/product_tag?post=734891"}],"curies":[{"name":"wp","href":"https:\/\/api.w.org\/{rel}","templated":true}]}}