{"id":734889,"date":"2025-08-27T22:36:40","date_gmt":"2025-08-27T19:36:40","guid":{"rendered":"https:\/\/roveyayinevi.com.tr\/index.php\/urun\/siyasal-dusuncelerin-toplumsal-tarihi-2\/"},"modified":"2026-04-16T02:42:53","modified_gmt":"2026-04-15T23:42:53","slug":"siyasal-dusuncelerin-toplumsal-tarihi-2","status":"publish","type":"product","link":"https:\/\/roveyayinevi.com.tr\/index.php\/urun\/siyasal-dusuncelerin-toplumsal-tarihi-2\/","title":{"rendered":"Siyasal D\u00fc\u015f\u00fcncelerin Toplumsal Tarihi 2"},"content":{"rendered":"<p>Uzun y\u0131llar\u0131n\u0131 siyasal d\u00fc\u015f\u00fcnce tarihi \u00fczerinde \u00e7al\u0131\u015farak ve ders vererek ge\u00e7iren Do\u00e7. Dr. Ate\u015f Uslu\u2019nun on y\u0131ll\u0131k eme\u011finin \u00fcr\u00fcn\u00fc olan Siyasal D\u00fc\u015f\u00fcncelerin Toplumsal Tarihi, okurlar\u0131 d\u00fc\u015f\u00fcnce tarihinde be\u015f bin y\u0131ll\u0131k heyecanl\u0131 bir yolculu\u011fa \u00e7\u0131kar\u0131yor. Uslu, kimisi \u00e7o\u011funlukla \u201cb\u00fcy\u00fck\u201d olarak addedilen, kimisiyse ad\u0131 pek az kimse taraf\u0131ndan hat\u0131rlanan say\u0131s\u0131z d\u00fc\u015f\u00fcn\u00fcr\u00fc ele ald\u0131\u011f\u0131 \u00fc\u00e7 ciltlik kapsaml\u0131 yap\u0131tta, M.\u00d6. 3000\u2019den ba\u015fl\u0131yor ve M.S. 20. y\u00fczy\u0131la kadar siyasal d\u00fc\u015f\u00fcncelerin izini s\u00fcr\u00fcyor. Bunu yaparken yaln\u0131zca siyaset felsefesi metinlerini de\u011fil, \u015fiir, destan, tiyatro oyunu ve s\u00f6ylev gibi ba\u015fka pek \u00e7ok t\u00fcrden metni de irdeliyor. \u201c\u00d6zg\u00fcrl\u00fck, G\u00fcvenlik ve Birey\u201d alt ba\u015fl\u0131\u011f\u0131n\u0131 ta\u015f\u0131yan ve 1300 y\u0131l\u0131ndan anlat\u0131s\u0131na ba\u015flayan bu ikinci cilt, Avrupa\u2019dan \u0130slam d\u00fcnyas\u0131na, Birle\u015fik Krall\u0131k\u2019tan Do\u011fu ve G\u00fcneydo\u011fu Asya topraklar\u0131na pek \u00e7ok u\u011fra\u011fa ve t\u00fcm bu u\u011fraklarda geli\u015fen d\u00fc\u015f\u00fcncelere, \u00fcretim ve y\u00f6netim bi\u00e7imlerine uzanan yolculu\u011funu 1789\u2019da sonland\u0131r\u0131yor. Siyasal D\u00fc\u015f\u00fcncelerin Toplumsal Tarihi, her d\u00f6nemin kendi i\u00e7inde birtak\u0131m de\u011fi\u015fkenleri olmas\u0131yla birlikte siyasal d\u00fc\u015f\u00fcnceler tarihinin b\u00fcy\u00fck bir etkile\u015fimler dizgesi niteli\u011fi ta\u015f\u0131d\u0131\u011f\u0131n\u0131 g\u00f6steriyor. Hem siyasal d\u00fc\u015f\u00fcnce tarihi ve siyaset felsefesi gibi alanlarda ders alan \u00f6\u011frenciler hem de insanl\u0131\u011f\u0131n uzun d\u00fc\u015f\u00fcnce yolculu\u011fu hakk\u0131nda derli toplu bilgi edinmek isteyen okurlar i\u00e7in temel bir ba\u015fvuru kayna\u011f\u0131.<\/p>\n","protected":false},"excerpt":{"rendered":"<p>Uzun y\u0131llar\u0131n\u0131 siyasal d\u00fc\u015f\u00fcnce tarihi \u00fczerinde \u00e7al\u0131\u015farak ve ders vererek ge\u00e7iren Do\u00e7. Dr. Ate\u015f Uslu\u2019nun on y\u0131ll\u0131k eme\u011finin \u00fcr\u00fcn\u00fc olan Siyasal D\u00fc\u015f\u00fcncelerin Toplumsal Tarihi, okurlar\u0131 d\u00fc\u015f\u00fcnce<span class=\"excerpt-hellip\"> [\u2026]<\/span><\/p>\n","protected":false},"featured_media":0,"template":"","meta":{"_monsterinsights_skip_tracking":false,"_monsterinsights_sitenote_active":false,"_monsterinsights_sitenote_note":"","_monsterinsights_sitenote_category":0},"product_brand":[],"product_cat":[12388,14717],"product_tag":[],"class_list":{"0":"post-734889","1":"product","2":"type-product","3":"status-publish","5":"product_cat-felsefe","6":"product_cat-felsefe-tarihi","7":"pa_cilt-ciltsiz","8":"pa_tur-kitap","9":"pa_yayinevi-yordam-kitap","10":"pa_yazar-ates-uslu","12":"first","13":"instock","14":"sale","15":"shipping-taxable","16":"purchasable","17":"product-type-simple"},"_links":{"self":[{"href":"https:\/\/roveyayinevi.com.tr\/index.php\/wp-json\/wp\/v2\/product\/734889","targetHints":{"allow":["GET"]}}],"collection":[{"href":"https:\/\/roveyayinevi.com.tr\/index.php\/wp-json\/wp\/v2\/product"}],"about":[{"href":"https:\/\/roveyayinevi.com.tr\/index.php\/wp-json\/wp\/v2\/types\/product"}],"wp:attachment":[{"href":"https:\/\/roveyayinevi.com.tr\/index.php\/wp-json\/wp\/v2\/media?parent=734889"}],"wp:term":[{"taxonomy":"product_brand","embeddable":true,"href":"https:\/\/roveyayinevi.com.tr\/index.php\/wp-json\/wp\/v2\/product_brand?post=734889"},{"taxonomy":"product_cat","embeddable":true,"href":"https:\/\/roveyayinevi.com.tr\/index.php\/wp-json\/wp\/v2\/product_cat?post=734889"},{"taxonomy":"product_tag","embeddable":true,"href":"https:\/\/roveyayinevi.com.tr\/index.php\/wp-json\/wp\/v2\/product_tag?post=734889"}],"curies":[{"name":"wp","href":"https:\/\/api.w.org\/{rel}","templated":true}]}}