{"id":734887,"date":"2025-08-27T22:36:39","date_gmt":"2025-08-27T19:36:39","guid":{"rendered":"https:\/\/roveyayinevi.com.tr\/index.php\/urun\/evrenin-yolculugu\/"},"modified":"2026-04-16T02:42:53","modified_gmt":"2026-04-15T23:42:53","slug":"evrenin-yolculugu","status":"publish","type":"product","link":"https:\/\/roveyayinevi.com.tr\/index.php\/urun\/evrenin-yolculugu\/","title":{"rendered":"Evrenin Yolculu\u011fu"},"content":{"rendered":"<p>Bu kitap, kozmosun, yery\u00fcz\u00fcn\u00fcn ve insan\u0131n muazzam yolculu\u011funu anlatmaktad\u0131r. Her bir par\u00e7as\u0131 ilham verici ve birbirine ba\u011fl\u0131 bir yolculuktur bu.  Milyarlarca galaksinin i\u00e7inde trilyonlarca y\u0131ld\u0131zdan sadece biri olan G\u00fcne\u015f\u2019in y\u00f6r\u00fcngesinde d\u00f6nen bir gezegende ya\u015f\u0131yoruz; \u00fcstelik ayn\u0131 doku, ayn\u0131 kuma\u015f ve ayn\u0131 yarat\u0131c\u0131l\u0131k hik\u00e2yesinin i\u00e7erisinde. Bug\u00fcn biliyoruz ki evren, \u00e7ok k\u00fc\u00e7\u00fck bir par\u00e7ac\u0131k olarak ba\u015flay\u0131p zaman i\u00e7inde galaksilere, y\u0131ld\u0131zlara, palmiyelere, pelikanlara, insanlara ve Bach\u2019\u0131n bestelerine d\u00f6n\u00fc\u015fen \u00e7ok b\u00fcy\u00fck bir enerji olay\u0131d\u0131r. B\u00f6yle bir ihti\u015famla ku\u015fat\u0131lm\u0131\u015fken bu kitap basit birka\u00e7 sorunun ard\u0131na d\u00fc\u015f\u00fcyor: Evren nas\u0131l olu\u015ftu? Peki ya y\u0131ld\u0131zlar? Nereden geldik, bir maymundan ya da bir bal\u0131ktan m\u0131? Ya\u015fam nas\u0131l beliriverdi? K\u0131sacas\u0131 bu, insan\u0131n ve evrenin yolculu\u011funun \u00f6yk\u00fcs\u00fcd\u00fcr.<\/p>\n","protected":false},"excerpt":{"rendered":"<p>Bu kitap, kozmosun, yery\u00fcz\u00fcn\u00fcn ve insan\u0131n muazzam yolculu\u011funu anlatmaktad\u0131r. Her bir par\u00e7as\u0131 ilham verici ve birbirine ba\u011fl\u0131 bir yolculuktur bu. Milyarlarca galaksinin i\u00e7inde trilyonlarca y\u0131ld\u0131zdan sadece<span class=\"excerpt-hellip\"> [\u2026]<\/span><\/p>\n","protected":false},"featured_media":0,"template":"","meta":{"_monsterinsights_skip_tracking":false,"_monsterinsights_sitenote_active":false,"_monsterinsights_sitenote_note":"","_monsterinsights_sitenote_category":0},"product_brand":[],"product_cat":[43754,13005],"product_tag":[],"class_list":{"0":"post-734887","1":"product","2":"type-product","3":"status-publish","5":"product_cat-astronomi","6":"product_cat-bilim-muhendislik","7":"pa_cilt-ciltsiz","8":"pa_tur-kitap","9":"pa_yayinevi-fol-kitap","10":"pa_yazar-brian-thomas-swimme-mary-evelyn-tucker","12":"first","13":"instock","14":"sale","15":"shipping-taxable","16":"purchasable","17":"product-type-simple"},"_links":{"self":[{"href":"https:\/\/roveyayinevi.com.tr\/index.php\/wp-json\/wp\/v2\/product\/734887","targetHints":{"allow":["GET"]}}],"collection":[{"href":"https:\/\/roveyayinevi.com.tr\/index.php\/wp-json\/wp\/v2\/product"}],"about":[{"href":"https:\/\/roveyayinevi.com.tr\/index.php\/wp-json\/wp\/v2\/types\/product"}],"wp:attachment":[{"href":"https:\/\/roveyayinevi.com.tr\/index.php\/wp-json\/wp\/v2\/media?parent=734887"}],"wp:term":[{"taxonomy":"product_brand","embeddable":true,"href":"https:\/\/roveyayinevi.com.tr\/index.php\/wp-json\/wp\/v2\/product_brand?post=734887"},{"taxonomy":"product_cat","embeddable":true,"href":"https:\/\/roveyayinevi.com.tr\/index.php\/wp-json\/wp\/v2\/product_cat?post=734887"},{"taxonomy":"product_tag","embeddable":true,"href":"https:\/\/roveyayinevi.com.tr\/index.php\/wp-json\/wp\/v2\/product_tag?post=734887"}],"curies":[{"name":"wp","href":"https:\/\/api.w.org\/{rel}","templated":true}]}}