{"id":734886,"date":"2025-08-27T22:36:38","date_gmt":"2025-08-27T19:36:38","guid":{"rendered":"https:\/\/roveyayinevi.com.tr\/index.php\/urun\/bir-sayi-tut\/"},"modified":"2026-04-16T02:42:53","modified_gmt":"2026-04-15T23:42:53","slug":"bir-sayi-tut","status":"publish","type":"product","link":"https:\/\/roveyayinevi.com.tr\/index.php\/urun\/bir-sayi-tut\/","title":{"rendered":"Bir Say\u0131 Tut"},"content":{"rendered":"<p>Bu kitap, say\u0131lar\u0131n b\u00fcy\u00fcleyici d\u00fcnyas\u0131na ad\u0131m atmaktad\u0131r. Kozalaklar\u0131n gizemli \u00f6r\u00fcnt\u00fclerinden, gizli \u015fifrelemelere, saat aritmeti\u011finden radyo astronomisine dek say\u0131lar\u0131n do\u011fayla ve ya\u015fam\u0131m\u0131zla kesi\u015fimlerine odaklanmaktad\u0131r. \u2022 D\u00fcnyaya bir seferde ya\u011fan dolular\u0131n say\u0131s\u0131 hesaplanabilir mi? \u2022 Naziler gizli yaz\u0131\u015fmalar\u0131n\u0131 nas\u0131l \u015fifreliyordu? \u2022 Alt\u0131n oran\u0131n M\u0131s\u0131r piramitlerinde bulunmas\u0131 uzayl\u0131lara m\u0131 i\u015faret? \u2022 Papatya fal\u0131n\u0131n Fibonacci say\u0131lar\u0131n\u0131n da\u011f\u0131l\u0131m\u0131yla i\u015fi ne? \u2022 Uzay\u0131n derinliklerinden gelen dalgalar\u0131 nas\u0131l \u00f6l\u00e7eriz?  Eukleides\u2019den Fibonacci Ailesine, Gauss\u2019tan Duijvestijn\u2019in kusursuz karesine, Loba\u00e7evski\u2019den Lorenz\u2019in kaos ve Einstein\u2019\u0131n g\u00f6relilik teorisine bu kitap, g\u00fcndelik hayat\u0131n matemati\u011fini anlamak isteyen okura k\u0131sa ve e\u011flenceli bir giri\u015f sunmaktad\u0131r. <\/p>\n","protected":false},"excerpt":{"rendered":"<p>Bu kitap, say\u0131lar\u0131n b\u00fcy\u00fcleyici d\u00fcnyas\u0131na ad\u0131m atmaktad\u0131r. Kozalaklar\u0131n gizemli \u00f6r\u00fcnt\u00fclerinden, gizli \u015fifrelemelere, saat aritmeti\u011finden radyo astronomisine dek say\u0131lar\u0131n do\u011fayla ve ya\u015fam\u0131m\u0131zla kesi\u015fimlerine odaklanmaktad\u0131r. \u2022 D\u00fcnyaya bir<span class=\"excerpt-hellip\"> [\u2026]<\/span><\/p>\n","protected":false},"featured_media":0,"template":"","meta":{"_monsterinsights_skip_tracking":false,"_monsterinsights_sitenote_active":false,"_monsterinsights_sitenote_note":"","_monsterinsights_sitenote_category":0},"product_brand":[],"product_cat":[13005,16724],"product_tag":[],"class_list":{"0":"post-734886","1":"product","2":"type-product","3":"status-publish","5":"product_cat-bilim-muhendislik","6":"product_cat-matematik","7":"pa_cilt-ciltsiz","8":"pa_tur-kitap","9":"pa_yayinevi-fol-kitap","10":"pa_yazar-malcolm-e-lines","12":"first","13":"instock","14":"sale","15":"shipping-taxable","16":"purchasable","17":"product-type-simple"},"_links":{"self":[{"href":"https:\/\/roveyayinevi.com.tr\/index.php\/wp-json\/wp\/v2\/product\/734886","targetHints":{"allow":["GET"]}}],"collection":[{"href":"https:\/\/roveyayinevi.com.tr\/index.php\/wp-json\/wp\/v2\/product"}],"about":[{"href":"https:\/\/roveyayinevi.com.tr\/index.php\/wp-json\/wp\/v2\/types\/product"}],"wp:attachment":[{"href":"https:\/\/roveyayinevi.com.tr\/index.php\/wp-json\/wp\/v2\/media?parent=734886"}],"wp:term":[{"taxonomy":"product_brand","embeddable":true,"href":"https:\/\/roveyayinevi.com.tr\/index.php\/wp-json\/wp\/v2\/product_brand?post=734886"},{"taxonomy":"product_cat","embeddable":true,"href":"https:\/\/roveyayinevi.com.tr\/index.php\/wp-json\/wp\/v2\/product_cat?post=734886"},{"taxonomy":"product_tag","embeddable":true,"href":"https:\/\/roveyayinevi.com.tr\/index.php\/wp-json\/wp\/v2\/product_tag?post=734886"}],"curies":[{"name":"wp","href":"https:\/\/api.w.org\/{rel}","templated":true}]}}